{"id":1823,"date":"2022-11-19T00:53:47","date_gmt":"2022-11-18T23:53:47","guid":{"rendered":"https:\/\/www.casangiorgio.com\/?page_id=1823"},"modified":"2022-11-19T00:53:47","modified_gmt":"2022-11-18T23:53:47","slug":"startseite","status":"publish","type":"page","link":"https:\/\/www.casangiorgio.com\/de\/startseite\/","title":{"rendered":"STARTSEITE"},"content":{"rendered":"<div   class='avia-fullscreen-slider main_color   avia-builder-el-0  el_before_av_section  avia-builder-el-first  container_wrap sidebar_right'  ><a href='#next-section' title='' class='scroll-down-link av-control-minimal' aria-hidden='true' data-av_icon='\ue877' data-av_iconfont='entypo-fontello'><\/a><div  class='avia-slideshow av-381rs1-aa2de85feb44892433ff8f51131bbec6 avia-slideshow-no scaling av_fullscreen avia-fade-slider av-slideshow-ui av-control-minimal av-slideshow-autoplay av-loop-endless av-loop-manual-endless av-slider-scroll-down-active av-default-height-applied   avia-slideshow-1' data-slideshow-options=\"{&quot;animation&quot;:&quot;fade&quot;,&quot;autoplay&quot;:true,&quot;loop_autoplay&quot;:&quot;endless&quot;,&quot;interval&quot;:5,&quot;loop_manual&quot;:&quot;manual-endless&quot;,&quot;autoplay_stopper&quot;:false,&quot;noNavigation&quot;:false,&quot;bg_slider&quot;:true,&quot;keep_padding&quot;:false,&quot;hoverpause&quot;:false,&quot;show_slide_delay&quot;:0,&quot;slide_height&quot;:&quot;100&quot;,&quot;image_attachment&quot;:&quot;&quot;}\"  itemprop=\"image\" itemscope=\"itemscope\" itemtype=\"https:\/\/schema.org\/ImageObject\" ><ul class='avia-slideshow-inner ' style='padding-bottom: 50.520833333333%;'><li style='background-position:Center Center;' data-img-url='https:\/\/www.casangiorgio.com\/wp-content\/uploads\/2015\/11\/slider-new-5.jpg' class='avia-slideshow-slide av-381rs1-aa2de85feb44892433ff8f51131bbec6__0  slide-1 slide-odd'><div data-rel='slideshow-1' class='avia-slide-wrap '   ><\/div><\/li><li style='background-position:top left;' data-img-url='https:\/\/www.casangiorgio.com\/wp-content\/uploads\/2017\/11\/js_pantalone_1_sli.jpg' class='avia-slideshow-slide av-381rs1-aa2de85feb44892433ff8f51131bbec6__1  slide-2 slide-even'><div data-rel='slideshow-1' class='avia-slide-wrap '   ><\/div><\/li><li style='background-position:Center Center;' data-img-url='https:\/\/www.casangiorgio.com\/wp-content\/uploads\/2015\/11\/slider-new-4.jpg' class='avia-slideshow-slide av-381rs1-aa2de85feb44892433ff8f51131bbec6__2  slide-3 slide-odd'><div data-rel='slideshow-1' class='avia-slide-wrap '   ><\/div><\/li><li style='background-position:top left;' data-img-url='https:\/\/www.casangiorgio.com\/wp-content\/uploads\/2017\/11\/altana_3_sli.jpg' class='avia-slideshow-slide av-381rs1-aa2de85feb44892433ff8f51131bbec6__3  slide-4 slide-even'><div data-rel='slideshow-1' class='avia-slide-wrap '   ><\/div><\/li><li style='background-position:top left;' data-img-url='https:\/\/www.casangiorgio.com\/wp-content\/uploads\/2017\/11\/js_volto_2_sli.jpg' class='avia-slideshow-slide av-381rs1-aa2de85feb44892433ff8f51131bbec6__4  slide-5 slide-odd'><div data-rel='slideshow-1' class='avia-slide-wrap '   ><\/div><\/li><li style='background-position:top left;' data-img-url='https:\/\/www.casangiorgio.com\/wp-content\/uploads\/2021\/06\/reception_2.jpg' class='avia-slideshow-slide av-381rs1-aa2de85feb44892433ff8f51131bbec6__5  slide-6 slide-even'><div data-rel='slideshow-1' class='avia-slide-wrap '   ><\/div><\/li><li style='background-position:Center Center;' data-img-url='https:\/\/www.casangiorgio.com\/wp-content\/uploads\/2015\/11\/slider-new-6.jpg' class='avia-slideshow-slide av-381rs1-aa2de85feb44892433ff8f51131bbec6__6  slide-7 slide-odd'><div data-rel='slideshow-1' class='avia-slide-wrap '   ><\/div><\/li><\/ul><div class='avia-slideshow-arrows avia-slideshow-controls' ><a href='#prev' class='prev-slide ' aria-hidden='true' data-av_icon='\ue87c' data-av_iconfont='entypo-fontello'  tabindex='-1'>Zur\u00fcck<\/a><a href='#next' class='next-slide ' aria-hidden='true' data-av_icon='\ue87d' data-av_iconfont='entypo-fontello'  tabindex='-1'>Weiter<\/a><\/div><div class='avia-slideshow-dots avia-slideshow-controls'><a href='#1' class='goto-slide active' >1<\/a><a href='#2' class='goto-slide ' >2<\/a><a href='#3' class='goto-slide ' >3<\/a><a href='#4' class='goto-slide ' >4<\/a><a href='#5' class='goto-slide ' >5<\/a><a href='#6' class='goto-slide ' >6<\/a><a href='#7' class='goto-slide ' >7<\/a><\/div><\/div><\/div>\n<div id='av_section_1'  class='avia-section av-1utnhd-a805e8f7be6db91a8ee9430616cec530 main_color avia-section-default avia-no-shadow  avia-builder-el-1  el_after_av_fullscreen  avia-builder-el-last  avia-bg-style-scroll container_wrap sidebar_right'  ><div class='container av-section-cont-open' ><div class='template-page content  av-content-small alpha units'><div class='post-entry post-entry-type-page post-entry-1823'><div class='entry-content-wrapper clearfix'>\n\n<style type=\"text\/css\" data-created_by=\"avia_inline_auto\" id=\"style-css-av-1ojfyp-1af47ff07aa3b8de434197aefe7a0bae\">\n.flex_column.av-1ojfyp-1af47ff07aa3b8de434197aefe7a0bae{\n-webkit-border-radius:0px 0px 0px 0px;\n-moz-border-radius:0px 0px 0px 0px;\nborder-radius:0px 0px 0px 0px;\npadding:0px 0px 0px 0px;\n}\n<\/style>\n<div class='flex_column av-1ojfyp-1af47ff07aa3b8de434197aefe7a0bae av_two_third  avia-builder-el-2  el_before_av_one_third  avia-builder-el-first  first flex_column_div av-zero-column-padding '     ><p>\n<style type=\"text\/css\" data-created_by=\"avia_inline_auto\" id=\"style-css-av-1j9zqx-4a127ce9250a65e9132f4df49aae3d27\">\n#top .av-special-heading.av-1j9zqx-4a127ce9250a65e9132f4df49aae3d27{\npadding-bottom:10px;\n}\nbody .av-special-heading.av-1j9zqx-4a127ce9250a65e9132f4df49aae3d27 .av-special-heading-tag .heading-char{\nfont-size:25px;\n}\n.av-special-heading.av-1j9zqx-4a127ce9250a65e9132f4df49aae3d27 .av-subheading{\nfont-size:15px;\n}\n<\/style>\n<div  class='av-special-heading av-1j9zqx-4a127ce9250a65e9132f4df49aae3d27 av-special-heading-h2 blockquote modern-quote  avia-builder-el-3  el_before_av_textblock  avia-builder-el-first '><h2 class='av-special-heading-tag'  itemprop=\"headline\"  >Ca\u2019 San Giorgio<\/h2><div class=\"special-heading-border\"><div class=\"special-heading-inner-border\"><\/div><\/div><\/div><br \/>\n<section  class='av_textblock_section av-1h1595-d07e6f259c3e64742eb30d5558d6039a'  itemscope=\"itemscope\" itemtype=\"https:\/\/schema.org\/CreativeWork\" ><div class='avia_textblock'  itemprop=\"text\" ><p>Die brandneue, im Januar 2016 renovierte Town House Suite Ca&#8216; San Giorgio ist ein exklusives Anwesen, das in einem historischen Palast aus dem 14. Jahrhundert untergebracht ist und seinen G\u00e4sten Zimmer und Suiten in einem eleganten, modernen Ambiente bietet. Aufgrund seiner strategischen Lage\u00a0 ist das C\u00e0 San Giorgio mit seiner Bed &amp; Breakfast-Formel die perfekte Unterkunft f\u00fcr Freizeitaufenthalte und Gesch\u00e4ftsreisen. Der Palazzo, in der N\u00e4he von Campo San Giacomo da l &#8218;Orio,\u00a0Campo San Polo\u00a0und der ber\u00fchmten Basilica dei\u00a0Frari, ist nur wenige Gehminuten vom\u00a0Bahnhof Santa Lucia\u00a0und der\u00a0Rialto-Br\u00fccke entfernt, ein ausgezeichneter Ausgangspunkt, um die wichtigsten Sehensw\u00fcrdigkeiten der Stadt zu besuchen.<\/p>\n<p>F\u00fcr diejenigen, die das charakteristische Vaporetto nutzen m\u00f6chten, sind die Haltestellen von\u00a0\u00a0San Stae\u00a0und Riva de Biasio nur 400 Meter von der Unterkunft entfernt.<br \/>\nDas Privileg einer\u00a0Anlegestelle auf dem nur 20 Meter entfernten Canal Grande erm\u00f6glicht es den G\u00e4sten, uns auch bequem mit einem privaten Taxi zu erreichen.<\/p>\n<p>Die Professionalit\u00e4t und die Gastfreundschaft des Personals sind die St\u00e4rken von C\u00e0 San Giorgio: Das ausschlie\u00dflich weibliche Personal empf\u00e4ngt Sie mit Begeisterung und gibt Ihnen gerne alle Informationen, die Sie f\u00fcr Ihren Besuch in Venedig ben\u00f6tigen. Sie buchen f\u00fcr Sie Besichtigungen und Touren und schlagen Ihnen originelle und alternative Routen und Restaurants vor, in denen Sie die authentische lokale K\u00fcche entdecken k\u00f6nnen.<\/p>\n<\/div><\/section><\/p><\/div>\n<style type=\"text\/css\" data-created_by=\"avia_inline_auto\" id=\"style-css-av-16beoh-c1f6863d821ce8c8204aa4c071678ff7\">\n.flex_column.av-16beoh-c1f6863d821ce8c8204aa4c071678ff7{\n-webkit-border-radius:0px 0px 0px 0px;\n-moz-border-radius:0px 0px 0px 0px;\nborder-radius:0px 0px 0px 0px;\npadding:0px 0px 0px 0px;\n}\n<\/style>\n<div class='flex_column av-16beoh-c1f6863d821ce8c8204aa4c071678ff7 av_one_third  avia-builder-el-5  el_after_av_two_third  avia-builder-el-last  flex_column_div av-zero-column-padding '     ><p>\n<style type=\"text\/css\" data-created_by=\"avia_inline_auto\" id=\"style-css-av-14mn6h-398993004e3f09ddd04c0774fb25087b\">\n#top .hr.hr-invisible.av-14mn6h-398993004e3f09ddd04c0774fb25087b{\nheight:40px;\n}\n<\/style>\n<div  class='hr av-14mn6h-398993004e3f09ddd04c0774fb25087b hr-invisible  avia-builder-el-6  el_before_av_slideshow  avia-builder-el-first '><span class='hr-inner '><span class=\"hr-inner-style\"><\/span><\/span><\/div><br \/>\n<div  class='avia-slideshow av-ze8rt-a3656e258357642e82f4ba4a6c76ba9c avia-slideshow-medium av_slideshow avia-fade-slider  avia-builder-el-7  el_after_av_hr  avia-builder-el-last  av-slideshow-ui av-slideshow-autoplay av-loop-endless av-loop-manual-endless av-default-height-applied avia-slideshow-2' data-slideshow-options=\"{&quot;animation&quot;:&quot;fade&quot;,&quot;autoplay&quot;:true,&quot;loop_autoplay&quot;:&quot;endless&quot;,&quot;interval&quot;:5,&quot;loop_manual&quot;:&quot;manual-endless&quot;,&quot;autoplay_stopper&quot;:false,&quot;noNavigation&quot;:false,&quot;bg_slider&quot;:false,&quot;keep_padding&quot;:false,&quot;hoverpause&quot;:false,&quot;show_slide_delay&quot;:0}\"  itemprop=\"image\" itemscope=\"itemscope\" itemtype=\"https:\/\/schema.org\/ImageObject\" ><ul class='avia-slideshow-inner ' style='padding-bottom: 66.666666666667%;'><li  class='avia-slideshow-slide av-ze8rt-a3656e258357642e82f4ba4a6c76ba9c__0  slide-1 slide-odd'><div data-rel='slideshow-2' class='avia-slide-wrap '   ><img class=\"wp-image-1744 avia-img-lazy-loading-not-1744\"  src=\"https:\/\/www.casangiorgio.com\/wp-content\/uploads\/2015\/12\/altana_5-300x200.jpg\" width=\"300\" height=\"200\" title='altana_5' alt=''  itemprop=\"thumbnailUrl\" srcset=\"https:\/\/www.casangiorgio.com\/wp-content\/uploads\/2015\/12\/altana_5-300x200.jpg 300w, https:\/\/www.casangiorgio.com\/wp-content\/uploads\/2015\/12\/altana_5-768x512.jpg 768w, https:\/\/www.casangiorgio.com\/wp-content\/uploads\/2015\/12\/altana_5-1030x687.jpg 1030w, https:\/\/www.casangiorgio.com\/wp-content\/uploads\/2015\/12\/altana_5-705x470.jpg 705w, https:\/\/www.casangiorgio.com\/wp-content\/uploads\/2015\/12\/altana_5-450x300.jpg 450w, https:\/\/www.casangiorgio.com\/wp-content\/uploads\/2015\/12\/altana_5.jpg 1200w\" sizes=\"(max-width: 300px) 100vw, 300px\" \/><\/div><\/li><li  class='avia-slideshow-slide av-ze8rt-a3656e258357642e82f4ba4a6c76ba9c__1  slide-2 slide-even'><div data-rel='slideshow-2' class='avia-slide-wrap '   ><img class=\"wp-image-1743 avia-img-lazy-loading-not-1743\"  src=\"https:\/\/www.casangiorgio.com\/wp-content\/uploads\/2015\/12\/altana_4-300x224.jpg\" width=\"300\" height=\"224\" title='altana_4' alt=''  itemprop=\"thumbnailUrl\" srcset=\"https:\/\/www.casangiorgio.com\/wp-content\/uploads\/2015\/12\/altana_4-300x224.jpg 300w, https:\/\/www.casangiorgio.com\/wp-content\/uploads\/2015\/12\/altana_4-768x573.jpg 768w, https:\/\/www.casangiorgio.com\/wp-content\/uploads\/2015\/12\/altana_4-1030x768.jpg 1030w, https:\/\/www.casangiorgio.com\/wp-content\/uploads\/2015\/12\/altana_4-705x526.jpg 705w, https:\/\/www.casangiorgio.com\/wp-content\/uploads\/2015\/12\/altana_4-450x336.jpg 450w, https:\/\/www.casangiorgio.com\/wp-content\/uploads\/2015\/12\/altana_4.jpg 1200w\" sizes=\"(max-width: 300px) 100vw, 300px\" \/><\/div><\/li><li  class='avia-slideshow-slide av-ze8rt-a3656e258357642e82f4ba4a6c76ba9c__2  slide-3 slide-odd'><div data-rel='slideshow-2' class='avia-slide-wrap '   ><img class=\"wp-image-1753 avia-img-lazy-loading-not-1753\"  src=\"https:\/\/www.casangiorgio.com\/wp-content\/uploads\/2015\/12\/IMG_0747-300x200.jpg\" width=\"300\" height=\"200\" title='IMG_0747' alt=''  itemprop=\"thumbnailUrl\" srcset=\"https:\/\/www.casangiorgio.com\/wp-content\/uploads\/2015\/12\/IMG_0747-300x200.jpg 300w, https:\/\/www.casangiorgio.com\/wp-content\/uploads\/2015\/12\/IMG_0747-768x512.jpg 768w, https:\/\/www.casangiorgio.com\/wp-content\/uploads\/2015\/12\/IMG_0747-1030x687.jpg 1030w, https:\/\/www.casangiorgio.com\/wp-content\/uploads\/2015\/12\/IMG_0747-705x470.jpg 705w, https:\/\/www.casangiorgio.com\/wp-content\/uploads\/2015\/12\/IMG_0747-450x300.jpg 450w, https:\/\/www.casangiorgio.com\/wp-content\/uploads\/2015\/12\/IMG_0747.jpg 1200w\" sizes=\"(max-width: 300px) 100vw, 300px\" \/><\/div><\/li><li  class='avia-slideshow-slide av-ze8rt-a3656e258357642e82f4ba4a6c76ba9c__3  slide-4 slide-even'><div data-rel='slideshow-2' class='avia-slide-wrap '   ><img class=\"wp-image-1752 avia-img-lazy-loading-not-1752\"  src=\"https:\/\/www.casangiorgio.com\/wp-content\/uploads\/2015\/12\/comuni_4-300x200.jpg\" width=\"300\" height=\"200\" title='comuni_4' alt=''  itemprop=\"thumbnailUrl\" srcset=\"https:\/\/www.casangiorgio.com\/wp-content\/uploads\/2015\/12\/comuni_4-300x200.jpg 300w, https:\/\/www.casangiorgio.com\/wp-content\/uploads\/2015\/12\/comuni_4-768x512.jpg 768w, https:\/\/www.casangiorgio.com\/wp-content\/uploads\/2015\/12\/comuni_4-1030x687.jpg 1030w, https:\/\/www.casangiorgio.com\/wp-content\/uploads\/2015\/12\/comuni_4-705x470.jpg 705w, https:\/\/www.casangiorgio.com\/wp-content\/uploads\/2015\/12\/comuni_4-450x300.jpg 450w, https:\/\/www.casangiorgio.com\/wp-content\/uploads\/2015\/12\/comuni_4.jpg 1200w\" sizes=\"(max-width: 300px) 100vw, 300px\" \/><\/div><\/li><\/ul><div class='avia-slideshow-arrows avia-slideshow-controls' ><a href='#prev' class='prev-slide ' aria-hidden='true' data-av_icon='\ue87c' data-av_iconfont='entypo-fontello'  tabindex='-1'>Zur\u00fcck<\/a><a href='#next' class='next-slide ' aria-hidden='true' data-av_icon='\ue87d' data-av_iconfont='entypo-fontello'  tabindex='-1'>Weiter<\/a><\/div><div class='avia-slideshow-dots avia-slideshow-controls'><a href='#1' class='goto-slide active' >1<\/a><a href='#2' class='goto-slide ' >2<\/a><a href='#3' class='goto-slide ' >3<\/a><a href='#4' class='goto-slide ' >4<\/a><\/div><\/div><\/p><\/div><\/div><\/div><\/div><!-- close content main div --><\/div><\/div><div id='after_section_1'  class='main_color av_default_container_wrap container_wrap sidebar_right'  ><div class='container av-section-cont-open' ><div class='template-page content  av-content-small alpha units'><div class='post-entry post-entry-type-page post-entry-1823'><div class='entry-content-wrapper clearfix'>\n","protected":false},"excerpt":{"rendered":"","protected":false},"author":1,"featured_media":0,"parent":0,"menu_order":0,"comment_status":"closed","ping_status":"closed","template":"","meta":[],"yoast_head":"<!-- This site is optimized with the Yoast SEO plugin v17.7.1 - https:\/\/yoast.com\/wordpress\/plugins\/seo\/ -->\n<title>STARTSEITE - Ca&#039; San Giorgio<\/title>\n<meta name=\"robots\" content=\"index, follow, max-snippet:-1, max-image-preview:large, max-video-preview:-1\" \/>\n<link rel=\"canonical\" href=\"https:\/\/www.casangiorgio.com\/de\/\" \/>\n<meta property=\"og:locale\" content=\"de_DE\" \/>\n<meta property=\"og:type\" content=\"article\" \/>\n<meta property=\"og:title\" content=\"STARTSEITE - Ca&#039; San Giorgio\" \/>\n<meta property=\"og:url\" content=\"https:\/\/www.casangiorgio.com\/de\/\" \/>\n<meta property=\"og:site_name\" content=\"Ca&#039; San Giorgio\" \/>\n<meta name=\"twitter:card\" content=\"summary\" \/>\n<meta name=\"twitter:label1\" content=\"Gesch\u00e4tzte Lesezeit\" \/>\n\t<meta name=\"twitter:data1\" content=\"8 Minuten\" \/>\n<script type=\"application\/ld+json\" class=\"yoast-schema-graph\">{\"@context\":\"https:\/\/schema.org\",\"@graph\":[{\"@type\":\"WebSite\",\"@id\":\"https:\/\/www.casangiorgio.com\/fr\/#website\",\"url\":\"https:\/\/www.casangiorgio.com\/fr\/\",\"name\":\"Ca&#039; San Giorgio\",\"description\":\"\",\"potentialAction\":[{\"@type\":\"SearchAction\",\"target\":{\"@type\":\"EntryPoint\",\"urlTemplate\":\"https:\/\/www.casangiorgio.com\/fr\/?s={search_term_string}\"},\"query-input\":\"required name=search_term_string\"}],\"inLanguage\":\"de-DE\"},{\"@type\":\"WebPage\",\"@id\":\"https:\/\/www.casangiorgio.com\/de\/#webpage\",\"url\":\"https:\/\/www.casangiorgio.com\/de\/\",\"name\":\"STARTSEITE - Ca&#039; San Giorgio\",\"isPartOf\":{\"@id\":\"https:\/\/www.casangiorgio.com\/fr\/#website\"},\"datePublished\":\"2022-11-18T23:53:47+00:00\",\"dateModified\":\"2022-11-18T23:53:47+00:00\",\"breadcrumb\":{\"@id\":\"https:\/\/www.casangiorgio.com\/de\/#breadcrumb\"},\"inLanguage\":\"de-DE\",\"potentialAction\":[{\"@type\":\"ReadAction\",\"target\":[\"https:\/\/www.casangiorgio.com\/de\/\"]}]},{\"@type\":\"BreadcrumbList\",\"@id\":\"https:\/\/www.casangiorgio.com\/de\/#breadcrumb\",\"itemListElement\":[{\"@type\":\"ListItem\",\"position\":1,\"name\":\"Home\",\"item\":\"https:\/\/www.casangiorgio.com\/\"},{\"@type\":\"ListItem\",\"position\":2,\"name\":\"STARTSEITE\"}]}]}<\/script>\n<!-- \/ Yoast SEO plugin. -->","yoast_head_json":{"title":"STARTSEITE - Ca&#039; San Giorgio","robots":{"index":"index","follow":"follow","max-snippet":"max-snippet:-1","max-image-preview":"max-image-preview:large","max-video-preview":"max-video-preview:-1"},"canonical":"https:\/\/www.casangiorgio.com\/de\/","og_locale":"de_DE","og_type":"article","og_title":"STARTSEITE - Ca&#039; San Giorgio","og_url":"https:\/\/www.casangiorgio.com\/de\/","og_site_name":"Ca&#039; San Giorgio","twitter_card":"summary","twitter_misc":{"Gesch\u00e4tzte Lesezeit":"8 Minuten"},"schema":{"@context":"https:\/\/schema.org","@graph":[{"@type":"WebSite","@id":"https:\/\/www.casangiorgio.com\/fr\/#website","url":"https:\/\/www.casangiorgio.com\/fr\/","name":"Ca&#039; San Giorgio","description":"","potentialAction":[{"@type":"SearchAction","target":{"@type":"EntryPoint","urlTemplate":"https:\/\/www.casangiorgio.com\/fr\/?s={search_term_string}"},"query-input":"required name=search_term_string"}],"inLanguage":"de-DE"},{"@type":"WebPage","@id":"https:\/\/www.casangiorgio.com\/de\/#webpage","url":"https:\/\/www.casangiorgio.com\/de\/","name":"STARTSEITE - Ca&#039; San Giorgio","isPartOf":{"@id":"https:\/\/www.casangiorgio.com\/fr\/#website"},"datePublished":"2022-11-18T23:53:47+00:00","dateModified":"2022-11-18T23:53:47+00:00","breadcrumb":{"@id":"https:\/\/www.casangiorgio.com\/de\/#breadcrumb"},"inLanguage":"de-DE","potentialAction":[{"@type":"ReadAction","target":["https:\/\/www.casangiorgio.com\/de\/"]}]},{"@type":"BreadcrumbList","@id":"https:\/\/www.casangiorgio.com\/de\/#breadcrumb","itemListElement":[{"@type":"ListItem","position":1,"name":"Home","item":"https:\/\/www.casangiorgio.com\/"},{"@type":"ListItem","position":2,"name":"STARTSEITE"}]}]}},"_links":{"self":[{"href":"https:\/\/www.casangiorgio.com\/de\/wp-json\/wp\/v2\/pages\/1823"}],"collection":[{"href":"https:\/\/www.casangiorgio.com\/de\/wp-json\/wp\/v2\/pages"}],"about":[{"href":"https:\/\/www.casangiorgio.com\/de\/wp-json\/wp\/v2\/types\/page"}],"author":[{"embeddable":true,"href":"https:\/\/www.casangiorgio.com\/de\/wp-json\/wp\/v2\/users\/1"}],"replies":[{"embeddable":true,"href":"https:\/\/www.casangiorgio.com\/de\/wp-json\/wp\/v2\/comments?post=1823"}],"version-history":[{"count":3,"href":"https:\/\/www.casangiorgio.com\/de\/wp-json\/wp\/v2\/pages\/1823\/revisions"}],"predecessor-version":[{"id":1826,"href":"https:\/\/www.casangiorgio.com\/de\/wp-json\/wp\/v2\/pages\/1823\/revisions\/1826"}],"wp:attachment":[{"href":"https:\/\/www.casangiorgio.com\/de\/wp-json\/wp\/v2\/media?parent=1823"}],"curies":[{"name":"wp","href":"https:\/\/api.w.org\/{rel}","templated":true}]}}