{"id":1835,"date":"2022-11-19T00:59:17","date_gmt":"2022-11-18T23:59:17","guid":{"rendered":"https:\/\/www.casangiorgio.com\/?page_id=1835"},"modified":"2022-11-30T15:36:30","modified_gmt":"2022-11-30T14:36:30","slug":"doppelzimmer-economy","status":"publish","type":"page","link":"https:\/\/www.casangiorgio.com\/de\/die-zimmer\/doppelzimmer-economy\/","title":{"rendered":"Doppelzimmer Economy"},"content":{"rendered":"<div id='av_section_1'  class='avia-section av-1qwk26-270c1ee3daabfbff337249ee93d778a7 main_color avia-section-default avia-no-border-styling  avia-builder-el-0  el_before_av_one_half  avia-builder-el-first  avia-bg-style-scroll av-minimum-height av-minimum-height-custom  container_wrap sidebar_right'   data-av_minimum_height_px='130'><div class='container av-section-cont-open' style='height:130px'><main  role=\"main\" itemprop=\"mainContentOfPage\"  class='template-page content  av-content-small alpha units'><div class='post-entry post-entry-type-page post-entry-1835'><div class='entry-content-wrapper clearfix'>\n\n<style type=\"text\/css\" data-created_by=\"avia_inline_auto\" id=\"style-css-av-1jldiu-a1d72af4e7fb94ceac3d0c982e8ad1df\">\n#top .av-special-heading.av-1jldiu-a1d72af4e7fb94ceac3d0c982e8ad1df{\npadding-bottom:10px;\nfont-size:28px;\n}\nbody .av-special-heading.av-1jldiu-a1d72af4e7fb94ceac3d0c982e8ad1df .av-special-heading-tag .heading-char{\nfont-size:25px;\n}\n#top #wrap_all .av-special-heading.av-1jldiu-a1d72af4e7fb94ceac3d0c982e8ad1df .av-special-heading-tag{\nfont-size:28px;\n}\n.av-special-heading.av-1jldiu-a1d72af4e7fb94ceac3d0c982e8ad1df .av-subheading{\nfont-size:15px;\n}\n\n@media only screen and (min-width: 480px) and (max-width: 767px){ \n#top #wrap_all .av-special-heading.av-1jldiu-a1d72af4e7fb94ceac3d0c982e8ad1df .av-special-heading-tag{\nfont-size:0.8em;\n}\n}\n\n@media only screen and (max-width: 479px){ \n#top #wrap_all .av-special-heading.av-1jldiu-a1d72af4e7fb94ceac3d0c982e8ad1df .av-special-heading-tag{\nfont-size:0.8em;\n}\n}\n<\/style>\n<div  class='av-special-heading av-1jldiu-a1d72af4e7fb94ceac3d0c982e8ad1df av-special-heading-h3 blockquote modern-quote  avia-builder-el-1  el_before_av_hr  avia-builder-el-first  av-inherit-size'><h3 class='av-special-heading-tag'  itemprop=\"headline\"  >Doppelzimmer Economy<\/h3><div class=\"special-heading-border\"><div class=\"special-heading-inner-border\"><\/div><\/div><\/div>\n\n<style type=\"text\/css\" data-created_by=\"avia_inline_auto\" id=\"style-css-av-1c8kce-a655774ab273e9d26da0ba60c7ca573c\">\n#top .hr.av-1c8kce-a655774ab273e9d26da0ba60c7ca573c{\nmargin-top:30;\nmargin-bottom:0;\n}\n.hr.av-1c8kce-a655774ab273e9d26da0ba60c7ca573c .hr-inner{\nwidth:100%;\nborder-color:#cccccc;\n}\n<\/style>\n<div  class='hr av-1c8kce-a655774ab273e9d26da0ba60c7ca573c hr-custom  avia-builder-el-2  el_after_av_heading  avia-builder-el-last  hr-center hr-icon-no'><span class='hr-inner inner-border-av-border-thin'><span class=\"hr-inner-style\"><\/span><\/span><\/div>\n<\/div><\/div><\/main><!-- close content main element --><\/div><\/div><div id='after_section_1'  class='main_color av_default_container_wrap container_wrap sidebar_right'  ><div class='container av-section-cont-open' ><div class='template-page content  av-content-small alpha units'><div class='post-entry post-entry-type-page post-entry-1835'><div class='entry-content-wrapper clearfix'>\n\n<style type=\"text\/css\" data-created_by=\"avia_inline_auto\" id=\"style-css-av-4a7u6-138dd9d463f2d8f82a3af7018f5b2e29\">\n.flex_column.av-4a7u6-138dd9d463f2d8f82a3af7018f5b2e29{\n-webkit-border-radius:0px 0px 0px 0px;\n-moz-border-radius:0px 0px 0px 0px;\nborder-radius:0px 0px 0px 0px;\npadding:0px 0px 0px 0px;\n}\n<\/style>\n<div class='flex_column av-4a7u6-138dd9d463f2d8f82a3af7018f5b2e29 av_one_half  avia-builder-el-3  el_after_av_section  el_before_av_one_half  avia-builder-el-first  first flex_column_div av-zero-column-padding '     ><style type=\"text\/css\" data-created_by=\"avia_inline_auto\" id=\"style-css-av-11egd2-62aa7f9d83b26cc68b8807096c8f9240\">\n.avia-image-container.av-11egd2-62aa7f9d83b26cc68b8807096c8f9240 img.avia_image{\nbox-shadow:none;\n}\n.avia-image-container.av-11egd2-62aa7f9d83b26cc68b8807096c8f9240 .av-image-caption-overlay-center{\ncolor:#ffffff;\n}\n<\/style>\n<div  class='avia-image-container av-11egd2-62aa7f9d83b26cc68b8807096c8f9240 av-styling- avia-align-left  avia-builder-el-4  avia-builder-el-no-sibling '   itemprop=\"image\" itemscope=\"itemscope\" itemtype=\"https:\/\/schema.org\/ImageObject\" ><div class=\"avia-image-container-inner\"><div class=\"avia-image-overlay-wrap\"><a href=\"https:\/\/www.casangiorgio.com\/wp-content\/uploads\/2021\/04\/FOTO-1_1-1030x687.jpg\" data-srcset=\"https:\/\/www.casangiorgio.com\/wp-content\/uploads\/2021\/04\/FOTO-1_1-1030x687.jpg 1030w, https:\/\/www.casangiorgio.com\/wp-content\/uploads\/2021\/04\/FOTO-1_1-300x200.jpg 300w, https:\/\/www.casangiorgio.com\/wp-content\/uploads\/2021\/04\/FOTO-1_1-768x512.jpg 768w, https:\/\/www.casangiorgio.com\/wp-content\/uploads\/2021\/04\/FOTO-1_1-705x470.jpg 705w, https:\/\/www.casangiorgio.com\/wp-content\/uploads\/2021\/04\/FOTO-1_1.jpg 1200w\" data-sizes=\"(max-width: 1030px) 100vw, 1030px\" class='avia_image' ><img class='wp-image-1794 avia-img-lazy-loading-not-1794 avia_image ' src=\"https:\/\/www.casangiorgio.com\/wp-content\/uploads\/2021\/04\/FOTO-1_1-300x200.jpg\" alt='' title='FOTO-1_1'  height=\"200\" width=\"300\"  itemprop=\"thumbnailUrl\" srcset=\"https:\/\/www.casangiorgio.com\/wp-content\/uploads\/2021\/04\/FOTO-1_1-300x200.jpg 300w, https:\/\/www.casangiorgio.com\/wp-content\/uploads\/2021\/04\/FOTO-1_1-1030x687.jpg 1030w, https:\/\/www.casangiorgio.com\/wp-content\/uploads\/2021\/04\/FOTO-1_1-768x512.jpg 768w, https:\/\/www.casangiorgio.com\/wp-content\/uploads\/2021\/04\/FOTO-1_1-705x470.jpg 705w, https:\/\/www.casangiorgio.com\/wp-content\/uploads\/2021\/04\/FOTO-1_1.jpg 1200w\" sizes=\"(max-width: 300px) 100vw, 300px\" \/><\/a><\/div><\/div><\/div><\/div>\n\n<style type=\"text\/css\" data-created_by=\"avia_inline_auto\" id=\"style-css-av-unfwm-38546c0a49738274234f0da3efa21408\">\n.flex_column.av-unfwm-38546c0a49738274234f0da3efa21408{\n-webkit-border-radius:0px 0px 0px 0px;\n-moz-border-radius:0px 0px 0px 0px;\nborder-radius:0px 0px 0px 0px;\npadding:0px 0px 0px 0px;\n}\n<\/style>\n<div class='flex_column av-unfwm-38546c0a49738274234f0da3efa21408 av_one_half  avia-builder-el-5  el_after_av_one_half  el_before_av_one_full  flex_column_div av-zero-column-padding '     ><p><section  class='av_textblock_section av-spfue-bf57b550dc65b978e9efe4dd08877f8b'  itemscope=\"itemscope\" itemtype=\"https:\/\/schema.org\/CreativeWork\" ><div class='avia_textblock'  itemprop=\"text\" ><p>Dieses Zimmer mit freiliegendem Balken verf\u00fcgt \u00fcber ein franz\u00f6sisches Bett und ein eigenes Bad mit einer Dusche. Es befindet sich im Erdgeschoss auf Stra\u00dfenniveau und bietet keine Aussicht.<br \/>\nDas Economy-Zimmer ist ideal f\u00fcr Kurzaufenthalte und Gesch\u00e4ftsreisen.<br \/>\nAusstattung: Haartrockner, Handtuchw\u00e4rmer, Toilettenartikel, LCD-Sat-TV, Minibar, Safe, individuell einstellbare Klimaanlage und Heizung, kostenloses WLAN. F\u00fcr 1-2 G\u00e4ste.<\/p>\n<\/div><\/section><br \/>\n\n<style type=\"text\/css\" data-created_by=\"avia_inline_auto\" id=\"style-css-av-ihqym-9a85554a209a608bd28f35191f8dd2bd\">\n#top .hr.hr-invisible.av-ihqym-9a85554a209a608bd28f35191f8dd2bd{\nheight:50px;\n}\n<\/style>\n<div  class='hr av-ihqym-9a85554a209a608bd28f35191f8dd2bd hr-invisible  avia-builder-el-7  el_after_av_textblock  avia-builder-el-last '><span class='hr-inner '><span class=\"hr-inner-style\"><\/span><\/span><\/div><\/p><\/div>\n\n<style type=\"text\/css\" data-created_by=\"avia_inline_auto\" id=\"style-css-av-d2pcu-9f4793b933e7bd51d08674974f021600\">\n.flex_column.av-d2pcu-9f4793b933e7bd51d08674974f021600{\n-webkit-border-radius:0px 0px 0px 0px;\n-moz-border-radius:0px 0px 0px 0px;\nborder-radius:0px 0px 0px 0px;\npadding:0px 0px 0px 0px;\n}\n<\/style>\n<div class='flex_column av-d2pcu-9f4793b933e7bd51d08674974f021600 av_one_full  avia-builder-el-8  el_after_av_one_half  avia-builder-el-last  first flex_column_div av-zero-column-padding column-top-margin'     ><style type=\"text\/css\" data-created_by=\"avia_inline_auto\" id=\"style-css-av-8j2xa-559239b8c88c00bb4ef531d4577ffb48\">\n#top .avia-gallery.av-8j2xa-559239b8c88c00bb4ef531d4577ffb48 .avia-gallery-thumb a{\nwidth:16.6667%;\n}\n<\/style>\n<div  class='avia-gallery av-8j2xa-559239b8c88c00bb4ef531d4577ffb48 avia_animate_when_visible  avia-builder-el-9  avia-builder-el-no-sibling  avia_lazyload avia-gallery-animate avia-gallery-1'  itemprop=\"image\" itemscope=\"itemscope\" itemtype=\"https:\/\/schema.org\/ImageObject\" ><meta itemprop=\"contentURL\" content=\"https:\/\/www.casangiorgio.com\/de\/die-zimmer\/doppelzimmer-economy\/\"><div class='avia-gallery-thumb'><a href=\"https:\/\/www.casangiorgio.com\/wp-content\/uploads\/2021\/04\/FOTO-1_1-1-1030x687.jpg\" data-srcset=\"https:\/\/www.casangiorgio.com\/wp-content\/uploads\/2021\/04\/FOTO-1_1-1-1030x687.jpg 1030w, https:\/\/www.casangiorgio.com\/wp-content\/uploads\/2021\/04\/FOTO-1_1-1-300x200.jpg 300w, https:\/\/www.casangiorgio.com\/wp-content\/uploads\/2021\/04\/FOTO-1_1-1-768x512.jpg 768w, https:\/\/www.casangiorgio.com\/wp-content\/uploads\/2021\/04\/FOTO-1_1-1-705x470.jpg 705w, https:\/\/www.casangiorgio.com\/wp-content\/uploads\/2021\/04\/FOTO-1_1-1.jpg 1200w\" data-sizes=\"(max-width: 1030px) 100vw, 1030px\" data-rel='gallery-1' data-prev-img='https:\/\/www.casangiorgio.com\/wp-content\/uploads\/2021\/04\/FOTO-1_1-1-845x684.jpg' class='first_thumb lightbox ' data-onclick='1' title='FOTO-1_1'  itemprop=\"thumbnailUrl\"  ><img class=\"wp-image-1795 avia-img-lazy-loading-not-1795\"   src=\"https:\/\/www.casangiorgio.com\/wp-content\/uploads\/2021\/04\/FOTO-1_1-1-180x180.jpg\" width=\"180\" height=\"180\"  title='FOTO-1_1' alt='' srcset=\"https:\/\/www.casangiorgio.com\/wp-content\/uploads\/2021\/04\/FOTO-1_1-1-180x180.jpg 180w, https:\/\/www.casangiorgio.com\/wp-content\/uploads\/2021\/04\/FOTO-1_1-1-80x80.jpg 80w, https:\/\/www.casangiorgio.com\/wp-content\/uploads\/2021\/04\/FOTO-1_1-1-36x36.jpg 36w\" sizes=\"(max-width: 180px) 100vw, 180px\" \/><div class='big-prev-fake'><img loading=\"lazy\" class=\"wp-image-1795 avia-img-lazy-loading-1795\"  width=\"845\" height=\"684\" src=\"https:\/\/www.casangiorgio.com\/wp-content\/uploads\/2021\/04\/FOTO-1_1-1-845x684.jpg\" title='FOTO-1_1' alt='' srcset=\"https:\/\/www.casangiorgio.com\/wp-content\/uploads\/2021\/04\/FOTO-1_1-1-845x684.jpg 845w, https:\/\/www.casangiorgio.com\/wp-content\/uploads\/2021\/04\/FOTO-1_1-1-495x400.jpg 495w\" sizes=\"(max-width: 845px) 100vw, 845px\" \/><\/div><\/a><a href=\"https:\/\/www.casangiorgio.com\/wp-content\/uploads\/2021\/04\/FOTO-2-1-1030x773.jpg\" data-srcset=\"https:\/\/www.casangiorgio.com\/wp-content\/uploads\/2021\/04\/FOTO-2-1-1030x773.jpg 1030w, https:\/\/www.casangiorgio.com\/wp-content\/uploads\/2021\/04\/FOTO-2-1-300x225.jpg 300w, https:\/\/www.casangiorgio.com\/wp-content\/uploads\/2021\/04\/FOTO-2-1-768x576.jpg 768w, https:\/\/www.casangiorgio.com\/wp-content\/uploads\/2021\/04\/FOTO-2-1-705x529.jpg 705w, https:\/\/www.casangiorgio.com\/wp-content\/uploads\/2021\/04\/FOTO-2-1.jpg 1200w\" data-sizes=\"(max-width: 1030px) 100vw, 1030px\" data-rel='gallery-1' data-prev-img='https:\/\/www.casangiorgio.com\/wp-content\/uploads\/2021\/04\/FOTO-2-1-845x684.jpg' class='lightbox ' data-onclick='2' title='FOTO-2'  itemprop=\"thumbnailUrl\"  ><img class=\"wp-image-1796 avia-img-lazy-loading-not-1796\"   src=\"https:\/\/www.casangiorgio.com\/wp-content\/uploads\/2021\/04\/FOTO-2-1-180x180.jpg\" width=\"180\" height=\"180\"  title='FOTO-2' alt='' srcset=\"https:\/\/www.casangiorgio.com\/wp-content\/uploads\/2021\/04\/FOTO-2-1-180x180.jpg 180w, https:\/\/www.casangiorgio.com\/wp-content\/uploads\/2021\/04\/FOTO-2-1-80x80.jpg 80w, https:\/\/www.casangiorgio.com\/wp-content\/uploads\/2021\/04\/FOTO-2-1-36x36.jpg 36w\" sizes=\"(max-width: 180px) 100vw, 180px\" \/><div class='big-prev-fake'><img loading=\"lazy\" class=\"wp-image-1796 avia-img-lazy-loading-1796\"  width=\"845\" height=\"684\" src=\"https:\/\/www.casangiorgio.com\/wp-content\/uploads\/2021\/04\/FOTO-2-1-845x684.jpg\" title='FOTO-2' alt='' srcset=\"https:\/\/www.casangiorgio.com\/wp-content\/uploads\/2021\/04\/FOTO-2-1-845x684.jpg 845w, https:\/\/www.casangiorgio.com\/wp-content\/uploads\/2021\/04\/FOTO-2-1-495x400.jpg 495w\" sizes=\"(max-width: 845px) 100vw, 845px\" \/><\/div><\/a><a href=\"https:\/\/www.casangiorgio.com\/wp-content\/uploads\/2022\/11\/ECONOMY-3-1030x687.jpg\" data-srcset=\"https:\/\/www.casangiorgio.com\/wp-content\/uploads\/2022\/11\/ECONOMY-3-1030x687.jpg 1030w, https:\/\/www.casangiorgio.com\/wp-content\/uploads\/2022\/11\/ECONOMY-3-300x200.jpg 300w, https:\/\/www.casangiorgio.com\/wp-content\/uploads\/2022\/11\/ECONOMY-3-768x512.jpg 768w, https:\/\/www.casangiorgio.com\/wp-content\/uploads\/2022\/11\/ECONOMY-3-705x470.jpg 705w, https:\/\/www.casangiorgio.com\/wp-content\/uploads\/2022\/11\/ECONOMY-3.jpg 1200w\" data-sizes=\"(max-width: 1030px) 100vw, 1030px\" data-rel='gallery-1' data-prev-img='https:\/\/www.casangiorgio.com\/wp-content\/uploads\/2022\/11\/ECONOMY-3-845x684.jpg' class='lightbox ' data-onclick='3' title='ECONOMY-3'  itemprop=\"thumbnailUrl\"  ><img class=\"wp-image-1997 avia-img-lazy-loading-not-1997\"   src=\"https:\/\/www.casangiorgio.com\/wp-content\/uploads\/2022\/11\/ECONOMY-3-180x180.jpg\" width=\"180\" height=\"180\"  title='ECONOMY-3' alt='' srcset=\"https:\/\/www.casangiorgio.com\/wp-content\/uploads\/2022\/11\/ECONOMY-3-180x180.jpg 180w, https:\/\/www.casangiorgio.com\/wp-content\/uploads\/2022\/11\/ECONOMY-3-80x80.jpg 80w, https:\/\/www.casangiorgio.com\/wp-content\/uploads\/2022\/11\/ECONOMY-3-36x36.jpg 36w\" sizes=\"(max-width: 180px) 100vw, 180px\" \/><div class='big-prev-fake'><img loading=\"lazy\" class=\"wp-image-1997 avia-img-lazy-loading-1997\"  width=\"845\" height=\"684\" src=\"https:\/\/www.casangiorgio.com\/wp-content\/uploads\/2022\/11\/ECONOMY-3-845x684.jpg\" title='ECONOMY-3' alt='' srcset=\"https:\/\/www.casangiorgio.com\/wp-content\/uploads\/2022\/11\/ECONOMY-3-845x684.jpg 845w, https:\/\/www.casangiorgio.com\/wp-content\/uploads\/2022\/11\/ECONOMY-3-495x400.jpg 495w\" sizes=\"(max-width: 845px) 100vw, 845px\" \/><\/div><\/a><a href=\"https:\/\/www.casangiorgio.com\/wp-content\/uploads\/2022\/11\/ECONOMY-4-1030x687.jpg\" data-srcset=\"https:\/\/www.casangiorgio.com\/wp-content\/uploads\/2022\/11\/ECONOMY-4-1030x687.jpg 1030w, https:\/\/www.casangiorgio.com\/wp-content\/uploads\/2022\/11\/ECONOMY-4-300x200.jpg 300w, https:\/\/www.casangiorgio.com\/wp-content\/uploads\/2022\/11\/ECONOMY-4-768x512.jpg 768w, https:\/\/www.casangiorgio.com\/wp-content\/uploads\/2022\/11\/ECONOMY-4-705x470.jpg 705w, https:\/\/www.casangiorgio.com\/wp-content\/uploads\/2022\/11\/ECONOMY-4.jpg 1200w\" data-sizes=\"(max-width: 1030px) 100vw, 1030px\" data-rel='gallery-1' data-prev-img='https:\/\/www.casangiorgio.com\/wp-content\/uploads\/2022\/11\/ECONOMY-4-845x684.jpg' class='lightbox ' data-onclick='4' title='ECONOMY-4'  itemprop=\"thumbnailUrl\"  ><img class=\"wp-image-2001 avia-img-lazy-loading-not-2001\"   src=\"https:\/\/www.casangiorgio.com\/wp-content\/uploads\/2022\/11\/ECONOMY-4-180x180.jpg\" width=\"180\" height=\"180\"  title='ECONOMY-4' alt='' srcset=\"https:\/\/www.casangiorgio.com\/wp-content\/uploads\/2022\/11\/ECONOMY-4-180x180.jpg 180w, https:\/\/www.casangiorgio.com\/wp-content\/uploads\/2022\/11\/ECONOMY-4-80x80.jpg 80w, https:\/\/www.casangiorgio.com\/wp-content\/uploads\/2022\/11\/ECONOMY-4-36x36.jpg 36w\" sizes=\"(max-width: 180px) 100vw, 180px\" \/><div class='big-prev-fake'><img loading=\"lazy\" class=\"wp-image-2001 avia-img-lazy-loading-2001\"  width=\"845\" height=\"684\" src=\"https:\/\/www.casangiorgio.com\/wp-content\/uploads\/2022\/11\/ECONOMY-4-845x684.jpg\" title='ECONOMY-4' alt='' srcset=\"https:\/\/www.casangiorgio.com\/wp-content\/uploads\/2022\/11\/ECONOMY-4-845x684.jpg 845w, https:\/\/www.casangiorgio.com\/wp-content\/uploads\/2022\/11\/ECONOMY-4-495x400.jpg 495w\" sizes=\"(max-width: 845px) 100vw, 845px\" \/><\/div><\/a><a href=\"https:\/\/www.casangiorgio.com\/wp-content\/uploads\/2021\/04\/FOTO-5-1-1030x773.jpg\" data-srcset=\"https:\/\/www.casangiorgio.com\/wp-content\/uploads\/2021\/04\/FOTO-5-1-1030x773.jpg 1030w, https:\/\/www.casangiorgio.com\/wp-content\/uploads\/2021\/04\/FOTO-5-1-300x225.jpg 300w, https:\/\/www.casangiorgio.com\/wp-content\/uploads\/2021\/04\/FOTO-5-1-768x576.jpg 768w, https:\/\/www.casangiorgio.com\/wp-content\/uploads\/2021\/04\/FOTO-5-1-705x529.jpg 705w, https:\/\/www.casangiorgio.com\/wp-content\/uploads\/2021\/04\/FOTO-5-1.jpg 1200w\" data-sizes=\"(max-width: 1030px) 100vw, 1030px\" data-rel='gallery-1' data-prev-img='https:\/\/www.casangiorgio.com\/wp-content\/uploads\/2021\/04\/FOTO-5-1-845x684.jpg' class='lightbox ' data-onclick='5' title='FOTO-5'  itemprop=\"thumbnailUrl\"  ><img class=\"wp-image-1799 avia-img-lazy-loading-not-1799\"   src=\"https:\/\/www.casangiorgio.com\/wp-content\/uploads\/2021\/04\/FOTO-5-1-180x180.jpg\" width=\"180\" height=\"180\"  title='FOTO-5' alt='' srcset=\"https:\/\/www.casangiorgio.com\/wp-content\/uploads\/2021\/04\/FOTO-5-1-180x180.jpg 180w, https:\/\/www.casangiorgio.com\/wp-content\/uploads\/2021\/04\/FOTO-5-1-80x80.jpg 80w, https:\/\/www.casangiorgio.com\/wp-content\/uploads\/2021\/04\/FOTO-5-1-36x36.jpg 36w\" sizes=\"(max-width: 180px) 100vw, 180px\" \/><div class='big-prev-fake'><img loading=\"lazy\" class=\"wp-image-1799 avia-img-lazy-loading-1799\"  width=\"845\" height=\"684\" src=\"https:\/\/www.casangiorgio.com\/wp-content\/uploads\/2021\/04\/FOTO-5-1-845x684.jpg\" title='FOTO-5' alt='' srcset=\"https:\/\/www.casangiorgio.com\/wp-content\/uploads\/2021\/04\/FOTO-5-1-845x684.jpg 845w, https:\/\/www.casangiorgio.com\/wp-content\/uploads\/2021\/04\/FOTO-5-1-495x400.jpg 495w\" sizes=\"(max-width: 845px) 100vw, 845px\" \/><\/div><\/a><a href=\"https:\/\/www.casangiorgio.com\/wp-content\/uploads\/2022\/11\/ECONOMY-6-1030x687.jpg\" data-srcset=\"https:\/\/www.casangiorgio.com\/wp-content\/uploads\/2022\/11\/ECONOMY-6-1030x687.jpg 1030w, https:\/\/www.casangiorgio.com\/wp-content\/uploads\/2022\/11\/ECONOMY-6-300x200.jpg 300w, https:\/\/www.casangiorgio.com\/wp-content\/uploads\/2022\/11\/ECONOMY-6-768x512.jpg 768w, https:\/\/www.casangiorgio.com\/wp-content\/uploads\/2022\/11\/ECONOMY-6-705x470.jpg 705w, https:\/\/www.casangiorgio.com\/wp-content\/uploads\/2022\/11\/ECONOMY-6.jpg 1200w\" data-sizes=\"(max-width: 1030px) 100vw, 1030px\" data-rel='gallery-1' data-prev-img='https:\/\/www.casangiorgio.com\/wp-content\/uploads\/2022\/11\/ECONOMY-6-845x684.jpg' class='lightbox ' data-onclick='6' title='ECONOMY-6'  itemprop=\"thumbnailUrl\"  ><img class=\"wp-image-2005 avia-img-lazy-loading-not-2005\"   src=\"https:\/\/www.casangiorgio.com\/wp-content\/uploads\/2022\/11\/ECONOMY-6-180x180.jpg\" width=\"180\" height=\"180\"  title='ECONOMY-6' alt='' srcset=\"https:\/\/www.casangiorgio.com\/wp-content\/uploads\/2022\/11\/ECONOMY-6-180x180.jpg 180w, https:\/\/www.casangiorgio.com\/wp-content\/uploads\/2022\/11\/ECONOMY-6-80x80.jpg 80w, https:\/\/www.casangiorgio.com\/wp-content\/uploads\/2022\/11\/ECONOMY-6-36x36.jpg 36w\" sizes=\"(max-width: 180px) 100vw, 180px\" \/><div class='big-prev-fake'><img loading=\"lazy\" class=\"wp-image-2005 avia-img-lazy-loading-2005\"  width=\"845\" height=\"684\" src=\"https:\/\/www.casangiorgio.com\/wp-content\/uploads\/2022\/11\/ECONOMY-6-845x684.jpg\" title='ECONOMY-6' alt='' srcset=\"https:\/\/www.casangiorgio.com\/wp-content\/uploads\/2022\/11\/ECONOMY-6-845x684.jpg 845w, https:\/\/www.casangiorgio.com\/wp-content\/uploads\/2022\/11\/ECONOMY-6-495x400.jpg 495w\" sizes=\"(max-width: 845px) 100vw, 845px\" \/><\/div><\/a><\/div><\/div><\/div>\n","protected":false},"excerpt":{"rendered":"","protected":false},"author":1,"featured_media":0,"parent":1831,"menu_order":0,"comment_status":"closed","ping_status":"closed","template":"","meta":[],"yoast_head":"<!-- This site is optimized with the Yoast SEO plugin v17.7.1 - https:\/\/yoast.com\/wordpress\/plugins\/seo\/ -->\n<title>Doppelzimmer Economy - Ca&#039; San Giorgio<\/title>\n<meta name=\"robots\" content=\"index, follow, max-snippet:-1, max-image-preview:large, max-video-preview:-1\" \/>\n<link rel=\"canonical\" href=\"https:\/\/www.casangiorgio.com\/de\/die-zimmer\/doppelzimmer-economy\/\" \/>\n<meta property=\"og:locale\" content=\"de_DE\" \/>\n<meta property=\"og:type\" content=\"article\" \/>\n<meta property=\"og:title\" content=\"Doppelzimmer Economy - Ca&#039; San Giorgio\" \/>\n<meta property=\"og:url\" content=\"https:\/\/www.casangiorgio.com\/de\/die-zimmer\/doppelzimmer-economy\/\" \/>\n<meta property=\"og:site_name\" content=\"Ca&#039; San Giorgio\" \/>\n<meta property=\"article:modified_time\" content=\"2022-11-30T14:36:30+00:00\" \/>\n<meta name=\"twitter:card\" content=\"summary\" \/>\n<meta name=\"twitter:label1\" content=\"Gesch\u00e4tzte Lesezeit\" \/>\n\t<meta name=\"twitter:data1\" content=\"4 Minuten\" \/>\n<script type=\"application\/ld+json\" class=\"yoast-schema-graph\">{\"@context\":\"https:\/\/schema.org\",\"@graph\":[{\"@type\":\"WebSite\",\"@id\":\"https:\/\/www.casangiorgio.com\/fr\/#website\",\"url\":\"https:\/\/www.casangiorgio.com\/fr\/\",\"name\":\"Ca&#039; San Giorgio\",\"description\":\"\",\"potentialAction\":[{\"@type\":\"SearchAction\",\"target\":{\"@type\":\"EntryPoint\",\"urlTemplate\":\"https:\/\/www.casangiorgio.com\/fr\/?s={search_term_string}\"},\"query-input\":\"required name=search_term_string\"}],\"inLanguage\":\"de-DE\"},{\"@type\":\"WebPage\",\"@id\":\"https:\/\/www.casangiorgio.com\/de\/die-zimmer\/doppelzimmer-economy\/#webpage\",\"url\":\"https:\/\/www.casangiorgio.com\/de\/die-zimmer\/doppelzimmer-economy\/\",\"name\":\"Doppelzimmer Economy - Ca&#039; San Giorgio\",\"isPartOf\":{\"@id\":\"https:\/\/www.casangiorgio.com\/fr\/#website\"},\"datePublished\":\"2022-11-18T23:59:17+00:00\",\"dateModified\":\"2022-11-30T14:36:30+00:00\",\"breadcrumb\":{\"@id\":\"https:\/\/www.casangiorgio.com\/de\/die-zimmer\/doppelzimmer-economy\/#breadcrumb\"},\"inLanguage\":\"de-DE\",\"potentialAction\":[{\"@type\":\"ReadAction\",\"target\":[\"https:\/\/www.casangiorgio.com\/de\/die-zimmer\/doppelzimmer-economy\/\"]}]},{\"@type\":\"BreadcrumbList\",\"@id\":\"https:\/\/www.casangiorgio.com\/de\/die-zimmer\/doppelzimmer-economy\/#breadcrumb\",\"itemListElement\":[{\"@type\":\"ListItem\",\"position\":1,\"name\":\"Home\",\"item\":\"https:\/\/www.casangiorgio.com\/\"},{\"@type\":\"ListItem\",\"position\":2,\"name\":\"Die Zimmer\",\"item\":\"https:\/\/www.casangiorgio.com\/de\/die-zimmer\/\"},{\"@type\":\"ListItem\",\"position\":3,\"name\":\"Doppelzimmer Economy\"}]}]}<\/script>\n<!-- \/ Yoast SEO plugin. -->","yoast_head_json":{"title":"Doppelzimmer Economy - Ca&#039; San Giorgio","robots":{"index":"index","follow":"follow","max-snippet":"max-snippet:-1","max-image-preview":"max-image-preview:large","max-video-preview":"max-video-preview:-1"},"canonical":"https:\/\/www.casangiorgio.com\/de\/die-zimmer\/doppelzimmer-economy\/","og_locale":"de_DE","og_type":"article","og_title":"Doppelzimmer Economy - Ca&#039; San Giorgio","og_url":"https:\/\/www.casangiorgio.com\/de\/die-zimmer\/doppelzimmer-economy\/","og_site_name":"Ca&#039; San Giorgio","article_modified_time":"2022-11-30T14:36:30+00:00","twitter_card":"summary","twitter_misc":{"Gesch\u00e4tzte Lesezeit":"4 Minuten"},"schema":{"@context":"https:\/\/schema.org","@graph":[{"@type":"WebSite","@id":"https:\/\/www.casangiorgio.com\/fr\/#website","url":"https:\/\/www.casangiorgio.com\/fr\/","name":"Ca&#039; San Giorgio","description":"","potentialAction":[{"@type":"SearchAction","target":{"@type":"EntryPoint","urlTemplate":"https:\/\/www.casangiorgio.com\/fr\/?s={search_term_string}"},"query-input":"required name=search_term_string"}],"inLanguage":"de-DE"},{"@type":"WebPage","@id":"https:\/\/www.casangiorgio.com\/de\/die-zimmer\/doppelzimmer-economy\/#webpage","url":"https:\/\/www.casangiorgio.com\/de\/die-zimmer\/doppelzimmer-economy\/","name":"Doppelzimmer Economy - Ca&#039; San Giorgio","isPartOf":{"@id":"https:\/\/www.casangiorgio.com\/fr\/#website"},"datePublished":"2022-11-18T23:59:17+00:00","dateModified":"2022-11-30T14:36:30+00:00","breadcrumb":{"@id":"https:\/\/www.casangiorgio.com\/de\/die-zimmer\/doppelzimmer-economy\/#breadcrumb"},"inLanguage":"de-DE","potentialAction":[{"@type":"ReadAction","target":["https:\/\/www.casangiorgio.com\/de\/die-zimmer\/doppelzimmer-economy\/"]}]},{"@type":"BreadcrumbList","@id":"https:\/\/www.casangiorgio.com\/de\/die-zimmer\/doppelzimmer-economy\/#breadcrumb","itemListElement":[{"@type":"ListItem","position":1,"name":"Home","item":"https:\/\/www.casangiorgio.com\/"},{"@type":"ListItem","position":2,"name":"Die Zimmer","item":"https:\/\/www.casangiorgio.com\/de\/die-zimmer\/"},{"@type":"ListItem","position":3,"name":"Doppelzimmer Economy"}]}]}},"_links":{"self":[{"href":"https:\/\/www.casangiorgio.com\/de\/wp-json\/wp\/v2\/pages\/1835"}],"collection":[{"href":"https:\/\/www.casangiorgio.com\/de\/wp-json\/wp\/v2\/pages"}],"about":[{"href":"https:\/\/www.casangiorgio.com\/de\/wp-json\/wp\/v2\/types\/page"}],"author":[{"embeddable":true,"href":"https:\/\/www.casangiorgio.com\/de\/wp-json\/wp\/v2\/users\/1"}],"replies":[{"embeddable":true,"href":"https:\/\/www.casangiorgio.com\/de\/wp-json\/wp\/v2\/comments?post=1835"}],"version-history":[{"count":5,"href":"https:\/\/www.casangiorgio.com\/de\/wp-json\/wp\/v2\/pages\/1835\/revisions"}],"predecessor-version":[{"id":2011,"href":"https:\/\/www.casangiorgio.com\/de\/wp-json\/wp\/v2\/pages\/1835\/revisions\/2011"}],"up":[{"embeddable":true,"href":"https:\/\/www.casangiorgio.com\/de\/wp-json\/wp\/v2\/pages\/1831"}],"wp:attachment":[{"href":"https:\/\/www.casangiorgio.com\/de\/wp-json\/wp\/v2\/media?parent=1835"}],"curies":[{"name":"wp","href":"https:\/\/api.w.org\/{rel}","templated":true}]}}