{"id":1845,"date":"2022-11-19T01:01:02","date_gmt":"2022-11-19T00:01:02","guid":{"rendered":"https:\/\/www.casangiorgio.com\/?page_id=1845"},"modified":"2022-11-30T16:23:43","modified_gmt":"2022-11-30T15:23:43","slug":"doppelzimmer-superior","status":"publish","type":"page","link":"https:\/\/www.casangiorgio.com\/de\/die-zimmer\/doppelzimmer-superior\/","title":{"rendered":"Doppelzimmer Superior"},"content":{"rendered":"<div id='av_section_1'  class='avia-section av-1pezw0-f824c63035d5814488da3029d8725fd3 main_color avia-section-default avia-no-border-styling  avia-builder-el-0  el_before_av_one_half  avia-builder-el-first  avia-bg-style-scroll av-minimum-height av-minimum-height-custom  container_wrap sidebar_right'   data-av_minimum_height_px='130'><div class='container av-section-cont-open' style='height:130px'><main  role=\"main\" itemprop=\"mainContentOfPage\"  class='template-page content  av-content-small alpha units'><div class='post-entry post-entry-type-page post-entry-1845'><div class='entry-content-wrapper clearfix'>\n\n<style type=\"text\/css\" data-created_by=\"avia_inline_auto\" id=\"style-css-av-1kynig-b9ef301c6a1460db78ee954466742aae\">\n#top .av-special-heading.av-1kynig-b9ef301c6a1460db78ee954466742aae{\npadding-bottom:10px;\nfont-size:28px;\n}\nbody .av-special-heading.av-1kynig-b9ef301c6a1460db78ee954466742aae .av-special-heading-tag .heading-char{\nfont-size:25px;\n}\n#top #wrap_all .av-special-heading.av-1kynig-b9ef301c6a1460db78ee954466742aae .av-special-heading-tag{\nfont-size:28px;\n}\n.av-special-heading.av-1kynig-b9ef301c6a1460db78ee954466742aae .av-subheading{\nfont-size:15px;\n}\n\n@media only screen and (min-width: 480px) and (max-width: 767px){ \n#top #wrap_all .av-special-heading.av-1kynig-b9ef301c6a1460db78ee954466742aae .av-special-heading-tag{\nfont-size:0.8em;\n}\n}\n\n@media only screen and (max-width: 479px){ \n#top #wrap_all .av-special-heading.av-1kynig-b9ef301c6a1460db78ee954466742aae .av-special-heading-tag{\nfont-size:0.8em;\n}\n}\n<\/style>\n<div  class='av-special-heading av-1kynig-b9ef301c6a1460db78ee954466742aae av-special-heading-h3 blockquote modern-quote  avia-builder-el-1  el_before_av_hr  avia-builder-el-first  av-inherit-size'><h3 class='av-special-heading-tag'  itemprop=\"headline\"  >Doppelzimmer Superior<\/h3><div class=\"special-heading-border\"><div class=\"special-heading-inner-border\"><\/div><\/div><\/div>\n\n<style type=\"text\/css\" data-created_by=\"avia_inline_auto\" id=\"style-css-av-1ftjxk-318a3a2952a08dcbbbcd3cbd3dbb9c8d\">\n#top .hr.av-1ftjxk-318a3a2952a08dcbbbcd3cbd3dbb9c8d{\nmargin-top:30;\nmargin-bottom:0;\n}\n.hr.av-1ftjxk-318a3a2952a08dcbbbcd3cbd3dbb9c8d .hr-inner{\nwidth:100%;\nborder-color:#cccccc;\n}\n<\/style>\n<div  class='hr av-1ftjxk-318a3a2952a08dcbbbcd3cbd3dbb9c8d hr-custom  avia-builder-el-2  el_after_av_heading  avia-builder-el-last  hr-center hr-icon-no'><span class='hr-inner inner-border-av-border-thin'><span class=\"hr-inner-style\"><\/span><\/span><\/div>\n<\/div><\/div><\/main><!-- close content main element --><\/div><\/div><div id='after_section_1'  class='main_color av_default_container_wrap container_wrap sidebar_right'  ><div class='container av-section-cont-open' ><div class='template-page content  av-content-small alpha units'><div class='post-entry post-entry-type-page post-entry-1845'><div class='entry-content-wrapper clearfix'>\n\n<style type=\"text\/css\" data-created_by=\"avia_inline_auto\" id=\"style-css-av-17iq7s-5ae629eae96aa02fcae7d0da39521dfa\">\n.flex_column.av-17iq7s-5ae629eae96aa02fcae7d0da39521dfa{\n-webkit-border-radius:0px 0px 0px 0px;\n-moz-border-radius:0px 0px 0px 0px;\nborder-radius:0px 0px 0px 0px;\npadding:0px 0px 0px 0px;\n}\n<\/style>\n<div class='flex_column av-17iq7s-5ae629eae96aa02fcae7d0da39521dfa av_one_half  avia-builder-el-3  el_after_av_section  el_before_av_one_half  avia-builder-el-first  first flex_column_div av-zero-column-padding '     ><style type=\"text\/css\" data-created_by=\"avia_inline_auto\" id=\"style-css-av-13b6yw-ece0fc8fff9ea0408835786b8a684169\">\n.avia-image-container.av-13b6yw-ece0fc8fff9ea0408835786b8a684169 img.avia_image{\nbox-shadow:none;\n}\n.avia-image-container.av-13b6yw-ece0fc8fff9ea0408835786b8a684169 .av-image-caption-overlay-center{\ncolor:#ffffff;\n}\n<\/style>\n<div  class='avia-image-container av-13b6yw-ece0fc8fff9ea0408835786b8a684169 av-styling- avia-align-left  avia-builder-el-4  avia-builder-el-no-sibling '   itemprop=\"image\" itemscope=\"itemscope\" itemtype=\"https:\/\/schema.org\/ImageObject\" ><div class=\"avia-image-container-inner\"><div class=\"avia-image-overlay-wrap\"><a href=\"https:\/\/www.casangiorgio.com\/wp-content\/uploads\/2022\/11\/DOPPIA-SUPERIOR-1-1030x687.jpg\" data-srcset=\"https:\/\/www.casangiorgio.com\/wp-content\/uploads\/2022\/11\/DOPPIA-SUPERIOR-1-1030x687.jpg 1030w, https:\/\/www.casangiorgio.com\/wp-content\/uploads\/2022\/11\/DOPPIA-SUPERIOR-1-300x200.jpg 300w, https:\/\/www.casangiorgio.com\/wp-content\/uploads\/2022\/11\/DOPPIA-SUPERIOR-1-768x512.jpg 768w, https:\/\/www.casangiorgio.com\/wp-content\/uploads\/2022\/11\/DOPPIA-SUPERIOR-1-705x470.jpg 705w, https:\/\/www.casangiorgio.com\/wp-content\/uploads\/2022\/11\/DOPPIA-SUPERIOR-1.jpg 1200w\" data-sizes=\"(max-width: 1030px) 100vw, 1030px\" class='avia_image' ><img class='wp-image-2087 avia-img-lazy-loading-not-2087 avia_image ' src=\"https:\/\/www.casangiorgio.com\/wp-content\/uploads\/2022\/11\/DOPPIA-SUPERIOR-1-300x200.jpg\" alt='' title='DOPPIA-SUPERIOR-1'  height=\"200\" width=\"300\"  itemprop=\"thumbnailUrl\" srcset=\"https:\/\/www.casangiorgio.com\/wp-content\/uploads\/2022\/11\/DOPPIA-SUPERIOR-1-300x200.jpg 300w, https:\/\/www.casangiorgio.com\/wp-content\/uploads\/2022\/11\/DOPPIA-SUPERIOR-1-1030x687.jpg 1030w, https:\/\/www.casangiorgio.com\/wp-content\/uploads\/2022\/11\/DOPPIA-SUPERIOR-1-768x512.jpg 768w, https:\/\/www.casangiorgio.com\/wp-content\/uploads\/2022\/11\/DOPPIA-SUPERIOR-1-705x470.jpg 705w, https:\/\/www.casangiorgio.com\/wp-content\/uploads\/2022\/11\/DOPPIA-SUPERIOR-1.jpg 1200w\" sizes=\"(max-width: 300px) 100vw, 300px\" \/><\/a><\/div><\/div><\/div><\/div>\n\n<style type=\"text\/css\" data-created_by=\"avia_inline_auto\" id=\"style-css-av-uvptc-5d99f83c8e1d627abe54eae70cddf562\">\n.flex_column.av-uvptc-5d99f83c8e1d627abe54eae70cddf562{\n-webkit-border-radius:0px 0px 0px 0px;\n-moz-border-radius:0px 0px 0px 0px;\nborder-radius:0px 0px 0px 0px;\npadding:0px 0px 0px 0px;\n}\n<\/style>\n<div class='flex_column av-uvptc-5d99f83c8e1d627abe54eae70cddf562 av_one_half  avia-builder-el-5  el_after_av_one_half  el_before_av_one_full  flex_column_div av-zero-column-padding '     ><p><section  class='av_textblock_section av-r82m8-6eed1d9fd54643aaeead1402cbbe81dc'  itemscope=\"itemscope\" itemtype=\"https:\/\/schema.org\/CreativeWork\" ><div class='avia_textblock'  itemprop=\"text\" ><p>Ger\u00e4umig und elegant, mit freiliegenden Holzbalken und einem kleinen Wohnbereich im Zimmer selbst. Es verf\u00fcgt \u00fcber ein eigenes Bad mit Dusche, das mit eleganten Bisazza-Mosaiken verziert ist. Erh\u00e4ltlich mit einem Kingsize-Bett oder zwei Einzelbetten.<br \/>\nDas Superior-Zimmer ist perfekt f\u00fcr diejenigen, die einen Aufenthalt in einer einladenden und stimmungsvollen Atmosph\u00e4re w\u00fcnschen.<br \/>\nAusstattung: Haartrockner, Handtuchw\u00e4rmer, Toilettenartikel, LCD-Sat-TV, Minibar, Safe, individuell einstellbare Klimaanlage und Heizung, kostenloses WLAN, wasserkocher. F\u00fcr 1-3 G\u00e4ste. Gr\u00f6\u00dfe 20 m\u00b2.<\/p>\n<\/div><\/section><br \/>\n\n<style type=\"text\/css\" data-created_by=\"avia_inline_auto\" id=\"style-css-av-jt8wo-f873e2bfb3e7cbfc2ce3c98d4ab25a76\">\n#top .hr.hr-invisible.av-jt8wo-f873e2bfb3e7cbfc2ce3c98d4ab25a76{\nheight:50px;\n}\n<\/style>\n<div  class='hr av-jt8wo-f873e2bfb3e7cbfc2ce3c98d4ab25a76 hr-invisible  avia-builder-el-7  el_after_av_textblock  avia-builder-el-last '><span class='hr-inner '><span class=\"hr-inner-style\"><\/span><\/span><\/div><\/p><\/div>\n\n<style type=\"text\/css\" data-created_by=\"avia_inline_auto\" id=\"style-css-av-fcyug-d895aa15db1a043c7928dadf90abd746\">\n.flex_column.av-fcyug-d895aa15db1a043c7928dadf90abd746{\n-webkit-border-radius:0px 0px 0px 0px;\n-moz-border-radius:0px 0px 0px 0px;\nborder-radius:0px 0px 0px 0px;\npadding:0px 0px 0px 0px;\n}\n<\/style>\n<div class='flex_column av-fcyug-d895aa15db1a043c7928dadf90abd746 av_one_full  avia-builder-el-8  el_after_av_one_half  avia-builder-el-last  first flex_column_div av-zero-column-padding column-top-margin'     ><style type=\"text\/css\" data-created_by=\"avia_inline_auto\" id=\"style-css-av-8i3i0-08663251122999d6ac903d4f0b3f4324\">\n#top .avia-gallery.av-8i3i0-08663251122999d6ac903d4f0b3f4324 .avia-gallery-thumb a{\nwidth:16.6667%;\n}\n<\/style>\n<div  class='avia-gallery av-8i3i0-08663251122999d6ac903d4f0b3f4324 avia_animate_when_visible  avia-builder-el-9  avia-builder-el-no-sibling  avia_lazyload avia-gallery-animate avia-gallery-1'  itemprop=\"image\" itemscope=\"itemscope\" itemtype=\"https:\/\/schema.org\/ImageObject\" ><meta itemprop=\"contentURL\" content=\"https:\/\/www.casangiorgio.com\/de\/die-zimmer\/doppelzimmer-superior\/\"><div class='avia-gallery-thumb'><a href=\"https:\/\/www.casangiorgio.com\/wp-content\/uploads\/2022\/11\/DOPPIA-SUPERIOR-1-1030x687.jpg\" data-srcset=\"https:\/\/www.casangiorgio.com\/wp-content\/uploads\/2022\/11\/DOPPIA-SUPERIOR-1-1030x687.jpg 1030w, https:\/\/www.casangiorgio.com\/wp-content\/uploads\/2022\/11\/DOPPIA-SUPERIOR-1-300x200.jpg 300w, https:\/\/www.casangiorgio.com\/wp-content\/uploads\/2022\/11\/DOPPIA-SUPERIOR-1-768x512.jpg 768w, https:\/\/www.casangiorgio.com\/wp-content\/uploads\/2022\/11\/DOPPIA-SUPERIOR-1-705x470.jpg 705w, https:\/\/www.casangiorgio.com\/wp-content\/uploads\/2022\/11\/DOPPIA-SUPERIOR-1.jpg 1200w\" data-sizes=\"(max-width: 1030px) 100vw, 1030px\" data-rel='gallery-1' data-prev-img='https:\/\/www.casangiorgio.com\/wp-content\/uploads\/2022\/11\/DOPPIA-SUPERIOR-1-845x684.jpg' class='first_thumb lightbox ' data-onclick='1' title='DOPPIA-SUPERIOR-1'  itemprop=\"thumbnailUrl\"  ><img class=\"wp-image-2087 avia-img-lazy-loading-not-2087\"   src=\"https:\/\/www.casangiorgio.com\/wp-content\/uploads\/2022\/11\/DOPPIA-SUPERIOR-1-180x180.jpg\" width=\"180\" height=\"180\"  title='DOPPIA-SUPERIOR-1' alt='' srcset=\"https:\/\/www.casangiorgio.com\/wp-content\/uploads\/2022\/11\/DOPPIA-SUPERIOR-1-180x180.jpg 180w, https:\/\/www.casangiorgio.com\/wp-content\/uploads\/2022\/11\/DOPPIA-SUPERIOR-1-80x80.jpg 80w, https:\/\/www.casangiorgio.com\/wp-content\/uploads\/2022\/11\/DOPPIA-SUPERIOR-1-36x36.jpg 36w\" sizes=\"(max-width: 180px) 100vw, 180px\" \/><div class='big-prev-fake'><img loading=\"lazy\" class=\"wp-image-2087 avia-img-lazy-loading-2087\"  width=\"845\" height=\"684\" src=\"https:\/\/www.casangiorgio.com\/wp-content\/uploads\/2022\/11\/DOPPIA-SUPERIOR-1-845x684.jpg\" title='DOPPIA-SUPERIOR-1' alt='' srcset=\"https:\/\/www.casangiorgio.com\/wp-content\/uploads\/2022\/11\/DOPPIA-SUPERIOR-1-845x684.jpg 845w, https:\/\/www.casangiorgio.com\/wp-content\/uploads\/2022\/11\/DOPPIA-SUPERIOR-1-495x400.jpg 495w\" sizes=\"(max-width: 845px) 100vw, 845px\" \/><\/div><\/a><a href=\"https:\/\/www.casangiorgio.com\/wp-content\/uploads\/2022\/11\/DOPPIA-SUPERIOR-2-1030x687.jpg\" data-srcset=\"https:\/\/www.casangiorgio.com\/wp-content\/uploads\/2022\/11\/DOPPIA-SUPERIOR-2-1030x687.jpg 1030w, https:\/\/www.casangiorgio.com\/wp-content\/uploads\/2022\/11\/DOPPIA-SUPERIOR-2-300x200.jpg 300w, https:\/\/www.casangiorgio.com\/wp-content\/uploads\/2022\/11\/DOPPIA-SUPERIOR-2-768x512.jpg 768w, https:\/\/www.casangiorgio.com\/wp-content\/uploads\/2022\/11\/DOPPIA-SUPERIOR-2-705x470.jpg 705w, https:\/\/www.casangiorgio.com\/wp-content\/uploads\/2022\/11\/DOPPIA-SUPERIOR-2.jpg 1200w\" data-sizes=\"(max-width: 1030px) 100vw, 1030px\" data-rel='gallery-1' data-prev-img='https:\/\/www.casangiorgio.com\/wp-content\/uploads\/2022\/11\/DOPPIA-SUPERIOR-2-845x684.jpg' class='lightbox ' data-onclick='2' title='DOPPIA-SUPERIOR-2'  itemprop=\"thumbnailUrl\"  ><img class=\"wp-image-2091 avia-img-lazy-loading-not-2091\"   src=\"https:\/\/www.casangiorgio.com\/wp-content\/uploads\/2022\/11\/DOPPIA-SUPERIOR-2-180x180.jpg\" width=\"180\" height=\"180\"  title='DOPPIA-SUPERIOR-2' alt='' srcset=\"https:\/\/www.casangiorgio.com\/wp-content\/uploads\/2022\/11\/DOPPIA-SUPERIOR-2-180x180.jpg 180w, https:\/\/www.casangiorgio.com\/wp-content\/uploads\/2022\/11\/DOPPIA-SUPERIOR-2-80x80.jpg 80w, https:\/\/www.casangiorgio.com\/wp-content\/uploads\/2022\/11\/DOPPIA-SUPERIOR-2-36x36.jpg 36w\" sizes=\"(max-width: 180px) 100vw, 180px\" \/><div class='big-prev-fake'><img loading=\"lazy\" class=\"wp-image-2091 avia-img-lazy-loading-2091\"  width=\"845\" height=\"684\" src=\"https:\/\/www.casangiorgio.com\/wp-content\/uploads\/2022\/11\/DOPPIA-SUPERIOR-2-845x684.jpg\" title='DOPPIA-SUPERIOR-2' alt='' srcset=\"https:\/\/www.casangiorgio.com\/wp-content\/uploads\/2022\/11\/DOPPIA-SUPERIOR-2-845x684.jpg 845w, https:\/\/www.casangiorgio.com\/wp-content\/uploads\/2022\/11\/DOPPIA-SUPERIOR-2-495x400.jpg 495w\" sizes=\"(max-width: 845px) 100vw, 845px\" \/><\/div><\/a><a href=\"https:\/\/www.casangiorgio.com\/wp-content\/uploads\/2022\/11\/DOPPIA-SUPERIOR-3-1030x687.jpg\" data-srcset=\"https:\/\/www.casangiorgio.com\/wp-content\/uploads\/2022\/11\/DOPPIA-SUPERIOR-3-1030x687.jpg 1030w, https:\/\/www.casangiorgio.com\/wp-content\/uploads\/2022\/11\/DOPPIA-SUPERIOR-3-300x200.jpg 300w, https:\/\/www.casangiorgio.com\/wp-content\/uploads\/2022\/11\/DOPPIA-SUPERIOR-3-768x512.jpg 768w, https:\/\/www.casangiorgio.com\/wp-content\/uploads\/2022\/11\/DOPPIA-SUPERIOR-3-705x470.jpg 705w, https:\/\/www.casangiorgio.com\/wp-content\/uploads\/2022\/11\/DOPPIA-SUPERIOR-3.jpg 1200w\" data-sizes=\"(max-width: 1030px) 100vw, 1030px\" data-rel='gallery-1' data-prev-img='https:\/\/www.casangiorgio.com\/wp-content\/uploads\/2022\/11\/DOPPIA-SUPERIOR-3-845x684.jpg' class='lightbox ' data-onclick='3' title='DOPPIA-SUPERIOR-3'  itemprop=\"thumbnailUrl\"  ><img class=\"wp-image-2095 avia-img-lazy-loading-not-2095\"   src=\"https:\/\/www.casangiorgio.com\/wp-content\/uploads\/2022\/11\/DOPPIA-SUPERIOR-3-180x180.jpg\" width=\"180\" height=\"180\"  title='DOPPIA-SUPERIOR-3' alt='' srcset=\"https:\/\/www.casangiorgio.com\/wp-content\/uploads\/2022\/11\/DOPPIA-SUPERIOR-3-180x180.jpg 180w, https:\/\/www.casangiorgio.com\/wp-content\/uploads\/2022\/11\/DOPPIA-SUPERIOR-3-80x80.jpg 80w, https:\/\/www.casangiorgio.com\/wp-content\/uploads\/2022\/11\/DOPPIA-SUPERIOR-3-36x36.jpg 36w\" sizes=\"(max-width: 180px) 100vw, 180px\" \/><div class='big-prev-fake'><img loading=\"lazy\" class=\"wp-image-2095 avia-img-lazy-loading-2095\"  width=\"845\" height=\"684\" src=\"https:\/\/www.casangiorgio.com\/wp-content\/uploads\/2022\/11\/DOPPIA-SUPERIOR-3-845x684.jpg\" title='DOPPIA-SUPERIOR-3' alt='' srcset=\"https:\/\/www.casangiorgio.com\/wp-content\/uploads\/2022\/11\/DOPPIA-SUPERIOR-3-845x684.jpg 845w, https:\/\/www.casangiorgio.com\/wp-content\/uploads\/2022\/11\/DOPPIA-SUPERIOR-3-495x400.jpg 495w\" sizes=\"(max-width: 845px) 100vw, 845px\" \/><\/div><\/a><a href=\"https:\/\/www.casangiorgio.com\/wp-content\/uploads\/2021\/04\/FOTO-4-3-1030x687.jpg\" data-srcset=\"https:\/\/www.casangiorgio.com\/wp-content\/uploads\/2021\/04\/FOTO-4-3-1030x687.jpg 1030w, https:\/\/www.casangiorgio.com\/wp-content\/uploads\/2021\/04\/FOTO-4-3-300x200.jpg 300w, https:\/\/www.casangiorgio.com\/wp-content\/uploads\/2021\/04\/FOTO-4-3-768x512.jpg 768w, https:\/\/www.casangiorgio.com\/wp-content\/uploads\/2021\/04\/FOTO-4-3-705x470.jpg 705w, https:\/\/www.casangiorgio.com\/wp-content\/uploads\/2021\/04\/FOTO-4-3.jpg 1200w\" data-sizes=\"(max-width: 1030px) 100vw, 1030px\" data-rel='gallery-1' data-prev-img='https:\/\/www.casangiorgio.com\/wp-content\/uploads\/2021\/04\/FOTO-4-3-845x684.jpg' class='lightbox ' data-onclick='4' title='FOTO-4'  itemprop=\"thumbnailUrl\"  ><img class=\"wp-image-1810 avia-img-lazy-loading-not-1810\"   src=\"https:\/\/www.casangiorgio.com\/wp-content\/uploads\/2021\/04\/FOTO-4-3-180x180.jpg\" width=\"180\" height=\"180\"  title='FOTO-4' alt='' srcset=\"https:\/\/www.casangiorgio.com\/wp-content\/uploads\/2021\/04\/FOTO-4-3-180x180.jpg 180w, https:\/\/www.casangiorgio.com\/wp-content\/uploads\/2021\/04\/FOTO-4-3-80x80.jpg 80w, https:\/\/www.casangiorgio.com\/wp-content\/uploads\/2021\/04\/FOTO-4-3-36x36.jpg 36w\" sizes=\"(max-width: 180px) 100vw, 180px\" \/><div class='big-prev-fake'><img loading=\"lazy\" class=\"wp-image-1810 avia-img-lazy-loading-1810\"  width=\"845\" height=\"684\" src=\"https:\/\/www.casangiorgio.com\/wp-content\/uploads\/2021\/04\/FOTO-4-3-845x684.jpg\" title='FOTO-4' alt='' srcset=\"https:\/\/www.casangiorgio.com\/wp-content\/uploads\/2021\/04\/FOTO-4-3-845x684.jpg 845w, https:\/\/www.casangiorgio.com\/wp-content\/uploads\/2021\/04\/FOTO-4-3-495x400.jpg 495w\" sizes=\"(max-width: 845px) 100vw, 845px\" \/><\/div><\/a><a href=\"https:\/\/www.casangiorgio.com\/wp-content\/uploads\/2021\/04\/FOTO-5-3-1030x687.jpg\" data-srcset=\"https:\/\/www.casangiorgio.com\/wp-content\/uploads\/2021\/04\/FOTO-5-3-1030x687.jpg 1030w, https:\/\/www.casangiorgio.com\/wp-content\/uploads\/2021\/04\/FOTO-5-3-300x200.jpg 300w, https:\/\/www.casangiorgio.com\/wp-content\/uploads\/2021\/04\/FOTO-5-3-768x512.jpg 768w, https:\/\/www.casangiorgio.com\/wp-content\/uploads\/2021\/04\/FOTO-5-3-705x470.jpg 705w, https:\/\/www.casangiorgio.com\/wp-content\/uploads\/2021\/04\/FOTO-5-3.jpg 1200w\" data-sizes=\"(max-width: 1030px) 100vw, 1030px\" data-rel='gallery-1' data-prev-img='https:\/\/www.casangiorgio.com\/wp-content\/uploads\/2021\/04\/FOTO-5-3-845x684.jpg' class='lightbox ' data-onclick='5' title='FOTO-5'  itemprop=\"thumbnailUrl\"  ><img class=\"wp-image-1811 avia-img-lazy-loading-not-1811\"   src=\"https:\/\/www.casangiorgio.com\/wp-content\/uploads\/2021\/04\/FOTO-5-3-180x180.jpg\" width=\"180\" height=\"180\"  title='FOTO-5' alt='' srcset=\"https:\/\/www.casangiorgio.com\/wp-content\/uploads\/2021\/04\/FOTO-5-3-180x180.jpg 180w, https:\/\/www.casangiorgio.com\/wp-content\/uploads\/2021\/04\/FOTO-5-3-80x80.jpg 80w, https:\/\/www.casangiorgio.com\/wp-content\/uploads\/2021\/04\/FOTO-5-3-36x36.jpg 36w\" sizes=\"(max-width: 180px) 100vw, 180px\" \/><div class='big-prev-fake'><img loading=\"lazy\" class=\"wp-image-1811 avia-img-lazy-loading-1811\"  width=\"845\" height=\"684\" src=\"https:\/\/www.casangiorgio.com\/wp-content\/uploads\/2021\/04\/FOTO-5-3-845x684.jpg\" title='FOTO-5' alt='' srcset=\"https:\/\/www.casangiorgio.com\/wp-content\/uploads\/2021\/04\/FOTO-5-3-845x684.jpg 845w, https:\/\/www.casangiorgio.com\/wp-content\/uploads\/2021\/04\/FOTO-5-3-495x400.jpg 495w\" sizes=\"(max-width: 845px) 100vw, 845px\" \/><\/div><\/a><a href=\"https:\/\/www.casangiorgio.com\/wp-content\/uploads\/2022\/11\/DOPPIA-SUPERIOR-6-1030x687.jpg\" data-srcset=\"https:\/\/www.casangiorgio.com\/wp-content\/uploads\/2022\/11\/DOPPIA-SUPERIOR-6-1030x687.jpg 1030w, https:\/\/www.casangiorgio.com\/wp-content\/uploads\/2022\/11\/DOPPIA-SUPERIOR-6-300x200.jpg 300w, https:\/\/www.casangiorgio.com\/wp-content\/uploads\/2022\/11\/DOPPIA-SUPERIOR-6-768x512.jpg 768w, https:\/\/www.casangiorgio.com\/wp-content\/uploads\/2022\/11\/DOPPIA-SUPERIOR-6-705x470.jpg 705w, https:\/\/www.casangiorgio.com\/wp-content\/uploads\/2022\/11\/DOPPIA-SUPERIOR-6.jpg 1200w\" data-sizes=\"(max-width: 1030px) 100vw, 1030px\" data-rel='gallery-1' data-prev-img='https:\/\/www.casangiorgio.com\/wp-content\/uploads\/2022\/11\/DOPPIA-SUPERIOR-6-845x684.jpg' class='lightbox ' data-onclick='6' title='DOPPIA-SUPERIOR-6'  itemprop=\"thumbnailUrl\"  ><img class=\"wp-image-2099 avia-img-lazy-loading-not-2099\"   src=\"https:\/\/www.casangiorgio.com\/wp-content\/uploads\/2022\/11\/DOPPIA-SUPERIOR-6-180x180.jpg\" width=\"180\" height=\"180\"  title='DOPPIA-SUPERIOR-6' alt='' srcset=\"https:\/\/www.casangiorgio.com\/wp-content\/uploads\/2022\/11\/DOPPIA-SUPERIOR-6-180x180.jpg 180w, https:\/\/www.casangiorgio.com\/wp-content\/uploads\/2022\/11\/DOPPIA-SUPERIOR-6-80x80.jpg 80w, https:\/\/www.casangiorgio.com\/wp-content\/uploads\/2022\/11\/DOPPIA-SUPERIOR-6-36x36.jpg 36w\" sizes=\"(max-width: 180px) 100vw, 180px\" \/><div class='big-prev-fake'><img loading=\"lazy\" class=\"wp-image-2099 avia-img-lazy-loading-2099\"  width=\"845\" height=\"684\" src=\"https:\/\/www.casangiorgio.com\/wp-content\/uploads\/2022\/11\/DOPPIA-SUPERIOR-6-845x684.jpg\" title='DOPPIA-SUPERIOR-6' alt='' srcset=\"https:\/\/www.casangiorgio.com\/wp-content\/uploads\/2022\/11\/DOPPIA-SUPERIOR-6-845x684.jpg 845w, https:\/\/www.casangiorgio.com\/wp-content\/uploads\/2022\/11\/DOPPIA-SUPERIOR-6-495x400.jpg 495w\" sizes=\"(max-width: 845px) 100vw, 845px\" \/><\/div><\/a><\/div><\/div><\/div>\n","protected":false},"excerpt":{"rendered":"","protected":false},"author":1,"featured_media":0,"parent":1831,"menu_order":0,"comment_status":"closed","ping_status":"closed","template":"","meta":[],"yoast_head":"<!-- This site is optimized with the Yoast SEO plugin v17.7.1 - https:\/\/yoast.com\/wordpress\/plugins\/seo\/ -->\n<title>Doppelzimmer Superior - Ca&#039; San Giorgio<\/title>\n<meta name=\"robots\" content=\"index, follow, max-snippet:-1, max-image-preview:large, max-video-preview:-1\" \/>\n<link rel=\"canonical\" href=\"https:\/\/www.casangiorgio.com\/de\/die-zimmer\/doppelzimmer-superior\/\" \/>\n<meta property=\"og:locale\" content=\"de_DE\" \/>\n<meta property=\"og:type\" content=\"article\" \/>\n<meta property=\"og:title\" content=\"Doppelzimmer Superior - Ca&#039; San Giorgio\" \/>\n<meta property=\"og:url\" content=\"https:\/\/www.casangiorgio.com\/de\/die-zimmer\/doppelzimmer-superior\/\" \/>\n<meta property=\"og:site_name\" content=\"Ca&#039; San Giorgio\" \/>\n<meta property=\"article:modified_time\" content=\"2022-11-30T15:23:43+00:00\" \/>\n<meta name=\"twitter:card\" content=\"summary\" \/>\n<meta name=\"twitter:label1\" content=\"Gesch\u00e4tzte Lesezeit\" \/>\n\t<meta name=\"twitter:data1\" content=\"5 Minuten\" \/>\n<script type=\"application\/ld+json\" class=\"yoast-schema-graph\">{\"@context\":\"https:\/\/schema.org\",\"@graph\":[{\"@type\":\"WebSite\",\"@id\":\"https:\/\/www.casangiorgio.com\/fr\/#website\",\"url\":\"https:\/\/www.casangiorgio.com\/fr\/\",\"name\":\"Ca&#039; San Giorgio\",\"description\":\"\",\"potentialAction\":[{\"@type\":\"SearchAction\",\"target\":{\"@type\":\"EntryPoint\",\"urlTemplate\":\"https:\/\/www.casangiorgio.com\/fr\/?s={search_term_string}\"},\"query-input\":\"required name=search_term_string\"}],\"inLanguage\":\"de-DE\"},{\"@type\":\"WebPage\",\"@id\":\"https:\/\/www.casangiorgio.com\/de\/die-zimmer\/doppelzimmer-superior\/#webpage\",\"url\":\"https:\/\/www.casangiorgio.com\/de\/die-zimmer\/doppelzimmer-superior\/\",\"name\":\"Doppelzimmer Superior - Ca&#039; San Giorgio\",\"isPartOf\":{\"@id\":\"https:\/\/www.casangiorgio.com\/fr\/#website\"},\"datePublished\":\"2022-11-19T00:01:02+00:00\",\"dateModified\":\"2022-11-30T15:23:43+00:00\",\"breadcrumb\":{\"@id\":\"https:\/\/www.casangiorgio.com\/de\/die-zimmer\/doppelzimmer-superior\/#breadcrumb\"},\"inLanguage\":\"de-DE\",\"potentialAction\":[{\"@type\":\"ReadAction\",\"target\":[\"https:\/\/www.casangiorgio.com\/de\/die-zimmer\/doppelzimmer-superior\/\"]}]},{\"@type\":\"BreadcrumbList\",\"@id\":\"https:\/\/www.casangiorgio.com\/de\/die-zimmer\/doppelzimmer-superior\/#breadcrumb\",\"itemListElement\":[{\"@type\":\"ListItem\",\"position\":1,\"name\":\"Home\",\"item\":\"https:\/\/www.casangiorgio.com\/\"},{\"@type\":\"ListItem\",\"position\":2,\"name\":\"Die Zimmer\",\"item\":\"https:\/\/www.casangiorgio.com\/de\/die-zimmer\/\"},{\"@type\":\"ListItem\",\"position\":3,\"name\":\"Doppelzimmer Superior\"}]}]}<\/script>\n<!-- \/ Yoast SEO plugin. -->","yoast_head_json":{"title":"Doppelzimmer Superior - Ca&#039; San Giorgio","robots":{"index":"index","follow":"follow","max-snippet":"max-snippet:-1","max-image-preview":"max-image-preview:large","max-video-preview":"max-video-preview:-1"},"canonical":"https:\/\/www.casangiorgio.com\/de\/die-zimmer\/doppelzimmer-superior\/","og_locale":"de_DE","og_type":"article","og_title":"Doppelzimmer Superior - Ca&#039; San Giorgio","og_url":"https:\/\/www.casangiorgio.com\/de\/die-zimmer\/doppelzimmer-superior\/","og_site_name":"Ca&#039; San Giorgio","article_modified_time":"2022-11-30T15:23:43+00:00","twitter_card":"summary","twitter_misc":{"Gesch\u00e4tzte Lesezeit":"5 Minuten"},"schema":{"@context":"https:\/\/schema.org","@graph":[{"@type":"WebSite","@id":"https:\/\/www.casangiorgio.com\/fr\/#website","url":"https:\/\/www.casangiorgio.com\/fr\/","name":"Ca&#039; San Giorgio","description":"","potentialAction":[{"@type":"SearchAction","target":{"@type":"EntryPoint","urlTemplate":"https:\/\/www.casangiorgio.com\/fr\/?s={search_term_string}"},"query-input":"required name=search_term_string"}],"inLanguage":"de-DE"},{"@type":"WebPage","@id":"https:\/\/www.casangiorgio.com\/de\/die-zimmer\/doppelzimmer-superior\/#webpage","url":"https:\/\/www.casangiorgio.com\/de\/die-zimmer\/doppelzimmer-superior\/","name":"Doppelzimmer Superior - Ca&#039; San Giorgio","isPartOf":{"@id":"https:\/\/www.casangiorgio.com\/fr\/#website"},"datePublished":"2022-11-19T00:01:02+00:00","dateModified":"2022-11-30T15:23:43+00:00","breadcrumb":{"@id":"https:\/\/www.casangiorgio.com\/de\/die-zimmer\/doppelzimmer-superior\/#breadcrumb"},"inLanguage":"de-DE","potentialAction":[{"@type":"ReadAction","target":["https:\/\/www.casangiorgio.com\/de\/die-zimmer\/doppelzimmer-superior\/"]}]},{"@type":"BreadcrumbList","@id":"https:\/\/www.casangiorgio.com\/de\/die-zimmer\/doppelzimmer-superior\/#breadcrumb","itemListElement":[{"@type":"ListItem","position":1,"name":"Home","item":"https:\/\/www.casangiorgio.com\/"},{"@type":"ListItem","position":2,"name":"Die Zimmer","item":"https:\/\/www.casangiorgio.com\/de\/die-zimmer\/"},{"@type":"ListItem","position":3,"name":"Doppelzimmer Superior"}]}]}},"_links":{"self":[{"href":"https:\/\/www.casangiorgio.com\/de\/wp-json\/wp\/v2\/pages\/1845"}],"collection":[{"href":"https:\/\/www.casangiorgio.com\/de\/wp-json\/wp\/v2\/pages"}],"about":[{"href":"https:\/\/www.casangiorgio.com\/de\/wp-json\/wp\/v2\/types\/page"}],"author":[{"embeddable":true,"href":"https:\/\/www.casangiorgio.com\/de\/wp-json\/wp\/v2\/users\/1"}],"replies":[{"embeddable":true,"href":"https:\/\/www.casangiorgio.com\/de\/wp-json\/wp\/v2\/comments?post=1845"}],"version-history":[{"count":6,"href":"https:\/\/www.casangiorgio.com\/de\/wp-json\/wp\/v2\/pages\/1845\/revisions"}],"predecessor-version":[{"id":2110,"href":"https:\/\/www.casangiorgio.com\/de\/wp-json\/wp\/v2\/pages\/1845\/revisions\/2110"}],"up":[{"embeddable":true,"href":"https:\/\/www.casangiorgio.com\/de\/wp-json\/wp\/v2\/pages\/1831"}],"wp:attachment":[{"href":"https:\/\/www.casangiorgio.com\/de\/wp-json\/wp\/v2\/media?parent=1845"}],"curies":[{"name":"wp","href":"https:\/\/api.w.org\/{rel}","templated":true}]}}