{"id":1849,"date":"2022-11-19T01:01:38","date_gmt":"2022-11-19T00:01:38","guid":{"rendered":"https:\/\/www.casangiorgio.com\/?page_id=1849"},"modified":"2022-11-30T15:57:56","modified_gmt":"2022-11-30T14:57:56","slug":"junior-suite","status":"publish","type":"page","link":"https:\/\/www.casangiorgio.com\/de\/die-zimmer\/junior-suite\/","title":{"rendered":"Junior Suite"},"content":{"rendered":"<div id='av_section_1'  class='avia-section av-fkc5ex-2f3327b4c99f33cef33810719e9a0200 main_color avia-section-default avia-no-border-styling  avia-builder-el-0  el_before_av_one_half  avia-builder-el-first  avia-bg-style-scroll av-minimum-height av-minimum-height-custom  container_wrap sidebar_right'   data-av_minimum_height_px='130'><div class='container av-section-cont-open' style='height:130px'><main  role=\"main\" itemprop=\"mainContentOfPage\"  class='template-page content  av-content-small alpha units'><div class='post-entry post-entry-type-page post-entry-1849'><div class='entry-content-wrapper clearfix'>\n\n<style type=\"text\/css\" data-created_by=\"avia_inline_auto\" id=\"style-css-av-e7aw15-8684cf003c47007a94eee9a9500ddc08\">\n#top .av-special-heading.av-e7aw15-8684cf003c47007a94eee9a9500ddc08{\npadding-bottom:10px;\nfont-size:28px;\n}\nbody .av-special-heading.av-e7aw15-8684cf003c47007a94eee9a9500ddc08 .av-special-heading-tag .heading-char{\nfont-size:25px;\n}\n#top #wrap_all .av-special-heading.av-e7aw15-8684cf003c47007a94eee9a9500ddc08 .av-special-heading-tag{\nfont-size:28px;\n}\n.av-special-heading.av-e7aw15-8684cf003c47007a94eee9a9500ddc08 .av-subheading{\nfont-size:15px;\n}\n\n@media only screen and (min-width: 480px) and (max-width: 767px){ \n#top #wrap_all .av-special-heading.av-e7aw15-8684cf003c47007a94eee9a9500ddc08 .av-special-heading-tag{\nfont-size:0.8em;\n}\n}\n\n@media only screen and (max-width: 479px){ \n#top #wrap_all .av-special-heading.av-e7aw15-8684cf003c47007a94eee9a9500ddc08 .av-special-heading-tag{\nfont-size:0.8em;\n}\n}\n<\/style>\n<div  class='av-special-heading av-e7aw15-8684cf003c47007a94eee9a9500ddc08 av-special-heading-h3 blockquote modern-quote  avia-builder-el-1  el_before_av_hr  avia-builder-el-first  av-inherit-size'><h3 class='av-special-heading-tag'  itemprop=\"headline\"  >Junior Suite<\/h3><div class=\"special-heading-border\"><div class=\"special-heading-inner-border\"><\/div><\/div><\/div>\n\n<style type=\"text\/css\" data-created_by=\"avia_inline_auto\" id=\"style-css-av-ccku9l-9333d2f1946ca5365d1d341b9c2735ba\">\n#top .hr.av-ccku9l-9333d2f1946ca5365d1d341b9c2735ba{\nmargin-top:30;\nmargin-bottom:0;\n}\n.hr.av-ccku9l-9333d2f1946ca5365d1d341b9c2735ba .hr-inner{\nwidth:100%;\nborder-color:#cccccc;\n}\n<\/style>\n<div  class='hr av-ccku9l-9333d2f1946ca5365d1d341b9c2735ba hr-custom  avia-builder-el-2  el_after_av_heading  avia-builder-el-last  hr-center hr-icon-no'><span class='hr-inner inner-border-av-border-thin'><span class=\"hr-inner-style\"><\/span><\/span><\/div>\n<\/div><\/div><\/main><!-- close content main element --><\/div><\/div><div id='after_section_1'  class='main_color av_default_container_wrap container_wrap sidebar_right'  ><div class='container av-section-cont-open' ><div class='template-page content  av-content-small alpha units'><div class='post-entry post-entry-type-page post-entry-1849'><div class='entry-content-wrapper clearfix'>\n\n<style type=\"text\/css\" data-created_by=\"avia_inline_auto\" id=\"style-css-av-ahfcy1-3c909df36eefcec42df8368294e39618\">\n.flex_column.av-ahfcy1-3c909df36eefcec42df8368294e39618{\n-webkit-border-radius:0px 0px 0px 0px;\n-moz-border-radius:0px 0px 0px 0px;\nborder-radius:0px 0px 0px 0px;\npadding:0px 0px 0px 0px;\n}\n<\/style>\n<div class='flex_column av-ahfcy1-3c909df36eefcec42df8368294e39618 av_one_half  avia-builder-el-3  el_after_av_section  el_before_av_one_half  avia-builder-el-first  first flex_column_div av-zero-column-padding '     ><style type=\"text\/css\" data-created_by=\"avia_inline_auto\" id=\"style-css-av-9hdzp5-f146c7e2ed23fbeec7a8bb640892272d\">\n.avia-image-container.av-9hdzp5-f146c7e2ed23fbeec7a8bb640892272d img.avia_image{\nbox-shadow:none;\n}\n.avia-image-container.av-9hdzp5-f146c7e2ed23fbeec7a8bb640892272d .av-image-caption-overlay-center{\ncolor:#ffffff;\n}\n<\/style>\n<div  class='avia-image-container av-9hdzp5-f146c7e2ed23fbeec7a8bb640892272d av-styling- avia-align-left  avia-builder-el-4  avia-builder-el-no-sibling '   itemprop=\"image\" itemscope=\"itemscope\" itemtype=\"https:\/\/schema.org\/ImageObject\" ><div class=\"avia-image-container-inner\"><div class=\"avia-image-overlay-wrap\"><a href=\"https:\/\/www.casangiorgio.com\/wp-content\/uploads\/2022\/11\/JUNIOR-SUITEjs-1-1030x687.jpg\" data-srcset=\"https:\/\/www.casangiorgio.com\/wp-content\/uploads\/2022\/11\/JUNIOR-SUITEjs-1-1030x687.jpg 1030w, https:\/\/www.casangiorgio.com\/wp-content\/uploads\/2022\/11\/JUNIOR-SUITEjs-1-300x200.jpg 300w, https:\/\/www.casangiorgio.com\/wp-content\/uploads\/2022\/11\/JUNIOR-SUITEjs-1-768x512.jpg 768w, https:\/\/www.casangiorgio.com\/wp-content\/uploads\/2022\/11\/JUNIOR-SUITEjs-1-705x470.jpg 705w, https:\/\/www.casangiorgio.com\/wp-content\/uploads\/2022\/11\/JUNIOR-SUITEjs-1.jpg 1200w\" data-sizes=\"(max-width: 1030px) 100vw, 1030px\" class='avia_image' ><img class='wp-image-2017 avia-img-lazy-loading-not-2017 avia_image ' src=\"https:\/\/www.casangiorgio.com\/wp-content\/uploads\/2022\/11\/JUNIOR-SUITEjs-1-300x200.jpg\" alt='' title='JUNIOR-SUITEjs-1'  height=\"200\" width=\"300\"  itemprop=\"thumbnailUrl\" srcset=\"https:\/\/www.casangiorgio.com\/wp-content\/uploads\/2022\/11\/JUNIOR-SUITEjs-1-300x200.jpg 300w, https:\/\/www.casangiorgio.com\/wp-content\/uploads\/2022\/11\/JUNIOR-SUITEjs-1-1030x687.jpg 1030w, https:\/\/www.casangiorgio.com\/wp-content\/uploads\/2022\/11\/JUNIOR-SUITEjs-1-768x512.jpg 768w, https:\/\/www.casangiorgio.com\/wp-content\/uploads\/2022\/11\/JUNIOR-SUITEjs-1-705x470.jpg 705w, https:\/\/www.casangiorgio.com\/wp-content\/uploads\/2022\/11\/JUNIOR-SUITEjs-1.jpg 1200w\" sizes=\"(max-width: 300px) 100vw, 300px\" \/><\/a><\/div><\/div><\/div><\/div>\n<style type=\"text\/css\" data-created_by=\"avia_inline_auto\" id=\"style-css-av-87bomh-8e7adaf281492158735eaa29989900dc\">\n.flex_column.av-87bomh-8e7adaf281492158735eaa29989900dc{\n-webkit-border-radius:0px 0px 0px 0px;\n-moz-border-radius:0px 0px 0px 0px;\nborder-radius:0px 0px 0px 0px;\npadding:0px 0px 0px 0px;\n}\n<\/style>\n<div class='flex_column av-87bomh-8e7adaf281492158735eaa29989900dc av_one_half  avia-builder-el-5  el_after_av_one_half  el_before_av_one_full  flex_column_div av-zero-column-padding '     ><p><section  class='av_textblock_section av-lan60kgi-a079f0e9f554744e3fdecde10d8b7907'  itemscope=\"itemscope\" itemtype=\"https:\/\/schema.org\/CreativeWork\" ><div class='avia_textblock'  itemprop=\"text\" ><p>Gro\u00dfes, helles Zimmer mit kleinem Balkon und teilweisem Blick auf den Canal Grande oder Wohnterrasse mit Blick auf den Innenhof. Kingsize-Bett oder zwei Einzelbetten, Bad mit Badewanne oder Dusche, dekoriert mit elegantem Bisazza-Mosaik.<br \/>\nPerfekt f\u00fcr diejenigen, die einen Aufenthalt im Zeichen von Komfort und Eleganz w\u00fcnschen. Ideal f\u00fcr romantische Ausfl\u00fcge zu zweit.<br \/>\nAusstattung: Haartrockner, Handtuchw\u00e4rmer, Toilettenartikel, LCD-Sat-TV, Minibar, Safe, individuell einstellbare Klimaanlage und Heizung, kostenloses WLAN, wasserkocher. F\u00fcr 1-3 G\u00e4ste. Gr\u00f6\u00dfe 24 m\u00b2.<\/p>\n<\/div><\/section><br \/>\n<div  class='hr av-jhzhl-f7e7e7488f69ab16f8d220693bc04d96 hr-default  avia-builder-el-7  el_after_av_textblock  avia-builder-el-last '><span class='hr-inner '><span class=\"hr-inner-style\"><\/span><\/span><\/div><\/p><\/div><\/p>\n\n<style type=\"text\/css\" data-created_by=\"avia_inline_auto\" id=\"style-css-av-3uvtpl-187567147359a7cfb1b3b000232fc9cc\">\n.flex_column.av-3uvtpl-187567147359a7cfb1b3b000232fc9cc{\n-webkit-border-radius:0px 0px 0px 0px;\n-moz-border-radius:0px 0px 0px 0px;\nborder-radius:0px 0px 0px 0px;\npadding:0px 0px 0px 0px;\n}\n<\/style>\n<div class='flex_column av-3uvtpl-187567147359a7cfb1b3b000232fc9cc av_one_full  avia-builder-el-8  el_after_av_one_half  avia-builder-el-last  first flex_column_div av-zero-column-padding column-top-margin'     ><style type=\"text\/css\" data-created_by=\"avia_inline_auto\" id=\"style-css-av-7kvyh-bef365454cc1b26dc9c494e47baa3a3d\">\n#top .avia-gallery.av-7kvyh-bef365454cc1b26dc9c494e47baa3a3d .avia-gallery-thumb a{\nwidth:16.6667%;\n}\n<\/style>\n<div  class='avia-gallery av-7kvyh-bef365454cc1b26dc9c494e47baa3a3d avia_animate_when_visible  avia-builder-el-9  avia-builder-el-no-sibling  avia_lazyload avia-gallery-animate avia-gallery-1'  itemprop=\"image\" itemscope=\"itemscope\" itemtype=\"https:\/\/schema.org\/ImageObject\" ><meta itemprop=\"contentURL\" content=\"https:\/\/www.casangiorgio.com\/de\/die-zimmer\/junior-suite\/\"><div class='avia-gallery-thumb'><a href=\"https:\/\/www.casangiorgio.com\/wp-content\/uploads\/2022\/11\/JUNIOR-SUITEjs-1-1030x687.jpg\" data-srcset=\"https:\/\/www.casangiorgio.com\/wp-content\/uploads\/2022\/11\/JUNIOR-SUITEjs-1-1030x687.jpg 1030w, https:\/\/www.casangiorgio.com\/wp-content\/uploads\/2022\/11\/JUNIOR-SUITEjs-1-300x200.jpg 300w, https:\/\/www.casangiorgio.com\/wp-content\/uploads\/2022\/11\/JUNIOR-SUITEjs-1-768x512.jpg 768w, https:\/\/www.casangiorgio.com\/wp-content\/uploads\/2022\/11\/JUNIOR-SUITEjs-1-705x470.jpg 705w, https:\/\/www.casangiorgio.com\/wp-content\/uploads\/2022\/11\/JUNIOR-SUITEjs-1.jpg 1200w\" data-sizes=\"(max-width: 1030px) 100vw, 1030px\" data-rel='gallery-1' data-prev-img='https:\/\/www.casangiorgio.com\/wp-content\/uploads\/2022\/11\/JUNIOR-SUITEjs-1-845x684.jpg' class='first_thumb lightbox ' data-onclick='1' title='JUNIOR-SUITEjs-1'  itemprop=\"thumbnailUrl\"  ><img class=\"wp-image-2017 avia-img-lazy-loading-not-2017\"   src=\"https:\/\/www.casangiorgio.com\/wp-content\/uploads\/2022\/11\/JUNIOR-SUITEjs-1-180x180.jpg\" width=\"180\" height=\"180\"  title='JUNIOR-SUITEjs-1' alt='' srcset=\"https:\/\/www.casangiorgio.com\/wp-content\/uploads\/2022\/11\/JUNIOR-SUITEjs-1-180x180.jpg 180w, https:\/\/www.casangiorgio.com\/wp-content\/uploads\/2022\/11\/JUNIOR-SUITEjs-1-80x80.jpg 80w, https:\/\/www.casangiorgio.com\/wp-content\/uploads\/2022\/11\/JUNIOR-SUITEjs-1-36x36.jpg 36w\" sizes=\"(max-width: 180px) 100vw, 180px\" \/><div class='big-prev-fake'><img loading=\"lazy\" class=\"wp-image-2017 avia-img-lazy-loading-2017\"  width=\"845\" height=\"684\" src=\"https:\/\/www.casangiorgio.com\/wp-content\/uploads\/2022\/11\/JUNIOR-SUITEjs-1-845x684.jpg\" title='JUNIOR-SUITEjs-1' alt='' srcset=\"https:\/\/www.casangiorgio.com\/wp-content\/uploads\/2022\/11\/JUNIOR-SUITEjs-1-845x684.jpg 845w, https:\/\/www.casangiorgio.com\/wp-content\/uploads\/2022\/11\/JUNIOR-SUITEjs-1-495x400.jpg 495w\" sizes=\"(max-width: 845px) 100vw, 845px\" \/><\/div><\/a><a href=\"https:\/\/www.casangiorgio.com\/wp-content\/uploads\/2022\/11\/JUNIOR-SUITEjs-2-1030x687.jpg\" data-srcset=\"https:\/\/www.casangiorgio.com\/wp-content\/uploads\/2022\/11\/JUNIOR-SUITEjs-2-1030x687.jpg 1030w, https:\/\/www.casangiorgio.com\/wp-content\/uploads\/2022\/11\/JUNIOR-SUITEjs-2-300x200.jpg 300w, https:\/\/www.casangiorgio.com\/wp-content\/uploads\/2022\/11\/JUNIOR-SUITEjs-2-768x512.jpg 768w, https:\/\/www.casangiorgio.com\/wp-content\/uploads\/2022\/11\/JUNIOR-SUITEjs-2-705x470.jpg 705w, https:\/\/www.casangiorgio.com\/wp-content\/uploads\/2022\/11\/JUNIOR-SUITEjs-2.jpg 1200w\" data-sizes=\"(max-width: 1030px) 100vw, 1030px\" data-rel='gallery-1' data-prev-img='https:\/\/www.casangiorgio.com\/wp-content\/uploads\/2022\/11\/JUNIOR-SUITEjs-2-845x684.jpg' class='lightbox ' data-onclick='2' title='JUNIOR-SUITEjs-2'  itemprop=\"thumbnailUrl\"  ><img class=\"wp-image-2021 avia-img-lazy-loading-not-2021\"   src=\"https:\/\/www.casangiorgio.com\/wp-content\/uploads\/2022\/11\/JUNIOR-SUITEjs-2-180x180.jpg\" width=\"180\" height=\"180\"  title='JUNIOR-SUITEjs-2' alt='' srcset=\"https:\/\/www.casangiorgio.com\/wp-content\/uploads\/2022\/11\/JUNIOR-SUITEjs-2-180x180.jpg 180w, https:\/\/www.casangiorgio.com\/wp-content\/uploads\/2022\/11\/JUNIOR-SUITEjs-2-80x80.jpg 80w, https:\/\/www.casangiorgio.com\/wp-content\/uploads\/2022\/11\/JUNIOR-SUITEjs-2-36x36.jpg 36w\" sizes=\"(max-width: 180px) 100vw, 180px\" \/><div class='big-prev-fake'><img loading=\"lazy\" class=\"wp-image-2021 avia-img-lazy-loading-2021\"  width=\"845\" height=\"684\" src=\"https:\/\/www.casangiorgio.com\/wp-content\/uploads\/2022\/11\/JUNIOR-SUITEjs-2-845x684.jpg\" title='JUNIOR-SUITEjs-2' alt='' srcset=\"https:\/\/www.casangiorgio.com\/wp-content\/uploads\/2022\/11\/JUNIOR-SUITEjs-2-845x684.jpg 845w, https:\/\/www.casangiorgio.com\/wp-content\/uploads\/2022\/11\/JUNIOR-SUITEjs-2-495x400.jpg 495w\" sizes=\"(max-width: 845px) 100vw, 845px\" \/><\/div><\/a><a href=\"https:\/\/www.casangiorgio.com\/wp-content\/uploads\/2022\/11\/JUNIOR-SUITEjs-3-1030x687.jpg\" data-srcset=\"https:\/\/www.casangiorgio.com\/wp-content\/uploads\/2022\/11\/JUNIOR-SUITEjs-3-1030x687.jpg 1030w, https:\/\/www.casangiorgio.com\/wp-content\/uploads\/2022\/11\/JUNIOR-SUITEjs-3-300x200.jpg 300w, https:\/\/www.casangiorgio.com\/wp-content\/uploads\/2022\/11\/JUNIOR-SUITEjs-3-768x512.jpg 768w, https:\/\/www.casangiorgio.com\/wp-content\/uploads\/2022\/11\/JUNIOR-SUITEjs-3-705x470.jpg 705w, https:\/\/www.casangiorgio.com\/wp-content\/uploads\/2022\/11\/JUNIOR-SUITEjs-3.jpg 1200w\" data-sizes=\"(max-width: 1030px) 100vw, 1030px\" data-rel='gallery-1' data-prev-img='https:\/\/www.casangiorgio.com\/wp-content\/uploads\/2022\/11\/JUNIOR-SUITEjs-3-845x684.jpg' class='lightbox ' data-onclick='3' title='JUNIOR-SUITEjs-3'  itemprop=\"thumbnailUrl\"  ><img class=\"wp-image-2025 avia-img-lazy-loading-not-2025\"   src=\"https:\/\/www.casangiorgio.com\/wp-content\/uploads\/2022\/11\/JUNIOR-SUITEjs-3-180x180.jpg\" width=\"180\" height=\"180\"  title='JUNIOR-SUITEjs-3' alt='' srcset=\"https:\/\/www.casangiorgio.com\/wp-content\/uploads\/2022\/11\/JUNIOR-SUITEjs-3-180x180.jpg 180w, https:\/\/www.casangiorgio.com\/wp-content\/uploads\/2022\/11\/JUNIOR-SUITEjs-3-80x80.jpg 80w, https:\/\/www.casangiorgio.com\/wp-content\/uploads\/2022\/11\/JUNIOR-SUITEjs-3-36x36.jpg 36w\" sizes=\"(max-width: 180px) 100vw, 180px\" \/><div class='big-prev-fake'><img loading=\"lazy\" class=\"wp-image-2025 avia-img-lazy-loading-2025\"  width=\"845\" height=\"684\" src=\"https:\/\/www.casangiorgio.com\/wp-content\/uploads\/2022\/11\/JUNIOR-SUITEjs-3-845x684.jpg\" title='JUNIOR-SUITEjs-3' alt='' srcset=\"https:\/\/www.casangiorgio.com\/wp-content\/uploads\/2022\/11\/JUNIOR-SUITEjs-3-845x684.jpg 845w, https:\/\/www.casangiorgio.com\/wp-content\/uploads\/2022\/11\/JUNIOR-SUITEjs-3-495x400.jpg 495w\" sizes=\"(max-width: 845px) 100vw, 845px\" \/><\/div><\/a><a href=\"https:\/\/www.casangiorgio.com\/wp-content\/uploads\/2015\/12\/js_volto_4-1030x671.jpg\" data-srcset=\"https:\/\/www.casangiorgio.com\/wp-content\/uploads\/2015\/12\/js_volto_4-1030x671.jpg 1030w, https:\/\/www.casangiorgio.com\/wp-content\/uploads\/2015\/12\/js_volto_4-300x196.jpg 300w, https:\/\/www.casangiorgio.com\/wp-content\/uploads\/2015\/12\/js_volto_4-768x500.jpg 768w, https:\/\/www.casangiorgio.com\/wp-content\/uploads\/2015\/12\/js_volto_4-705x459.jpg 705w, https:\/\/www.casangiorgio.com\/wp-content\/uploads\/2015\/12\/js_volto_4-450x293.jpg 450w, https:\/\/www.casangiorgio.com\/wp-content\/uploads\/2015\/12\/js_volto_4.jpg 1200w\" data-sizes=\"(max-width: 1030px) 100vw, 1030px\" data-rel='gallery-1' data-prev-img='https:\/\/www.casangiorgio.com\/wp-content\/uploads\/2015\/12\/js_volto_4-845x684.jpg' class='lightbox ' data-onclick='4' title='js_volto_4'  itemprop=\"thumbnailUrl\"  ><img class=\"wp-image-1761 avia-img-lazy-loading-not-1761\"   src=\"https:\/\/www.casangiorgio.com\/wp-content\/uploads\/2015\/12\/js_volto_4-180x180.jpg\" width=\"180\" height=\"180\"  title='js_volto_4' alt='' srcset=\"https:\/\/www.casangiorgio.com\/wp-content\/uploads\/2015\/12\/js_volto_4-180x180.jpg 180w, https:\/\/www.casangiorgio.com\/wp-content\/uploads\/2015\/12\/js_volto_4-80x80.jpg 80w, https:\/\/www.casangiorgio.com\/wp-content\/uploads\/2015\/12\/js_volto_4-36x36.jpg 36w, https:\/\/www.casangiorgio.com\/wp-content\/uploads\/2015\/12\/js_volto_4-120x120.jpg 120w, https:\/\/www.casangiorgio.com\/wp-content\/uploads\/2015\/12\/js_volto_4-450x450.jpg 450w\" sizes=\"(max-width: 180px) 100vw, 180px\" \/><div class='big-prev-fake'><img loading=\"lazy\" class=\"wp-image-1761 avia-img-lazy-loading-1761\"  width=\"845\" height=\"684\" src=\"https:\/\/www.casangiorgio.com\/wp-content\/uploads\/2015\/12\/js_volto_4-845x684.jpg\" title='js_volto_4' alt='' srcset=\"https:\/\/www.casangiorgio.com\/wp-content\/uploads\/2015\/12\/js_volto_4-845x684.jpg 845w, https:\/\/www.casangiorgio.com\/wp-content\/uploads\/2015\/12\/js_volto_4-495x400.jpg 495w\" sizes=\"(max-width: 845px) 100vw, 845px\" \/><\/div><\/a><a href=\"https:\/\/www.casangiorgio.com\/wp-content\/uploads\/2015\/12\/js_volto_3-1030x718.jpg\" data-srcset=\"https:\/\/www.casangiorgio.com\/wp-content\/uploads\/2015\/12\/js_volto_3-1030x718.jpg 1030w, https:\/\/www.casangiorgio.com\/wp-content\/uploads\/2015\/12\/js_volto_3-300x209.jpg 300w, https:\/\/www.casangiorgio.com\/wp-content\/uploads\/2015\/12\/js_volto_3-768x536.jpg 768w, https:\/\/www.casangiorgio.com\/wp-content\/uploads\/2015\/12\/js_volto_3-705x492.jpg 705w, https:\/\/www.casangiorgio.com\/wp-content\/uploads\/2015\/12\/js_volto_3-450x314.jpg 450w, https:\/\/www.casangiorgio.com\/wp-content\/uploads\/2015\/12\/js_volto_3.jpg 1200w\" data-sizes=\"(max-width: 1030px) 100vw, 1030px\" data-rel='gallery-1' data-prev-img='https:\/\/www.casangiorgio.com\/wp-content\/uploads\/2015\/12\/js_volto_3-845x684.jpg' class='lightbox ' data-onclick='5' title='js_volto_3'  itemprop=\"thumbnailUrl\"  ><img class=\"wp-image-1760 avia-img-lazy-loading-not-1760\"   src=\"https:\/\/www.casangiorgio.com\/wp-content\/uploads\/2015\/12\/js_volto_3-180x180.jpg\" width=\"180\" height=\"180\"  title='js_volto_3' alt='' srcset=\"https:\/\/www.casangiorgio.com\/wp-content\/uploads\/2015\/12\/js_volto_3-180x180.jpg 180w, https:\/\/www.casangiorgio.com\/wp-content\/uploads\/2015\/12\/js_volto_3-80x80.jpg 80w, https:\/\/www.casangiorgio.com\/wp-content\/uploads\/2015\/12\/js_volto_3-36x36.jpg 36w, https:\/\/www.casangiorgio.com\/wp-content\/uploads\/2015\/12\/js_volto_3-120x120.jpg 120w, https:\/\/www.casangiorgio.com\/wp-content\/uploads\/2015\/12\/js_volto_3-450x450.jpg 450w\" sizes=\"(max-width: 180px) 100vw, 180px\" \/><div class='big-prev-fake'><img loading=\"lazy\" class=\"wp-image-1760 avia-img-lazy-loading-1760\"  width=\"845\" height=\"684\" src=\"https:\/\/www.casangiorgio.com\/wp-content\/uploads\/2015\/12\/js_volto_3-845x684.jpg\" title='js_volto_3' alt='' srcset=\"https:\/\/www.casangiorgio.com\/wp-content\/uploads\/2015\/12\/js_volto_3-845x684.jpg 845w, https:\/\/www.casangiorgio.com\/wp-content\/uploads\/2015\/12\/js_volto_3-495x400.jpg 495w\" sizes=\"(max-width: 845px) 100vw, 845px\" \/><\/div><\/a><a href=\"https:\/\/www.casangiorgio.com\/wp-content\/uploads\/2022\/11\/JUNIOR-SUITEjs-6-1030x687.jpg\" data-srcset=\"https:\/\/www.casangiorgio.com\/wp-content\/uploads\/2022\/11\/JUNIOR-SUITEjs-6-1030x687.jpg 1030w, https:\/\/www.casangiorgio.com\/wp-content\/uploads\/2022\/11\/JUNIOR-SUITEjs-6-300x200.jpg 300w, https:\/\/www.casangiorgio.com\/wp-content\/uploads\/2022\/11\/JUNIOR-SUITEjs-6-768x512.jpg 768w, https:\/\/www.casangiorgio.com\/wp-content\/uploads\/2022\/11\/JUNIOR-SUITEjs-6-705x470.jpg 705w, https:\/\/www.casangiorgio.com\/wp-content\/uploads\/2022\/11\/JUNIOR-SUITEjs-6.jpg 1200w\" data-sizes=\"(max-width: 1030px) 100vw, 1030px\" data-rel='gallery-1' data-prev-img='https:\/\/www.casangiorgio.com\/wp-content\/uploads\/2022\/11\/JUNIOR-SUITEjs-6-845x684.jpg' class='lightbox ' data-onclick='6' title='JUNIOR-SUITEjs-6'  itemprop=\"thumbnailUrl\"  ><img class=\"wp-image-2029 avia-img-lazy-loading-not-2029\"   src=\"https:\/\/www.casangiorgio.com\/wp-content\/uploads\/2022\/11\/JUNIOR-SUITEjs-6-180x180.jpg\" width=\"180\" height=\"180\"  title='JUNIOR-SUITEjs-6' alt='' srcset=\"https:\/\/www.casangiorgio.com\/wp-content\/uploads\/2022\/11\/JUNIOR-SUITEjs-6-180x180.jpg 180w, https:\/\/www.casangiorgio.com\/wp-content\/uploads\/2022\/11\/JUNIOR-SUITEjs-6-80x80.jpg 80w, https:\/\/www.casangiorgio.com\/wp-content\/uploads\/2022\/11\/JUNIOR-SUITEjs-6-36x36.jpg 36w\" sizes=\"(max-width: 180px) 100vw, 180px\" \/><div class='big-prev-fake'><img loading=\"lazy\" class=\"wp-image-2029 avia-img-lazy-loading-2029\"  width=\"845\" height=\"684\" src=\"https:\/\/www.casangiorgio.com\/wp-content\/uploads\/2022\/11\/JUNIOR-SUITEjs-6-845x684.jpg\" title='JUNIOR-SUITEjs-6' alt='' srcset=\"https:\/\/www.casangiorgio.com\/wp-content\/uploads\/2022\/11\/JUNIOR-SUITEjs-6-845x684.jpg 845w, https:\/\/www.casangiorgio.com\/wp-content\/uploads\/2022\/11\/JUNIOR-SUITEjs-6-495x400.jpg 495w\" sizes=\"(max-width: 845px) 100vw, 845px\" \/><\/div><\/a><\/div><\/div><\/div>\n","protected":false},"excerpt":{"rendered":"","protected":false},"author":1,"featured_media":0,"parent":1831,"menu_order":0,"comment_status":"closed","ping_status":"closed","template":"","meta":[],"yoast_head":"<!-- This site is optimized with the Yoast SEO plugin v17.7.1 - https:\/\/yoast.com\/wordpress\/plugins\/seo\/ -->\n<title>Junior Suite - Ca&#039; San Giorgio<\/title>\n<meta name=\"robots\" content=\"index, follow, max-snippet:-1, max-image-preview:large, max-video-preview:-1\" \/>\n<link rel=\"canonical\" href=\"https:\/\/www.casangiorgio.com\/de\/die-zimmer\/junior-suite\/\" \/>\n<meta property=\"og:locale\" content=\"de_DE\" \/>\n<meta property=\"og:type\" content=\"article\" \/>\n<meta property=\"og:title\" content=\"Junior Suite - Ca&#039; San Giorgio\" \/>\n<meta property=\"og:url\" content=\"https:\/\/www.casangiorgio.com\/de\/die-zimmer\/junior-suite\/\" \/>\n<meta property=\"og:site_name\" content=\"Ca&#039; San Giorgio\" \/>\n<meta property=\"article:modified_time\" content=\"2022-11-30T14:57:56+00:00\" \/>\n<meta name=\"twitter:card\" content=\"summary\" \/>\n<meta name=\"twitter:label1\" content=\"Gesch\u00e4tzte Lesezeit\" \/>\n\t<meta name=\"twitter:data1\" content=\"5 Minuten\" \/>\n<script type=\"application\/ld+json\" class=\"yoast-schema-graph\">{\"@context\":\"https:\/\/schema.org\",\"@graph\":[{\"@type\":\"WebSite\",\"@id\":\"https:\/\/www.casangiorgio.com\/fr\/#website\",\"url\":\"https:\/\/www.casangiorgio.com\/fr\/\",\"name\":\"Ca&#039; San Giorgio\",\"description\":\"\",\"potentialAction\":[{\"@type\":\"SearchAction\",\"target\":{\"@type\":\"EntryPoint\",\"urlTemplate\":\"https:\/\/www.casangiorgio.com\/fr\/?s={search_term_string}\"},\"query-input\":\"required name=search_term_string\"}],\"inLanguage\":\"de-DE\"},{\"@type\":\"WebPage\",\"@id\":\"https:\/\/www.casangiorgio.com\/de\/die-zimmer\/junior-suite\/#webpage\",\"url\":\"https:\/\/www.casangiorgio.com\/de\/die-zimmer\/junior-suite\/\",\"name\":\"Junior Suite - Ca&#039; San Giorgio\",\"isPartOf\":{\"@id\":\"https:\/\/www.casangiorgio.com\/fr\/#website\"},\"datePublished\":\"2022-11-19T00:01:38+00:00\",\"dateModified\":\"2022-11-30T14:57:56+00:00\",\"breadcrumb\":{\"@id\":\"https:\/\/www.casangiorgio.com\/de\/die-zimmer\/junior-suite\/#breadcrumb\"},\"inLanguage\":\"de-DE\",\"potentialAction\":[{\"@type\":\"ReadAction\",\"target\":[\"https:\/\/www.casangiorgio.com\/de\/die-zimmer\/junior-suite\/\"]}]},{\"@type\":\"BreadcrumbList\",\"@id\":\"https:\/\/www.casangiorgio.com\/de\/die-zimmer\/junior-suite\/#breadcrumb\",\"itemListElement\":[{\"@type\":\"ListItem\",\"position\":1,\"name\":\"Home\",\"item\":\"https:\/\/www.casangiorgio.com\/\"},{\"@type\":\"ListItem\",\"position\":2,\"name\":\"Die Zimmer\",\"item\":\"https:\/\/www.casangiorgio.com\/de\/die-zimmer\/\"},{\"@type\":\"ListItem\",\"position\":3,\"name\":\"Junior Suite\"}]}]}<\/script>\n<!-- \/ Yoast SEO plugin. -->","yoast_head_json":{"title":"Junior Suite - Ca&#039; San Giorgio","robots":{"index":"index","follow":"follow","max-snippet":"max-snippet:-1","max-image-preview":"max-image-preview:large","max-video-preview":"max-video-preview:-1"},"canonical":"https:\/\/www.casangiorgio.com\/de\/die-zimmer\/junior-suite\/","og_locale":"de_DE","og_type":"article","og_title":"Junior Suite - Ca&#039; San Giorgio","og_url":"https:\/\/www.casangiorgio.com\/de\/die-zimmer\/junior-suite\/","og_site_name":"Ca&#039; San Giorgio","article_modified_time":"2022-11-30T14:57:56+00:00","twitter_card":"summary","twitter_misc":{"Gesch\u00e4tzte Lesezeit":"5 Minuten"},"schema":{"@context":"https:\/\/schema.org","@graph":[{"@type":"WebSite","@id":"https:\/\/www.casangiorgio.com\/fr\/#website","url":"https:\/\/www.casangiorgio.com\/fr\/","name":"Ca&#039; San Giorgio","description":"","potentialAction":[{"@type":"SearchAction","target":{"@type":"EntryPoint","urlTemplate":"https:\/\/www.casangiorgio.com\/fr\/?s={search_term_string}"},"query-input":"required name=search_term_string"}],"inLanguage":"de-DE"},{"@type":"WebPage","@id":"https:\/\/www.casangiorgio.com\/de\/die-zimmer\/junior-suite\/#webpage","url":"https:\/\/www.casangiorgio.com\/de\/die-zimmer\/junior-suite\/","name":"Junior Suite - Ca&#039; San Giorgio","isPartOf":{"@id":"https:\/\/www.casangiorgio.com\/fr\/#website"},"datePublished":"2022-11-19T00:01:38+00:00","dateModified":"2022-11-30T14:57:56+00:00","breadcrumb":{"@id":"https:\/\/www.casangiorgio.com\/de\/die-zimmer\/junior-suite\/#breadcrumb"},"inLanguage":"de-DE","potentialAction":[{"@type":"ReadAction","target":["https:\/\/www.casangiorgio.com\/de\/die-zimmer\/junior-suite\/"]}]},{"@type":"BreadcrumbList","@id":"https:\/\/www.casangiorgio.com\/de\/die-zimmer\/junior-suite\/#breadcrumb","itemListElement":[{"@type":"ListItem","position":1,"name":"Home","item":"https:\/\/www.casangiorgio.com\/"},{"@type":"ListItem","position":2,"name":"Die Zimmer","item":"https:\/\/www.casangiorgio.com\/de\/die-zimmer\/"},{"@type":"ListItem","position":3,"name":"Junior Suite"}]}]}},"_links":{"self":[{"href":"https:\/\/www.casangiorgio.com\/de\/wp-json\/wp\/v2\/pages\/1849"}],"collection":[{"href":"https:\/\/www.casangiorgio.com\/de\/wp-json\/wp\/v2\/pages"}],"about":[{"href":"https:\/\/www.casangiorgio.com\/de\/wp-json\/wp\/v2\/types\/page"}],"author":[{"embeddable":true,"href":"https:\/\/www.casangiorgio.com\/de\/wp-json\/wp\/v2\/users\/1"}],"replies":[{"embeddable":true,"href":"https:\/\/www.casangiorgio.com\/de\/wp-json\/wp\/v2\/comments?post=1849"}],"version-history":[{"count":6,"href":"https:\/\/www.casangiorgio.com\/de\/wp-json\/wp\/v2\/pages\/1849\/revisions"}],"predecessor-version":[{"id":2036,"href":"https:\/\/www.casangiorgio.com\/de\/wp-json\/wp\/v2\/pages\/1849\/revisions\/2036"}],"up":[{"embeddable":true,"href":"https:\/\/www.casangiorgio.com\/de\/wp-json\/wp\/v2\/pages\/1831"}],"wp:attachment":[{"href":"https:\/\/www.casangiorgio.com\/de\/wp-json\/wp\/v2\/media?parent=1849"}],"curies":[{"name":"wp","href":"https:\/\/api.w.org\/{rel}","templated":true}]}}