{"id":1866,"date":"2022-11-19T01:05:21","date_gmt":"2022-11-19T00:05:21","guid":{"rendered":"https:\/\/www.casangiorgio.com\/?page_id=1866"},"modified":"2022-11-19T01:05:21","modified_gmt":"2022-11-19T00:05:21","slug":"sonderangebote","status":"publish","type":"page","link":"https:\/\/www.casangiorgio.com\/de\/sonderangebote\/","title":{"rendered":"Sonderangebote"},"content":{"rendered":"<div id='av_section_1'  class='avia-section av-av_section-f393d635394c90bff6f80dd0246b4982 main_color avia-section-default avia-no-border-styling  avia-builder-el-0  el_before_av_one_fourth  avia-builder-el-first  avia-bg-style-scroll av-minimum-height av-minimum-height-custom  container_wrap sidebar_right'   data-av_minimum_height_px='130'><div class='container av-section-cont-open' style='height:130px'><main  role=\"main\" itemprop=\"mainContentOfPage\"  class='template-page content  av-content-small alpha units'><div class='post-entry post-entry-type-page post-entry-1866'><div class='entry-content-wrapper clearfix'>\n\n<style type=\"text\/css\" data-created_by=\"avia_inline_auto\" id=\"style-css-av-lan64d0a-8dc86b71b4ac92d1a798fbc5d0f22a9e\">\n#top .av-special-heading.av-lan64d0a-8dc86b71b4ac92d1a798fbc5d0f22a9e{\npadding-bottom:10px;\nfont-size:28px;\n}\nbody .av-special-heading.av-lan64d0a-8dc86b71b4ac92d1a798fbc5d0f22a9e .av-special-heading-tag .heading-char{\nfont-size:25px;\n}\n#top #wrap_all .av-special-heading.av-lan64d0a-8dc86b71b4ac92d1a798fbc5d0f22a9e .av-special-heading-tag{\nfont-size:28px;\n}\n.av-special-heading.av-lan64d0a-8dc86b71b4ac92d1a798fbc5d0f22a9e .av-subheading{\nfont-size:15px;\n}\n\n@media only screen and (min-width: 480px) and (max-width: 767px){ \n#top #wrap_all .av-special-heading.av-lan64d0a-8dc86b71b4ac92d1a798fbc5d0f22a9e .av-special-heading-tag{\nfont-size:0.8em;\n}\n}\n\n@media only screen and (max-width: 479px){ \n#top #wrap_all .av-special-heading.av-lan64d0a-8dc86b71b4ac92d1a798fbc5d0f22a9e .av-special-heading-tag{\nfont-size:0.8em;\n}\n}\n<\/style>\n<div  class='av-special-heading av-lan64d0a-8dc86b71b4ac92d1a798fbc5d0f22a9e av-special-heading-h3 blockquote modern-quote  avia-builder-el-1  el_before_av_hr  avia-builder-el-first  av-inherit-size'><h3 class='av-special-heading-tag'  itemprop=\"headline\"  >Sonderangebote<\/h3><div class=\"special-heading-border\"><div class=\"special-heading-inner-border\"><\/div><\/div><\/div>\n\n<style type=\"text\/css\" data-created_by=\"avia_inline_auto\" id=\"style-css-av-av_hr-ac1cbc8be11ef7e76654570d72b88b48\">\n#top .hr.av-av_hr-ac1cbc8be11ef7e76654570d72b88b48{\nmargin-top:30;\nmargin-bottom:0;\n}\n.hr.av-av_hr-ac1cbc8be11ef7e76654570d72b88b48 .hr-inner{\nwidth:100%;\nborder-color:#cccccc;\n}\n<\/style>\n<div  class='hr av-av_hr-ac1cbc8be11ef7e76654570d72b88b48 hr-custom  avia-builder-el-2  el_after_av_heading  avia-builder-el-last  hr-center hr-icon-no'><span class='hr-inner inner-border-av-border-thin'><span class=\"hr-inner-style\"><\/span><\/span><\/div>\n<\/div><\/div><\/main><!-- close content main element --><\/div><\/div><div id='after_section_1'  class='main_color av_default_container_wrap container_wrap sidebar_right'  ><div class='container av-section-cont-open' ><div class='template-page content  av-content-small alpha units'><div class='post-entry post-entry-type-page post-entry-1866'><div class='entry-content-wrapper clearfix'>\n<style type=\"text\/css\" data-created_by=\"avia_inline_auto\" id=\"style-css-av-av_one_fourth-9497bbf8bff73ea4c6992cc17fa9ec36\">\n.flex_column.av-av_one_fourth-9497bbf8bff73ea4c6992cc17fa9ec36{\n-webkit-border-radius:0px 0px 0px 0px;\n-moz-border-radius:0px 0px 0px 0px;\nborder-radius:0px 0px 0px 0px;\npadding:0px 0px 0px 0px;\n}\n<\/style>\n<div class='flex_column av-av_one_fourth-9497bbf8bff73ea4c6992cc17fa9ec36 av_one_fourth  avia-builder-el-3  el_after_av_section  el_before_av_three_fourth  avia-builder-el-first  first flex_column_div av-zero-column-padding '     ><\/div><\/p>\n\n<style type=\"text\/css\" data-created_by=\"avia_inline_auto\" id=\"style-css-av-av_three_fourth-9c1d454dc06f7247226bc4e8f931daae\">\n.flex_column.av-av_three_fourth-9c1d454dc06f7247226bc4e8f931daae{\n-webkit-border-radius:0px 0px 0px 0px;\n-moz-border-radius:0px 0px 0px 0px;\nborder-radius:0px 0px 0px 0px;\npadding:0px 0px 0px 0px;\n}\n<\/style>\n<div class='flex_column av-av_three_fourth-9c1d454dc06f7247226bc4e8f931daae av_three_fourth  avia-builder-el-4  el_after_av_one_fourth  el_before_av_hr  flex_column_div av-zero-column-padding '     ><section  class='av_textblock_section av-lan64l5n-62b265baa2e2c1da4766998ae98fd1b8'  itemscope=\"itemscope\" itemtype=\"https:\/\/schema.org\/CreativeWork\" ><div class='avia_textblock'  itemprop=\"text\" ><h4>Reiseb\u00fcros und Reiseveranstalter<\/h4>\n<p>Wenn Sie ein Reiseb\u00fcro oder ein Reiseveranstalter sind und einen Aufenthalt in Venedig planen m\u00fcssen, fordern Sie den Promo-Code an, um online zu g\u00fcnstigeren Preisen zu buchen. Senden Sie eine E-Mail an\u00a0info@casangiorgio.com<\/p>\n<\/div><\/section><\/div><div  class='hr av-av_hr-dcd2069817a0e3d34ae04cad8f3443c7 hr-default  avia-builder-el-6  el_after_av_three_fourth  el_before_av_one_fourth '><span class='hr-inner '><span class=\"hr-inner-style\"><\/span><\/span><\/div><\/p>\n\n<style type=\"text\/css\" data-created_by=\"avia_inline_auto\" id=\"style-css-av-av_one_fourth-9497bbf8bff73ea4c6992cc17fa9ec36\">\n.flex_column.av-av_one_fourth-9497bbf8bff73ea4c6992cc17fa9ec36{\n-webkit-border-radius:0px 0px 0px 0px;\n-moz-border-radius:0px 0px 0px 0px;\nborder-radius:0px 0px 0px 0px;\npadding:0px 0px 0px 0px;\n}\n<\/style>\n<div class='flex_column av-av_one_fourth-9497bbf8bff73ea4c6992cc17fa9ec36 av_one_fourth  avia-builder-el-7  el_after_av_hr  el_before_av_three_fourth  first flex_column_div av-zero-column-padding '     ><\/div>\n\n<style type=\"text\/css\" data-created_by=\"avia_inline_auto\" id=\"style-css-av-av_three_fourth-9c1d454dc06f7247226bc4e8f931daae\">\n.flex_column.av-av_three_fourth-9c1d454dc06f7247226bc4e8f931daae{\n-webkit-border-radius:0px 0px 0px 0px;\n-moz-border-radius:0px 0px 0px 0px;\nborder-radius:0px 0px 0px 0px;\npadding:0px 0px 0px 0px;\n}\n<\/style>\n<div class='flex_column av-av_three_fourth-9c1d454dc06f7247226bc4e8f931daae av_three_fourth  avia-builder-el-8  el_after_av_one_fourth  el_before_av_hr  flex_column_div av-zero-column-padding '     ><section  class='av_textblock_section av-lan64sut-9c313f5ec2eada9ce64166d767c47def'  itemscope=\"itemscope\" itemtype=\"https:\/\/schema.org\/CreativeWork\" ><div class='avia_textblock'  itemprop=\"text\" ><h4>Je l\u00e4nger Sie bleiben, desto mehr sparen Sie<\/h4>\n<p>Wenn Sie einen Mindestaufenthalt von 3 N\u00e4chten \u00a0 direkt von unserer Website www.casangiorgio.com aus buchen,\u00a0erhalten Sie direkt einen Rabatt auf den Endpreis. Der Rabatt variiert je nach Aufenthaltsdauer\u2026 je l\u00e4nger Sie bleiben, desto mehr sparen Sie!<\/p>\n<\/div><\/section><\/div><div  class='hr av-av_hr-dcd2069817a0e3d34ae04cad8f3443c7 hr-default  avia-builder-el-10  el_after_av_three_fourth  el_before_av_one_fourth '><span class='hr-inner '><span class=\"hr-inner-style\"><\/span><\/span><\/div><\/p>\n\n<style type=\"text\/css\" data-created_by=\"avia_inline_auto\" id=\"style-css-av-av_one_fourth-9497bbf8bff73ea4c6992cc17fa9ec36\">\n.flex_column.av-av_one_fourth-9497bbf8bff73ea4c6992cc17fa9ec36{\n-webkit-border-radius:0px 0px 0px 0px;\n-moz-border-radius:0px 0px 0px 0px;\nborder-radius:0px 0px 0px 0px;\npadding:0px 0px 0px 0px;\n}\n<\/style>\n<div class='flex_column av-av_one_fourth-9497bbf8bff73ea4c6992cc17fa9ec36 av_one_fourth  avia-builder-el-11  el_after_av_hr  el_before_av_three_fourth  first flex_column_div av-zero-column-padding '     ><\/div>\n\n<style type=\"text\/css\" data-created_by=\"avia_inline_auto\" id=\"style-css-av-av_three_fourth-9c1d454dc06f7247226bc4e8f931daae\">\n.flex_column.av-av_three_fourth-9c1d454dc06f7247226bc4e8f931daae{\n-webkit-border-radius:0px 0px 0px 0px;\n-moz-border-radius:0px 0px 0px 0px;\nborder-radius:0px 0px 0px 0px;\npadding:0px 0px 0px 0px;\n}\n<\/style>\n<div class='flex_column av-av_three_fourth-9c1d454dc06f7247226bc4e8f931daae av_three_fourth  avia-builder-el-12  el_after_av_one_fourth  el_before_av_hr  flex_column_div av-zero-column-padding '     ><section  class='av_textblock_section av-lan651xk-8ea091629f67158aab3c8fa2a3ab040f'  itemscope=\"itemscope\" itemtype=\"https:\/\/schema.org\/CreativeWork\" ><div class='avia_textblock'  itemprop=\"text\" ><h4>Karneval in Venedig<\/h4>\n<p>Buchen Sie Ihren Aufenthalt zu einem erm\u00e4\u00dfigten Preis, um am Karneval von Venedig teilzunehmen. Fordern Sie den Promo-Code an, indem Sie eine E-Mail an info@casangiorgio.com\u00a0schreiben<\/p>\n<\/div><\/section><\/div><div  class='hr av-av_hr-dcd2069817a0e3d34ae04cad8f3443c7 hr-default  avia-builder-el-14  el_after_av_three_fourth  el_before_av_one_fourth '><span class='hr-inner '><span class=\"hr-inner-style\"><\/span><\/span><\/div><\/p>\n\n<style type=\"text\/css\" data-created_by=\"avia_inline_auto\" id=\"style-css-av-av_one_fourth-9497bbf8bff73ea4c6992cc17fa9ec36\">\n.flex_column.av-av_one_fourth-9497bbf8bff73ea4c6992cc17fa9ec36{\n-webkit-border-radius:0px 0px 0px 0px;\n-moz-border-radius:0px 0px 0px 0px;\nborder-radius:0px 0px 0px 0px;\npadding:0px 0px 0px 0px;\n}\n<\/style>\n<div class='flex_column av-av_one_fourth-9497bbf8bff73ea4c6992cc17fa9ec36 av_one_fourth  avia-builder-el-15  el_after_av_hr  el_before_av_three_fourth  first flex_column_div av-zero-column-padding '     ><\/div>\n\n<style type=\"text\/css\" data-created_by=\"avia_inline_auto\" id=\"style-css-av-av_three_fourth-9c1d454dc06f7247226bc4e8f931daae\">\n.flex_column.av-av_three_fourth-9c1d454dc06f7247226bc4e8f931daae{\n-webkit-border-radius:0px 0px 0px 0px;\n-moz-border-radius:0px 0px 0px 0px;\nborder-radius:0px 0px 0px 0px;\npadding:0px 0px 0px 0px;\n}\n<\/style>\n<div class='flex_column av-av_three_fourth-9c1d454dc06f7247226bc4e8f931daae av_three_fourth  avia-builder-el-16  el_after_av_one_fourth  avia-builder-el-last  flex_column_div av-zero-column-padding '     ><section  class='av_textblock_section av-lan659yd-2b035655a646200bda295ac7dd0cc963'  itemscope=\"itemscope\" itemtype=\"https:\/\/schema.org\/CreativeWork\" ><div class='avia_textblock'  itemprop=\"text\" ><h4>Silvester in Venedig<\/h4>\n<p>Buchen Sie Ihren Aufenthalt zu einem erm\u00e4\u00dfigten Preis, und feiern Sie den Beginn des neuen Jahres in Venedig. Fordern Sie den Promo-Code an, indem Sie eine E-Mail an info@casangiorgio.com\u00a0schreiben<\/p>\n<\/div><\/section><\/div>\n","protected":false},"excerpt":{"rendered":"","protected":false},"author":1,"featured_media":0,"parent":0,"menu_order":0,"comment_status":"closed","ping_status":"closed","template":"","meta":[],"yoast_head":"<!-- This site is optimized with the Yoast SEO plugin v17.7.1 - https:\/\/yoast.com\/wordpress\/plugins\/seo\/ -->\n<title>Sonderangebote - Ca&#039; San Giorgio<\/title>\n<meta name=\"robots\" content=\"index, follow, max-snippet:-1, max-image-preview:large, max-video-preview:-1\" \/>\n<link rel=\"canonical\" href=\"https:\/\/www.casangiorgio.com\/de\/sonderangebote\/\" \/>\n<meta property=\"og:locale\" content=\"de_DE\" \/>\n<meta property=\"og:type\" content=\"article\" \/>\n<meta property=\"og:title\" content=\"Sonderangebote - Ca&#039; San Giorgio\" \/>\n<meta property=\"og:url\" content=\"https:\/\/www.casangiorgio.com\/de\/sonderangebote\/\" \/>\n<meta property=\"og:site_name\" content=\"Ca&#039; San Giorgio\" \/>\n<meta name=\"twitter:card\" content=\"summary\" \/>\n<meta name=\"twitter:label1\" content=\"Gesch\u00e4tzte Lesezeit\" \/>\n\t<meta name=\"twitter:data1\" content=\"6 Minuten\" \/>\n<script type=\"application\/ld+json\" class=\"yoast-schema-graph\">{\"@context\":\"https:\/\/schema.org\",\"@graph\":[{\"@type\":\"WebSite\",\"@id\":\"https:\/\/www.casangiorgio.com\/fr\/#website\",\"url\":\"https:\/\/www.casangiorgio.com\/fr\/\",\"name\":\"Ca&#039; San Giorgio\",\"description\":\"\",\"potentialAction\":[{\"@type\":\"SearchAction\",\"target\":{\"@type\":\"EntryPoint\",\"urlTemplate\":\"https:\/\/www.casangiorgio.com\/fr\/?s={search_term_string}\"},\"query-input\":\"required name=search_term_string\"}],\"inLanguage\":\"de-DE\"},{\"@type\":\"WebPage\",\"@id\":\"https:\/\/www.casangiorgio.com\/de\/sonderangebote\/#webpage\",\"url\":\"https:\/\/www.casangiorgio.com\/de\/sonderangebote\/\",\"name\":\"Sonderangebote - Ca&#039; San Giorgio\",\"isPartOf\":{\"@id\":\"https:\/\/www.casangiorgio.com\/fr\/#website\"},\"datePublished\":\"2022-11-19T00:05:21+00:00\",\"dateModified\":\"2022-11-19T00:05:21+00:00\",\"breadcrumb\":{\"@id\":\"https:\/\/www.casangiorgio.com\/de\/sonderangebote\/#breadcrumb\"},\"inLanguage\":\"de-DE\",\"potentialAction\":[{\"@type\":\"ReadAction\",\"target\":[\"https:\/\/www.casangiorgio.com\/de\/sonderangebote\/\"]}]},{\"@type\":\"BreadcrumbList\",\"@id\":\"https:\/\/www.casangiorgio.com\/de\/sonderangebote\/#breadcrumb\",\"itemListElement\":[{\"@type\":\"ListItem\",\"position\":1,\"name\":\"Home\",\"item\":\"https:\/\/www.casangiorgio.com\/\"},{\"@type\":\"ListItem\",\"position\":2,\"name\":\"Sonderangebote\"}]}]}<\/script>\n<!-- \/ Yoast SEO plugin. -->","yoast_head_json":{"title":"Sonderangebote - Ca&#039; San Giorgio","robots":{"index":"index","follow":"follow","max-snippet":"max-snippet:-1","max-image-preview":"max-image-preview:large","max-video-preview":"max-video-preview:-1"},"canonical":"https:\/\/www.casangiorgio.com\/de\/sonderangebote\/","og_locale":"de_DE","og_type":"article","og_title":"Sonderangebote - Ca&#039; San Giorgio","og_url":"https:\/\/www.casangiorgio.com\/de\/sonderangebote\/","og_site_name":"Ca&#039; San Giorgio","twitter_card":"summary","twitter_misc":{"Gesch\u00e4tzte Lesezeit":"6 Minuten"},"schema":{"@context":"https:\/\/schema.org","@graph":[{"@type":"WebSite","@id":"https:\/\/www.casangiorgio.com\/fr\/#website","url":"https:\/\/www.casangiorgio.com\/fr\/","name":"Ca&#039; San Giorgio","description":"","potentialAction":[{"@type":"SearchAction","target":{"@type":"EntryPoint","urlTemplate":"https:\/\/www.casangiorgio.com\/fr\/?s={search_term_string}"},"query-input":"required name=search_term_string"}],"inLanguage":"de-DE"},{"@type":"WebPage","@id":"https:\/\/www.casangiorgio.com\/de\/sonderangebote\/#webpage","url":"https:\/\/www.casangiorgio.com\/de\/sonderangebote\/","name":"Sonderangebote - Ca&#039; San Giorgio","isPartOf":{"@id":"https:\/\/www.casangiorgio.com\/fr\/#website"},"datePublished":"2022-11-19T00:05:21+00:00","dateModified":"2022-11-19T00:05:21+00:00","breadcrumb":{"@id":"https:\/\/www.casangiorgio.com\/de\/sonderangebote\/#breadcrumb"},"inLanguage":"de-DE","potentialAction":[{"@type":"ReadAction","target":["https:\/\/www.casangiorgio.com\/de\/sonderangebote\/"]}]},{"@type":"BreadcrumbList","@id":"https:\/\/www.casangiorgio.com\/de\/sonderangebote\/#breadcrumb","itemListElement":[{"@type":"ListItem","position":1,"name":"Home","item":"https:\/\/www.casangiorgio.com\/"},{"@type":"ListItem","position":2,"name":"Sonderangebote"}]}]}},"_links":{"self":[{"href":"https:\/\/www.casangiorgio.com\/de\/wp-json\/wp\/v2\/pages\/1866"}],"collection":[{"href":"https:\/\/www.casangiorgio.com\/de\/wp-json\/wp\/v2\/pages"}],"about":[{"href":"https:\/\/www.casangiorgio.com\/de\/wp-json\/wp\/v2\/types\/page"}],"author":[{"embeddable":true,"href":"https:\/\/www.casangiorgio.com\/de\/wp-json\/wp\/v2\/users\/1"}],"replies":[{"embeddable":true,"href":"https:\/\/www.casangiorgio.com\/de\/wp-json\/wp\/v2\/comments?post=1866"}],"version-history":[{"count":3,"href":"https:\/\/www.casangiorgio.com\/de\/wp-json\/wp\/v2\/pages\/1866\/revisions"}],"predecessor-version":[{"id":1869,"href":"https:\/\/www.casangiorgio.com\/de\/wp-json\/wp\/v2\/pages\/1866\/revisions\/1869"}],"wp:attachment":[{"href":"https:\/\/www.casangiorgio.com\/de\/wp-json\/wp\/v2\/media?parent=1866"}],"curies":[{"name":"wp","href":"https:\/\/api.w.org\/{rel}","templated":true}]}}