{"id":583,"date":"2016-09-23T09:37:23","date_gmt":"2016-09-23T07:37:23","guid":{"rendered":"http:\/\/www.casangiorgio.com\/fr\/?page_id=583"},"modified":"2021-06-16T15:03:29","modified_gmt":"2021-06-16T13:03:29","slug":"home-page-2","status":"publish","type":"page","link":"https:\/\/www.casangiorgio.com\/fr\/","title":{"rendered":"Home Page 2"},"content":{"rendered":"<div   class='avia-fullscreen-slider main_color   avia-builder-el-0  el_before_av_section  avia-builder-el-first  container_wrap sidebar_right'  ><a href='#next-section' title='' class='scroll-down-link av-control-minimal' aria-hidden='true' data-av_icon='\ue877' data-av_iconfont='entypo-fontello'><\/a><div  class='avia-slideshow av-kpzhj90y-be12876ceee4c94526bb0ce06ebac60f avia-slideshow-no scaling av_fullscreen avia-fade-slider av-slideshow-ui av-control-minimal av-slideshow-autoplay av-loop-endless av-loop-manual-endless av-slider-scroll-down-active av-default-height-applied   avia-slideshow-1' data-slideshow-options=\"{&quot;animation&quot;:&quot;fade&quot;,&quot;autoplay&quot;:true,&quot;loop_autoplay&quot;:&quot;endless&quot;,&quot;interval&quot;:5,&quot;loop_manual&quot;:&quot;manual-endless&quot;,&quot;autoplay_stopper&quot;:false,&quot;noNavigation&quot;:false,&quot;bg_slider&quot;:true,&quot;keep_padding&quot;:false,&quot;hoverpause&quot;:false,&quot;show_slide_delay&quot;:0,&quot;slide_height&quot;:&quot;100&quot;,&quot;image_attachment&quot;:&quot;&quot;}\"  itemprop=\"image\" itemscope=\"itemscope\" itemtype=\"https:\/\/schema.org\/ImageObject\" ><ul class='avia-slideshow-inner ' style='padding-bottom: 50.520833333333%;'><li style='background-position:Center Center;' data-img-url='https:\/\/www.casangiorgio.com\/wp-content\/uploads\/2015\/11\/slider-new-5.jpg' class='avia-slideshow-slide av-kpzhj90y-be12876ceee4c94526bb0ce06ebac60f__0  slide-1 slide-odd'><div data-rel='slideshow-1' class='avia-slide-wrap '   ><\/div><\/li><li style='background-position:top left;' data-img-url='https:\/\/www.casangiorgio.com\/wp-content\/uploads\/2017\/11\/js_pantalone_1_sli.jpg' class='avia-slideshow-slide av-kpzhj90y-be12876ceee4c94526bb0ce06ebac60f__1  slide-2 slide-even'><div data-rel='slideshow-1' class='avia-slide-wrap '   ><\/div><\/li><li style='background-position:Center Center;' data-img-url='https:\/\/www.casangiorgio.com\/wp-content\/uploads\/2015\/11\/slider-new-4.jpg' class='avia-slideshow-slide av-kpzhj90y-be12876ceee4c94526bb0ce06ebac60f__2  slide-3 slide-odd'><div data-rel='slideshow-1' class='avia-slide-wrap '   ><\/div><\/li><li style='background-position:top left;' data-img-url='https:\/\/www.casangiorgio.com\/wp-content\/uploads\/2017\/11\/altana_3_sli.jpg' class='avia-slideshow-slide av-kpzhj90y-be12876ceee4c94526bb0ce06ebac60f__3  slide-4 slide-even'><div data-rel='slideshow-1' class='avia-slide-wrap '   ><\/div><\/li><li style='background-position:top left;' data-img-url='https:\/\/www.casangiorgio.com\/wp-content\/uploads\/2017\/11\/js_volto_2_sli.jpg' class='avia-slideshow-slide av-kpzhj90y-be12876ceee4c94526bb0ce06ebac60f__4  slide-5 slide-odd'><div data-rel='slideshow-1' class='avia-slide-wrap '   ><\/div><\/li><li style='background-position:top left;' data-img-url='https:\/\/www.casangiorgio.com\/wp-content\/uploads\/2021\/06\/reception_2.jpg' class='avia-slideshow-slide av-kpzhj90y-be12876ceee4c94526bb0ce06ebac60f__5  slide-6 slide-even'><div data-rel='slideshow-1' class='avia-slide-wrap '   ><\/div><\/li><li style='background-position:Center Center;' data-img-url='https:\/\/www.casangiorgio.com\/wp-content\/uploads\/2015\/11\/slider-new-6.jpg' class='avia-slideshow-slide av-kpzhj90y-be12876ceee4c94526bb0ce06ebac60f__6  slide-7 slide-odd'><div data-rel='slideshow-1' class='avia-slide-wrap '   ><\/div><\/li><\/ul><div class='avia-slideshow-arrows avia-slideshow-controls' ><a href='#prev' class='prev-slide ' aria-hidden='true' data-av_icon='\ue87c' data-av_iconfont='entypo-fontello'  tabindex='-1'>Pr\u00e9c\u00e9dent<\/a><a href='#next' class='next-slide ' aria-hidden='true' data-av_icon='\ue87d' data-av_iconfont='entypo-fontello'  tabindex='-1'>Suivant<\/a><\/div><div class='avia-slideshow-dots avia-slideshow-controls'><a href='#1' class='goto-slide active' >1<\/a><a href='#2' class='goto-slide ' >2<\/a><a href='#3' class='goto-slide ' >3<\/a><a href='#4' class='goto-slide ' >4<\/a><a href='#5' class='goto-slide ' >5<\/a><a href='#6' class='goto-slide ' >6<\/a><a href='#7' class='goto-slide ' >7<\/a><\/div><\/div><\/div>\n<div id='av_section_1'  class='avia-section av-av_section-e45cf08da12eaf0aa4c516511f912788 main_color avia-section-default avia-no-shadow  avia-builder-el-1  el_after_av_fullscreen  avia-builder-el-last  avia-bg-style-scroll container_wrap sidebar_right'  ><div class='container av-section-cont-open' ><div class='template-page content  av-content-small alpha units'><div class='post-entry post-entry-type-page post-entry-583'><div class='entry-content-wrapper clearfix'>\n\n<style type=\"text\/css\" data-created_by=\"avia_inline_auto\" id=\"style-css-av-av_two_third-9497bbf8bff73ea4c6992cc17fa9ec36\">\n.flex_column.av-av_two_third-9497bbf8bff73ea4c6992cc17fa9ec36{\n-webkit-border-radius:0px 0px 0px 0px;\n-moz-border-radius:0px 0px 0px 0px;\nborder-radius:0px 0px 0px 0px;\npadding:0px 0px 0px 0px;\n}\n<\/style>\n<div class='flex_column av-av_two_third-9497bbf8bff73ea4c6992cc17fa9ec36 av_two_third  avia-builder-el-2  el_before_av_one_third  avia-builder-el-first  first flex_column_div av-zero-column-padding '     ><p>\n<style type=\"text\/css\" data-created_by=\"avia_inline_auto\" id=\"style-css-av-av_heading-1b8d4f167b3c34b9478c451c04007b5a\">\n#top .av-special-heading.av-av_heading-1b8d4f167b3c34b9478c451c04007b5a{\npadding-bottom:10px;\n}\nbody .av-special-heading.av-av_heading-1b8d4f167b3c34b9478c451c04007b5a .av-special-heading-tag .heading-char{\nfont-size:25px;\n}\n.av-special-heading.av-av_heading-1b8d4f167b3c34b9478c451c04007b5a .av-subheading{\nfont-size:15px;\n}\n<\/style>\n<div  class='av-special-heading av-av_heading-1b8d4f167b3c34b9478c451c04007b5a av-special-heading-h2 blockquote modern-quote  avia-builder-el-3  el_before_av_textblock  avia-builder-el-first '><h2 class='av-special-heading-tag'  itemprop=\"headline\"  >Ca\u2019 San Giorgio<\/h2><div class=\"special-heading-border\"><div class=\"special-heading-inner-border\"><\/div><\/div><\/div><br \/>\n<section  class='av_textblock_section av-av_textblock-0366cc7376be6c9e82a3e9cc8987b64f'  itemscope=\"itemscope\" itemtype=\"https:\/\/schema.org\/CreativeWork\" ><div class='avia_textblock'  itemprop=\"text\" ><p>Le nouveau Town House Suite, r\u00e9nov\u00e9 en Janvier 2016, Ca\u2019 San Giorgio est une propri\u00e9t\u00e9 exclusive situ\u00e9e dans un b\u00e2timent historique datant du XIVe si\u00e8cle, qui offre \u00e0 ses clients des chambres et des suites \u00e9l\u00e9gantes et modernes. En raison de son emplacement strat\u00e9gique C\u00e0 San Giorgio, avec la formule bed and breakfast, est l\u2019h\u00f4tel id\u00e9al pour les s\u00e9jours de loisirs et les voyages d&rsquo;affaires. Le Palais,\u00a0 pr\u00e8s de <b>Campo San Giacomo da l\u2019Orio<\/b>, <b>Campo San Polo<\/b> et de la c\u00e9l\u00e8bre basilique des<b> Frari<\/b> est \u00e0 quelques minutes \u00e0 pied de <b>de la gare ferroviaire de Sainte-Lucie<\/b> et du <b>Pont<\/b> du <b>Rialto,<\/b> un excellent point de d\u00e9part pour visiter les principaux centres d&rsquo;int\u00e9r\u00eat de la ville.<\/p>\n<p>Pour celui qui veut prendre le fameux Vaporetto, les arr\u00eats de <b>San Stae <\/b>et de<b> Riva de Biasio<\/b> se trouvent \u00e0 seulement 400 m\u00e8tres de la propri\u00e9t\u00e9.<br \/>\nDe plus, le privil\u00e8ge d&rsquo;un <b>quai sur le Grand Canal<\/b> \u00e0 seulement 20 m\u00e8tres permet aux clients de m\u00eame nous rejoindre confortablement en taxi priv\u00e9.<\/p>\n<p>Le professionnalisme et l&rsquo;hospitalit\u00e9 du personnel sont le point fort de C\u00e0 San Giorgio\u00a0: le personnel, exclusivement f\u00e9minin, vous recevra avec enthousiasme, ravi de vous fournir toutes les informations utiles pour visiter Venise, en r\u00e9servant pour vous les excursions et les visites,\u00a0 et en vous sugg\u00e9rant des itin\u00e9raires originaux et alternatifs ainsi que des restaurants o\u00f9 vous pourrez d\u00e9couvrir l\u2019authentique cuisine locale.<\/p>\n<\/div><\/section><\/p><\/div>\n<style type=\"text\/css\" data-created_by=\"avia_inline_auto\" id=\"style-css-av-av_one_third-9c1d454dc06f7247226bc4e8f931daae\">\n.flex_column.av-av_one_third-9c1d454dc06f7247226bc4e8f931daae{\n-webkit-border-radius:0px 0px 0px 0px;\n-moz-border-radius:0px 0px 0px 0px;\nborder-radius:0px 0px 0px 0px;\npadding:0px 0px 0px 0px;\n}\n<\/style>\n<div class='flex_column av-av_one_third-9c1d454dc06f7247226bc4e8f931daae av_one_third  avia-builder-el-5  el_after_av_two_third  avia-builder-el-last  flex_column_div av-zero-column-padding '     ><p>\n<style type=\"text\/css\" data-created_by=\"avia_inline_auto\" id=\"style-css-av-av_hr-a07f7596b1fca85f6595a75d593069df\">\n#top .hr.hr-invisible.av-av_hr-a07f7596b1fca85f6595a75d593069df{\nheight:40px;\n}\n<\/style>\n<div  class='hr av-av_hr-a07f7596b1fca85f6595a75d593069df hr-invisible  avia-builder-el-6  el_before_av_slideshow  avia-builder-el-first '><span class='hr-inner '><span class=\"hr-inner-style\"><\/span><\/span><\/div><br \/>\n<div  class='avia-slideshow av-av_slideshow-78fec5c05f32df6918c7791497c0b8e8 avia-slideshow-medium av_slideshow avia-fade-slider  avia-builder-el-7  el_after_av_hr  avia-builder-el-last  av-slideshow-ui av-slideshow-autoplay av-loop-endless av-loop-manual-endless av-default-height-applied avia-slideshow-2' data-slideshow-options=\"{&quot;animation&quot;:&quot;fade&quot;,&quot;autoplay&quot;:true,&quot;loop_autoplay&quot;:&quot;endless&quot;,&quot;interval&quot;:5,&quot;loop_manual&quot;:&quot;manual-endless&quot;,&quot;autoplay_stopper&quot;:false,&quot;noNavigation&quot;:false,&quot;bg_slider&quot;:false,&quot;keep_padding&quot;:false,&quot;hoverpause&quot;:false,&quot;show_slide_delay&quot;:0}\"  itemprop=\"image\" itemscope=\"itemscope\" itemtype=\"https:\/\/schema.org\/ImageObject\" ><ul class='avia-slideshow-inner ' style='padding-bottom: 66.666666666667%;'><li  class='avia-slideshow-slide av-av_slideshow-78fec5c05f32df6918c7791497c0b8e8__0  slide-1 slide-odd'><div data-rel='slideshow-2' class='avia-slide-wrap '   ><img class=\"wp-image-1351 avia-img-lazy-loading-not-1351\"  src=\"https:\/\/www.casangiorgio.com\/wp-content\/uploads\/2015\/12\/altana_5-300x200.jpg\" width=\"300\" height=\"200\" title='altana_5' alt=''  itemprop=\"thumbnailUrl\" srcset=\"https:\/\/www.casangiorgio.com\/wp-content\/uploads\/2015\/12\/altana_5-300x200.jpg 300w, https:\/\/www.casangiorgio.com\/wp-content\/uploads\/2015\/12\/altana_5-768x512.jpg 768w, https:\/\/www.casangiorgio.com\/wp-content\/uploads\/2015\/12\/altana_5-1030x687.jpg 1030w, https:\/\/www.casangiorgio.com\/wp-content\/uploads\/2015\/12\/altana_5-705x470.jpg 705w, https:\/\/www.casangiorgio.com\/wp-content\/uploads\/2015\/12\/altana_5-450x300.jpg 450w, https:\/\/www.casangiorgio.com\/wp-content\/uploads\/2015\/12\/altana_5.jpg 1200w\" sizes=\"(max-width: 300px) 100vw, 300px\" \/><\/div><\/li><li  class='avia-slideshow-slide av-av_slideshow-78fec5c05f32df6918c7791497c0b8e8__1  slide-2 slide-even'><div data-rel='slideshow-2' class='avia-slide-wrap '   ><img class=\"wp-image-1349 avia-img-lazy-loading-not-1349\"  src=\"https:\/\/www.casangiorgio.com\/wp-content\/uploads\/2015\/12\/altana_4-300x224.jpg\" width=\"300\" height=\"224\" title='altana_4' alt=''  itemprop=\"thumbnailUrl\" srcset=\"https:\/\/www.casangiorgio.com\/wp-content\/uploads\/2015\/12\/altana_4-300x224.jpg 300w, https:\/\/www.casangiorgio.com\/wp-content\/uploads\/2015\/12\/altana_4-768x573.jpg 768w, https:\/\/www.casangiorgio.com\/wp-content\/uploads\/2015\/12\/altana_4-1030x768.jpg 1030w, https:\/\/www.casangiorgio.com\/wp-content\/uploads\/2015\/12\/altana_4-705x526.jpg 705w, https:\/\/www.casangiorgio.com\/wp-content\/uploads\/2015\/12\/altana_4-450x336.jpg 450w, https:\/\/www.casangiorgio.com\/wp-content\/uploads\/2015\/12\/altana_4.jpg 1200w\" sizes=\"(max-width: 300px) 100vw, 300px\" \/><\/div><\/li><li  class='avia-slideshow-slide av-av_slideshow-78fec5c05f32df6918c7791497c0b8e8__2  slide-3 slide-odd'><div data-rel='slideshow-2' class='avia-slide-wrap '   ><img class=\"wp-image-1369 avia-img-lazy-loading-not-1369\"  src=\"https:\/\/www.casangiorgio.com\/wp-content\/uploads\/2015\/12\/IMG_0747-300x200.jpg\" width=\"300\" height=\"200\" title='IMG_0747' alt=''  itemprop=\"thumbnailUrl\" srcset=\"https:\/\/www.casangiorgio.com\/wp-content\/uploads\/2015\/12\/IMG_0747-300x200.jpg 300w, https:\/\/www.casangiorgio.com\/wp-content\/uploads\/2015\/12\/IMG_0747-768x512.jpg 768w, https:\/\/www.casangiorgio.com\/wp-content\/uploads\/2015\/12\/IMG_0747-1030x687.jpg 1030w, https:\/\/www.casangiorgio.com\/wp-content\/uploads\/2015\/12\/IMG_0747-705x470.jpg 705w, https:\/\/www.casangiorgio.com\/wp-content\/uploads\/2015\/12\/IMG_0747-450x300.jpg 450w, https:\/\/www.casangiorgio.com\/wp-content\/uploads\/2015\/12\/IMG_0747.jpg 1200w\" sizes=\"(max-width: 300px) 100vw, 300px\" \/><\/div><\/li><li  class='avia-slideshow-slide av-av_slideshow-78fec5c05f32df6918c7791497c0b8e8__3  slide-4 slide-even'><div data-rel='slideshow-2' class='avia-slide-wrap '   ><img class=\"wp-image-1367 avia-img-lazy-loading-not-1367\"  src=\"https:\/\/www.casangiorgio.com\/wp-content\/uploads\/2015\/12\/comuni_4-300x200.jpg\" width=\"300\" height=\"200\" title='comuni_4' alt=''  itemprop=\"thumbnailUrl\" srcset=\"https:\/\/www.casangiorgio.com\/wp-content\/uploads\/2015\/12\/comuni_4-300x200.jpg 300w, https:\/\/www.casangiorgio.com\/wp-content\/uploads\/2015\/12\/comuni_4-768x512.jpg 768w, https:\/\/www.casangiorgio.com\/wp-content\/uploads\/2015\/12\/comuni_4-1030x687.jpg 1030w, https:\/\/www.casangiorgio.com\/wp-content\/uploads\/2015\/12\/comuni_4-705x470.jpg 705w, https:\/\/www.casangiorgio.com\/wp-content\/uploads\/2015\/12\/comuni_4-450x300.jpg 450w, https:\/\/www.casangiorgio.com\/wp-content\/uploads\/2015\/12\/comuni_4.jpg 1200w\" sizes=\"(max-width: 300px) 100vw, 300px\" \/><\/div><\/li><\/ul><div class='avia-slideshow-arrows avia-slideshow-controls' ><a href='#prev' class='prev-slide ' aria-hidden='true' data-av_icon='\ue87c' data-av_iconfont='entypo-fontello'  tabindex='-1'>Pr\u00e9c\u00e9dent<\/a><a href='#next' class='next-slide ' aria-hidden='true' data-av_icon='\ue87d' data-av_iconfont='entypo-fontello'  tabindex='-1'>Suivant<\/a><\/div><div class='avia-slideshow-dots avia-slideshow-controls'><a href='#1' class='goto-slide active' >1<\/a><a href='#2' class='goto-slide ' >2<\/a><a href='#3' class='goto-slide ' >3<\/a><a href='#4' class='goto-slide ' >4<\/a><\/div><\/div><\/p><\/div>\n<\/div><\/div><\/div><!-- close content main div --><\/div><\/div><div id='after_section_1'  class='main_color av_default_container_wrap container_wrap sidebar_right'  ><div class='container av-section-cont-open' ><div class='template-page content  av-content-small alpha units'><div class='post-entry post-entry-type-page post-entry-583'><div class='entry-content-wrapper clearfix'>\n","protected":false},"excerpt":{"rendered":"","protected":false},"author":1,"featured_media":0,"parent":0,"menu_order":0,"comment_status":"closed","ping_status":"closed","template":"","meta":[],"yoast_head":"<!-- This site is optimized with the Yoast SEO plugin v17.7.1 - https:\/\/yoast.com\/wordpress\/plugins\/seo\/ -->\n<title>Ca&#039; San Giorgio - B&amp;B \u00e0 Venise Centre - Site officiel<\/title>\n<meta name=\"description\" content=\"Le nouveau Town House Suite, r\u00e9nov\u00e9 en Janvier 2016, Ca\u2019 San Giorgio est une propri\u00e9t\u00e9 exclusive situ\u00e9e dans un b\u00e2timent historique datant du XIVe si\u00e8cle.\" \/>\n<meta name=\"robots\" content=\"index, follow, max-snippet:-1, max-image-preview:large, max-video-preview:-1\" \/>\n<link rel=\"canonical\" href=\"https:\/\/www.casangiorgio.com\/fr\/\" \/>\n<meta property=\"og:locale\" content=\"fr_FR\" \/>\n<meta property=\"og:type\" content=\"article\" \/>\n<meta property=\"og:title\" content=\"Ca&#039; San Giorgio - B&amp;B \u00e0 Venise Centre - Site officiel\" \/>\n<meta property=\"og:description\" content=\"Le nouveau Town House Suite, r\u00e9nov\u00e9 en Janvier 2016, Ca\u2019 San Giorgio est une propri\u00e9t\u00e9 exclusive situ\u00e9e dans un b\u00e2timent historique datant du XIVe si\u00e8cle.\" \/>\n<meta property=\"og:url\" content=\"https:\/\/www.casangiorgio.com\/fr\/\" \/>\n<meta property=\"og:site_name\" content=\"Ca&#039; San Giorgio\" \/>\n<meta property=\"article:modified_time\" content=\"2021-06-16T13:03:29+00:00\" \/>\n<meta name=\"twitter:card\" content=\"summary\" \/>\n<meta name=\"twitter:label1\" content=\"Dur\u00e9e de lecture estim\u00e9e\" \/>\n\t<meta name=\"twitter:data1\" content=\"7 minutes\" \/>\n<script type=\"application\/ld+json\" class=\"yoast-schema-graph\">{\"@context\":\"https:\/\/schema.org\",\"@graph\":[{\"@type\":\"WebSite\",\"@id\":\"https:\/\/www.casangiorgio.com\/fr\/#website\",\"url\":\"https:\/\/www.casangiorgio.com\/fr\/\",\"name\":\"Ca&#039; San Giorgio\",\"description\":\"\",\"potentialAction\":[{\"@type\":\"SearchAction\",\"target\":{\"@type\":\"EntryPoint\",\"urlTemplate\":\"https:\/\/www.casangiorgio.com\/fr\/?s={search_term_string}\"},\"query-input\":\"required name=search_term_string\"}],\"inLanguage\":\"fr-FR\"},{\"@type\":\"WebPage\",\"@id\":\"https:\/\/www.casangiorgio.com\/fr\/#webpage\",\"url\":\"https:\/\/www.casangiorgio.com\/fr\/\",\"name\":\"Ca' San Giorgio - B&B \\u00e0 Venise Centre - Site officiel\",\"isPartOf\":{\"@id\":\"https:\/\/www.casangiorgio.com\/fr\/#website\"},\"datePublished\":\"2016-09-23T07:37:23+00:00\",\"dateModified\":\"2021-06-16T13:03:29+00:00\",\"description\":\"Le nouveau Town House Suite, r\\u00e9nov\\u00e9 en Janvier 2016, Ca\\u2019 San Giorgio est une propri\\u00e9t\\u00e9 exclusive situ\\u00e9e dans un b\\u00e2timent historique datant du XIVe si\\u00e8cle.\",\"breadcrumb\":{\"@id\":\"https:\/\/www.casangiorgio.com\/fr\/#breadcrumb\"},\"inLanguage\":\"fr-FR\",\"potentialAction\":[{\"@type\":\"ReadAction\",\"target\":[\"https:\/\/www.casangiorgio.com\/fr\/\"]}]},{\"@type\":\"BreadcrumbList\",\"@id\":\"https:\/\/www.casangiorgio.com\/fr\/#breadcrumb\",\"itemListElement\":[{\"@type\":\"ListItem\",\"position\":1,\"name\":\"Home\",\"item\":\"https:\/\/www.casangiorgio.com\/fr\/\"},{\"@type\":\"ListItem\",\"position\":2,\"name\":\"Home Page 2\"}]}]}<\/script>\n<!-- \/ Yoast SEO plugin. -->","yoast_head_json":{"title":"Ca' San Giorgio - B&B \u00e0 Venise Centre - Site officiel","description":"Le nouveau Town House Suite, r\u00e9nov\u00e9 en Janvier 2016, Ca\u2019 San Giorgio est une propri\u00e9t\u00e9 exclusive situ\u00e9e dans un b\u00e2timent historique datant du XIVe si\u00e8cle.","robots":{"index":"index","follow":"follow","max-snippet":"max-snippet:-1","max-image-preview":"max-image-preview:large","max-video-preview":"max-video-preview:-1"},"canonical":"https:\/\/www.casangiorgio.com\/fr\/","og_locale":"fr_FR","og_type":"article","og_title":"Ca' San Giorgio - B&B \u00e0 Venise Centre - Site officiel","og_description":"Le nouveau Town House Suite, r\u00e9nov\u00e9 en Janvier 2016, Ca\u2019 San Giorgio est une propri\u00e9t\u00e9 exclusive situ\u00e9e dans un b\u00e2timent historique datant du XIVe si\u00e8cle.","og_url":"https:\/\/www.casangiorgio.com\/fr\/","og_site_name":"Ca&#039; San Giorgio","article_modified_time":"2021-06-16T13:03:29+00:00","twitter_card":"summary","twitter_misc":{"Dur\u00e9e de lecture estim\u00e9e":"7 minutes"},"schema":{"@context":"https:\/\/schema.org","@graph":[{"@type":"WebSite","@id":"https:\/\/www.casangiorgio.com\/fr\/#website","url":"https:\/\/www.casangiorgio.com\/fr\/","name":"Ca&#039; San Giorgio","description":"","potentialAction":[{"@type":"SearchAction","target":{"@type":"EntryPoint","urlTemplate":"https:\/\/www.casangiorgio.com\/fr\/?s={search_term_string}"},"query-input":"required name=search_term_string"}],"inLanguage":"fr-FR"},{"@type":"WebPage","@id":"https:\/\/www.casangiorgio.com\/fr\/#webpage","url":"https:\/\/www.casangiorgio.com\/fr\/","name":"Ca' San Giorgio - B&B \u00e0 Venise Centre - Site officiel","isPartOf":{"@id":"https:\/\/www.casangiorgio.com\/fr\/#website"},"datePublished":"2016-09-23T07:37:23+00:00","dateModified":"2021-06-16T13:03:29+00:00","description":"Le nouveau Town House Suite, r\u00e9nov\u00e9 en Janvier 2016, Ca\u2019 San Giorgio est une propri\u00e9t\u00e9 exclusive situ\u00e9e dans un b\u00e2timent historique datant du XIVe si\u00e8cle.","breadcrumb":{"@id":"https:\/\/www.casangiorgio.com\/fr\/#breadcrumb"},"inLanguage":"fr-FR","potentialAction":[{"@type":"ReadAction","target":["https:\/\/www.casangiorgio.com\/fr\/"]}]},{"@type":"BreadcrumbList","@id":"https:\/\/www.casangiorgio.com\/fr\/#breadcrumb","itemListElement":[{"@type":"ListItem","position":1,"name":"Home","item":"https:\/\/www.casangiorgio.com\/fr\/"},{"@type":"ListItem","position":2,"name":"Home Page 2"}]}]}},"_links":{"self":[{"href":"https:\/\/www.casangiorgio.com\/fr\/wp-json\/wp\/v2\/pages\/583"}],"collection":[{"href":"https:\/\/www.casangiorgio.com\/fr\/wp-json\/wp\/v2\/pages"}],"about":[{"href":"https:\/\/www.casangiorgio.com\/fr\/wp-json\/wp\/v2\/types\/page"}],"author":[{"embeddable":true,"href":"https:\/\/www.casangiorgio.com\/fr\/wp-json\/wp\/v2\/users\/1"}],"replies":[{"embeddable":true,"href":"https:\/\/www.casangiorgio.com\/fr\/wp-json\/wp\/v2\/comments?post=583"}],"version-history":[{"count":8,"href":"https:\/\/www.casangiorgio.com\/fr\/wp-json\/wp\/v2\/pages\/583\/revisions"}],"predecessor-version":[{"id":1531,"href":"https:\/\/www.casangiorgio.com\/fr\/wp-json\/wp\/v2\/pages\/583\/revisions\/1531"}],"wp:attachment":[{"href":"https:\/\/www.casangiorgio.com\/fr\/wp-json\/wp\/v2\/media?parent=583"}],"curies":[{"name":"wp","href":"https:\/\/api.w.org\/{rel}","templated":true}]}}