{"id":591,"date":"2016-09-23T09:41:35","date_gmt":"2016-09-23T07:41:35","guid":{"rendered":"http:\/\/www.casangiorgio.com\/fr\/?page_id=591"},"modified":"2017-05-31T23:30:41","modified_gmt":"2017-05-31T21:30:41","slug":"emplacement","status":"publish","type":"page","link":"https:\/\/www.casangiorgio.com\/fr\/emplacement\/","title":{"rendered":"Emplacement"},"content":{"rendered":"<div  class='av_gmaps_sc_main_wrap av_gmaps_main_wrap '><div id='av_gmap_0' class='avia-google-map-container avia-google-map-sc av_gmaps_show_unconditionally av-no-fallback-img ' data-mapid='av_gmap_0'  style='height: 600px;'><a class=\"av_gmaps_browser_disabled av_text_confirm_link av_text_confirm_link_visible\" href=\"https:\/\/www.google.com\/maps\/search\/?api=1&#038;query=Santa%20Croce,%201725%20%20Venezia%20%20Italia\" target=\"_blank\" rel=\"noopener\">Les cartes ont \u00e9t\u00e9 d\u00e9sactiv\u00e9es par le visiteur sur ce site. Cliquer pour ouvrir la carte dans une nouvelle fen\u00eatre.<\/a><\/div><\/div>\n\n<style type=\"text\/css\" data-created_by=\"avia_inline_auto\" id=\"style-css-av-av_one_full-9497bbf8bff73ea4c6992cc17fa9ec36\">\n.flex_column.av-av_one_full-9497bbf8bff73ea4c6992cc17fa9ec36{\n-webkit-border-radius:0px 0px 0px 0px;\n-moz-border-radius:0px 0px 0px 0px;\nborder-radius:0px 0px 0px 0px;\npadding:0px 0px 0px 0px;\n}\n<\/style>\n<div class='flex_column av-av_one_full-9497bbf8bff73ea4c6992cc17fa9ec36 av_one_full  avia-builder-el-1  el_after_av_google_map  avia-builder-el-no-sibling  first flex_column_div av-zero-column-padding '     ><p><article  class='iconbox iconbox_left av-av_icon_box-93e0085b76e86dcbd940cce6532d086d  avia-builder-el-2  el_before_av_icon_box  avia-builder-el-first '  itemscope=\"itemscope\" itemtype=\"https:\/\/schema.org\/CreativeWork\" ><div class=\"iconbox_content\"><header class=\"entry-content-header\"><div class=\"iconbox_icon heading-color\" aria-hidden='true' data-av_icon='\ue93f' data-av_iconfont='fontello'><\/div><h3 class='iconbox_content_title '  itemprop=\"headline\" >De la gare ferroviaire de Santa Lucia<\/h3><\/header><div class='iconbox_content_container '  itemprop=\"text\" ><p><b>A pied\u00a0<\/b>(8 minutes)\u00a0<b>:<\/b><b> <\/b>en sortant de la gare, traversez le Pont degli Scalzi (gare) et continuez tout droit sur une cinquantaine de m\u00e8tres environ. Au bout de la rue (via en italien, calle pour le V\u00e9nitiens), vous \u00eates oblig\u00e9s de tourner \u00e0 gauche. Continuez ensuite tout droit en suivant les panneaux de couleur jaune indiquant le mus\u00e9um d\u2019histoire naturelle situ\u00e9 \u00e0 Fontego dei Turchi. Ca\u2019 San Giorgio se trouve juste en face du mus\u00e9e.<\/p>\n<p><b>Bateau<\/b>: prenez la ligne 1 en direction du Rialto et descendez \u00e0 \u201cRiva de Biasio\u201d. \u00c0 partir de l\u00e0 C\u00e0 San Giorgio se trouve \u00e0 3 minutes \u00e0 pied. Vous quittez le \u201cvaporetto\u201d et vous tournez \u00e0 gauche en longeant la rive du Canal Grande. Une fois au bout, prenez \u00e0 droite et continuez sur une vingtaine de m\u00e8tres, puis tournez dans la premi\u00e8re rue \u00e0 gauche. \u00c0 partir de la vous pouvez suivre les panneaux du\u00a0 couleur jaune indiquant le Mus\u00e9um d\u2019histoire naturelle. Traversez le petit pont en face de vous, arrivez sur la place et longer l\u2019\u00e9glise sur votre gauche. Au bout de la rue (Calle dei preti) tournez \u00e0 gauche. C\u00e0 San Giorgio\u00a0 se trouve \u00e0 juste 20 m\u00e8tres \u00e0 gauche.<\/p>\n<\/div><\/div><footer class=\"entry-footer\"><\/footer><\/article><br \/>\n<article  class='iconbox iconbox_left av-av_icon_box-03b804b1c08affae72a3d74921025147  avia-builder-el-3  el_after_av_icon_box  el_before_av_icon_box '  itemscope=\"itemscope\" itemtype=\"https:\/\/schema.org\/CreativeWork\" ><div class=\"iconbox_content\"><header class=\"entry-content-header\"><div class=\"iconbox_icon heading-color\" aria-hidden='true' data-av_icon='\ue938' data-av_iconfont='fontello'><\/div><h3 class='iconbox_content_title '  itemprop=\"headline\" >De Piazzale Roma<\/h3><\/header><div class='iconbox_content_container '  itemprop=\"text\" ><p><b>A<\/b>\u00a0<b>PIED <\/b>( 15 minutes)<b> :\u00a0<\/b>traverser le\u00a0 Pont della Costituzione (Calatrava) jusqu\u2019\u00e0 la gare S. Lucia, \u00e0 partir de l\u00e0 continuer comme d\u00e9crit ci-dessus.<\/p>\n<p><b>Bateau\u00a0 (VAPORETTO)<\/b><b>:<\/b>\u00a0prendre la ligne n\u00b0 1 (en direction de San Marco \/ Rialto), et descendre \u00e0 Riva de Biasio. \u00c0 partir de l\u00e0 continuer comme d\u00e9crit ci-dessus.<\/p>\n<\/div><\/div><footer class=\"entry-footer\"><\/footer><\/article><br \/>\n<article  class='iconbox iconbox_left av-av_icon_box-8aa84ea64248c61a8688bc7df4b3c32d  avia-builder-el-4  el_after_av_icon_box  el_before_av_icon_box '  itemscope=\"itemscope\" itemtype=\"https:\/\/schema.org\/CreativeWork\" ><div class=\"iconbox_content\"><header class=\"entry-content-header\"><div class=\"iconbox_icon heading-color\" aria-hidden='true' data-av_icon='\ue8ed' data-av_iconfont='fontello'><\/div><h3 class='iconbox_content_title '  itemprop=\"headline\" >De l\u2019a\u00e9roport de Venise Marco Polo<\/h3><\/header><div class='iconbox_content_container '  itemprop=\"text\" ><p><b>Avec un bateau taxi priv\u00e9<\/b>\u00a0( 25 minutes)\u00a0: de l\u2019a\u00e9roport vous pouvez rejoindre le Fontego dei Turchi (mus\u00e9um d&rsquo;histoire naturelle). L\u2019entr\u00e9e de Ca\u2019 San Giorgio est \u00e0 10 m\u00e8tres \u00e0 droite.<\/p>\n<p><b>BUS<\/b>( 20 minutes) Il est \u00e9galement possible de prendre le BUS de la compagnie ACTV\u00a0 ligne 5 ou ATVO de l\u2019a\u00e9roport Marco Polo \u00e0 la gare routi\u00e8re Piazzale Roma.<\/p>\n<p><b>ALILAGUNA<\/b>\u00a0( 50 minutes)\u00a0: prendre la ligne Orange e descendre \u00e0 la gare de San Stae. De l\u00e0 Ca\u2019 San Giorgio est \u00e0 3 minutes \u00e0 pied. \u00c0 partir du San Stae\u00a0 aller tout droit pour environ 50 m\u00e8tres et tournez \u00e0 droite dans \u201cCalle del Tintor\u201d signes suivants pour \u00abFerrovia\u00bb. Continuer dans cette direction jusqu\u2019\u00e0 ce que vous avez pass\u00e9 2 ponts. Tournez\u00a0 a la droite, juste apr\u00e8s le 2\u00e8me pont \u201cFontamenta del Megio\u201d prendre la premi\u00e8re \u00e0 gauche, puis \u00e0 droite dans la \u201cSalizada du Fontego des Turcs.\u201dCa\u2019 San Giorgio est situ\u00e9 \u00e0 20 m\u00e8tres sur le c\u00f4t\u00e9 gauche de la route.<\/p>\n<\/div><\/div><footer class=\"entry-footer\"><\/footer><\/article><br \/>\n<article  class='iconbox iconbox_left av-av_icon_box-162f6a0116a07add8a2267e301266322  avia-builder-el-5  el_after_av_icon_box  el_before_av_icon_box '  itemscope=\"itemscope\" itemtype=\"https:\/\/schema.org\/CreativeWork\" ><div class=\"iconbox_content\"><header class=\"entry-content-header\"><div class=\"iconbox_icon heading-color\" aria-hidden='true' data-av_icon='\ue8ed' data-av_iconfont='fontello'><\/div><h3 class='iconbox_content_title '  itemprop=\"headline\" >De l\u2019a\u00e9roport de Trevise Antonio Canova<\/h3><\/header><div class='iconbox_content_container '  itemprop=\"text\" ><p><b>BUS<\/b>\u00a0( 20 minutes )\u00a0: vous pouvez utiliser le service de navettes ATVO en direction de\u00a0Piazzale Roma. A partir de l\u00e0 continuer comme d\u00e9crit ci-dessus.<\/p>\n<\/div><\/div><footer class=\"entry-footer\"><\/footer><\/article><br \/>\n<article  class='iconbox iconbox_left av-av_icon_box-f65829b75ccc0fc338bc39a6bec86116  avia-builder-el-6  el_after_av_icon_box  avia-builder-el-last '  itemscope=\"itemscope\" itemtype=\"https:\/\/schema.org\/CreativeWork\" ><div class=\"iconbox_content\"><header class=\"entry-content-header\"><div class=\"iconbox_icon heading-color\" aria-hidden='true' data-av_icon='\ue940' data-av_iconfont='fontello'><\/div><h3 class='iconbox_content_title '  itemprop=\"headline\" >Terminal Croisi\u00e8res<\/h3><\/header><div class='iconbox_content_container '  itemprop=\"text\" ><p><b>People Mover\u00a0: <\/b>de le terminal des croisi\u00e8res prenez le \u00ab\u00a0People Mover\u00a0\u00bb et descendez \u00e0 Piazzale Roma.\u00a0 \u00c0 partir de l\u00e0 continuer comme d\u00e9crit ci-dessus.<\/p>\n<\/div><\/div><footer class=\"entry-footer\"><\/footer><\/article><\/p><\/div>\n","protected":false},"excerpt":{"rendered":"","protected":false},"author":1,"featured_media":0,"parent":0,"menu_order":0,"comment_status":"closed","ping_status":"closed","template":"","meta":[],"yoast_head":"<!-- This site is optimized with the Yoast SEO plugin v17.7.1 - https:\/\/yoast.com\/wordpress\/plugins\/seo\/ -->\n<title>Emplacement - Ca&#039; San Giorgio<\/title>\n<meta name=\"robots\" content=\"index, follow, max-snippet:-1, max-image-preview:large, max-video-preview:-1\" \/>\n<link rel=\"canonical\" href=\"https:\/\/www.casangiorgio.com\/fr\/emplacement\/\" \/>\n<meta property=\"og:locale\" content=\"fr_FR\" \/>\n<meta property=\"og:type\" content=\"article\" \/>\n<meta property=\"og:title\" content=\"Emplacement - Ca&#039; San Giorgio\" \/>\n<meta property=\"og:url\" content=\"https:\/\/www.casangiorgio.com\/fr\/emplacement\/\" \/>\n<meta property=\"og:site_name\" content=\"Ca&#039; San Giorgio\" \/>\n<meta property=\"article:modified_time\" content=\"2017-05-31T21:30:41+00:00\" \/>\n<meta name=\"twitter:card\" content=\"summary\" \/>\n<meta name=\"twitter:label1\" content=\"Dur\u00e9e de lecture estim\u00e9e\" \/>\n\t<meta name=\"twitter:data1\" content=\"5 minutes\" \/>\n<script type=\"application\/ld+json\" class=\"yoast-schema-graph\">{\"@context\":\"https:\/\/schema.org\",\"@graph\":[{\"@type\":\"WebSite\",\"@id\":\"https:\/\/www.casangiorgio.com\/fr\/#website\",\"url\":\"https:\/\/www.casangiorgio.com\/fr\/\",\"name\":\"Ca&#039; San Giorgio\",\"description\":\"\",\"potentialAction\":[{\"@type\":\"SearchAction\",\"target\":{\"@type\":\"EntryPoint\",\"urlTemplate\":\"https:\/\/www.casangiorgio.com\/fr\/?s={search_term_string}\"},\"query-input\":\"required name=search_term_string\"}],\"inLanguage\":\"fr-FR\"},{\"@type\":\"WebPage\",\"@id\":\"https:\/\/www.casangiorgio.com\/fr\/emplacement\/#webpage\",\"url\":\"https:\/\/www.casangiorgio.com\/fr\/emplacement\/\",\"name\":\"Emplacement - Ca&#039; San Giorgio\",\"isPartOf\":{\"@id\":\"https:\/\/www.casangiorgio.com\/fr\/#website\"},\"datePublished\":\"2016-09-23T07:41:35+00:00\",\"dateModified\":\"2017-05-31T21:30:41+00:00\",\"breadcrumb\":{\"@id\":\"https:\/\/www.casangiorgio.com\/fr\/emplacement\/#breadcrumb\"},\"inLanguage\":\"fr-FR\",\"potentialAction\":[{\"@type\":\"ReadAction\",\"target\":[\"https:\/\/www.casangiorgio.com\/fr\/emplacement\/\"]}]},{\"@type\":\"BreadcrumbList\",\"@id\":\"https:\/\/www.casangiorgio.com\/fr\/emplacement\/#breadcrumb\",\"itemListElement\":[{\"@type\":\"ListItem\",\"position\":1,\"name\":\"Home\",\"item\":\"https:\/\/www.casangiorgio.com\/fr\/\"},{\"@type\":\"ListItem\",\"position\":2,\"name\":\"Emplacement\"}]}]}<\/script>\n<!-- \/ Yoast SEO plugin. -->","yoast_head_json":{"title":"Emplacement - Ca&#039; San Giorgio","robots":{"index":"index","follow":"follow","max-snippet":"max-snippet:-1","max-image-preview":"max-image-preview:large","max-video-preview":"max-video-preview:-1"},"canonical":"https:\/\/www.casangiorgio.com\/fr\/emplacement\/","og_locale":"fr_FR","og_type":"article","og_title":"Emplacement - Ca&#039; San Giorgio","og_url":"https:\/\/www.casangiorgio.com\/fr\/emplacement\/","og_site_name":"Ca&#039; San Giorgio","article_modified_time":"2017-05-31T21:30:41+00:00","twitter_card":"summary","twitter_misc":{"Dur\u00e9e de lecture estim\u00e9e":"5 minutes"},"schema":{"@context":"https:\/\/schema.org","@graph":[{"@type":"WebSite","@id":"https:\/\/www.casangiorgio.com\/fr\/#website","url":"https:\/\/www.casangiorgio.com\/fr\/","name":"Ca&#039; San Giorgio","description":"","potentialAction":[{"@type":"SearchAction","target":{"@type":"EntryPoint","urlTemplate":"https:\/\/www.casangiorgio.com\/fr\/?s={search_term_string}"},"query-input":"required name=search_term_string"}],"inLanguage":"fr-FR"},{"@type":"WebPage","@id":"https:\/\/www.casangiorgio.com\/fr\/emplacement\/#webpage","url":"https:\/\/www.casangiorgio.com\/fr\/emplacement\/","name":"Emplacement - Ca&#039; San Giorgio","isPartOf":{"@id":"https:\/\/www.casangiorgio.com\/fr\/#website"},"datePublished":"2016-09-23T07:41:35+00:00","dateModified":"2017-05-31T21:30:41+00:00","breadcrumb":{"@id":"https:\/\/www.casangiorgio.com\/fr\/emplacement\/#breadcrumb"},"inLanguage":"fr-FR","potentialAction":[{"@type":"ReadAction","target":["https:\/\/www.casangiorgio.com\/fr\/emplacement\/"]}]},{"@type":"BreadcrumbList","@id":"https:\/\/www.casangiorgio.com\/fr\/emplacement\/#breadcrumb","itemListElement":[{"@type":"ListItem","position":1,"name":"Home","item":"https:\/\/www.casangiorgio.com\/fr\/"},{"@type":"ListItem","position":2,"name":"Emplacement"}]}]}},"_links":{"self":[{"href":"https:\/\/www.casangiorgio.com\/fr\/wp-json\/wp\/v2\/pages\/591"}],"collection":[{"href":"https:\/\/www.casangiorgio.com\/fr\/wp-json\/wp\/v2\/pages"}],"about":[{"href":"https:\/\/www.casangiorgio.com\/fr\/wp-json\/wp\/v2\/types\/page"}],"author":[{"embeddable":true,"href":"https:\/\/www.casangiorgio.com\/fr\/wp-json\/wp\/v2\/users\/1"}],"replies":[{"embeddable":true,"href":"https:\/\/www.casangiorgio.com\/fr\/wp-json\/wp\/v2\/comments?post=591"}],"version-history":[{"count":8,"href":"https:\/\/www.casangiorgio.com\/fr\/wp-json\/wp\/v2\/pages\/591\/revisions"}],"predecessor-version":[{"id":754,"href":"https:\/\/www.casangiorgio.com\/fr\/wp-json\/wp\/v2\/pages\/591\/revisions\/754"}],"wp:attachment":[{"href":"https:\/\/www.casangiorgio.com\/fr\/wp-json\/wp\/v2\/media?parent=591"}],"curies":[{"name":"wp","href":"https:\/\/api.w.org\/{rel}","templated":true}]}}