{"id":623,"date":"2016-09-23T10:12:17","date_gmt":"2016-09-23T08:12:17","guid":{"rendered":"http:\/\/www.casangiorgio.com\/fr\/?page_id=623"},"modified":"2022-11-30T16:22:35","modified_gmt":"2022-11-30T15:22:35","slug":"double-superior","status":"publish","type":"page","link":"https:\/\/www.casangiorgio.com\/fr\/chambres\/double-superior\/","title":{"rendered":"Double Superior"},"content":{"rendered":"<div id='av_section_1'  class='avia-section av-1czn7z-7ef2e6ff0c825f956d216682193c1d44 main_color avia-section-default avia-no-border-styling  avia-builder-el-0  el_before_av_one_half  avia-builder-el-first  avia-bg-style-scroll av-minimum-height av-minimum-height-custom  container_wrap sidebar_right'   data-av_minimum_height_px='130'><div class='container av-section-cont-open' style='height:130px'><main  role=\"main\" itemprop=\"mainContentOfPage\"  class='template-page content  av-content-small alpha units'><div class='post-entry post-entry-type-page post-entry-623'><div class='entry-content-wrapper clearfix'>\n\n<style type=\"text\/css\" data-created_by=\"avia_inline_auto\" id=\"style-css-av-19dlw7-66f65a6edc9961b754b39a34865cbd4c\">\n#top .av-special-heading.av-19dlw7-66f65a6edc9961b754b39a34865cbd4c{\npadding-bottom:10px;\nfont-size:28px;\n}\nbody .av-special-heading.av-19dlw7-66f65a6edc9961b754b39a34865cbd4c .av-special-heading-tag .heading-char{\nfont-size:25px;\n}\n#top #wrap_all .av-special-heading.av-19dlw7-66f65a6edc9961b754b39a34865cbd4c .av-special-heading-tag{\nfont-size:28px;\n}\n.av-special-heading.av-19dlw7-66f65a6edc9961b754b39a34865cbd4c .av-subheading{\nfont-size:15px;\n}\n\n@media only screen and (min-width: 480px) and (max-width: 767px){ \n#top #wrap_all .av-special-heading.av-19dlw7-66f65a6edc9961b754b39a34865cbd4c .av-special-heading-tag{\nfont-size:0.8em;\n}\n}\n\n@media only screen and (max-width: 479px){ \n#top #wrap_all .av-special-heading.av-19dlw7-66f65a6edc9961b754b39a34865cbd4c .av-special-heading-tag{\nfont-size:0.8em;\n}\n}\n<\/style>\n<div  class='av-special-heading av-19dlw7-66f65a6edc9961b754b39a34865cbd4c av-special-heading-h3 blockquote modern-quote  avia-builder-el-1  el_before_av_hr  avia-builder-el-first  av-inherit-size'><h3 class='av-special-heading-tag'  itemprop=\"headline\"  >Double Superior<\/h3><div class=\"special-heading-border\"><div class=\"special-heading-inner-border\"><\/div><\/div><\/div>\n\n<style type=\"text\/css\" data-created_by=\"avia_inline_auto\" id=\"style-css-av-13rlin-d09e5bfd6ca708475a77f1a537481612\">\n#top .hr.av-13rlin-d09e5bfd6ca708475a77f1a537481612{\nmargin-top:30;\nmargin-bottom:0;\n}\n.hr.av-13rlin-d09e5bfd6ca708475a77f1a537481612 .hr-inner{\nwidth:100%;\nborder-color:#cccccc;\n}\n<\/style>\n<div  class='hr av-13rlin-d09e5bfd6ca708475a77f1a537481612 hr-custom  avia-builder-el-2  el_after_av_heading  avia-builder-el-last  hr-center hr-icon-no'><span class='hr-inner inner-border-av-border-thin'><span class=\"hr-inner-style\"><\/span><\/span><\/div>\n<\/div><\/div><\/main><!-- close content main element --><\/div><\/div><div id='after_section_1'  class='main_color av_default_container_wrap container_wrap sidebar_right'  ><div class='container av-section-cont-open' ><div class='template-page content  av-content-small alpha units'><div class='post-entry post-entry-type-page post-entry-623'><div class='entry-content-wrapper clearfix'>\n\n<style type=\"text\/css\" data-created_by=\"avia_inline_auto\" id=\"style-css-av-37zmv-853e44c6007a5802c4d8305460827084\">\n.flex_column.av-37zmv-853e44c6007a5802c4d8305460827084{\n-webkit-border-radius:0px 0px 0px 0px;\n-moz-border-radius:0px 0px 0px 0px;\nborder-radius:0px 0px 0px 0px;\npadding:0px 0px 0px 0px;\n}\n<\/style>\n<div class='flex_column av-37zmv-853e44c6007a5802c4d8305460827084 av_one_half  avia-builder-el-3  el_after_av_section  el_before_av_one_half  avia-builder-el-first  first flex_column_div av-zero-column-padding '     ><style type=\"text\/css\" data-created_by=\"avia_inline_auto\" id=\"style-css-av-kn93mhoh-a9821fdaecb685f0e4cf32cfe456a89a\">\n.avia-image-container.av-kn93mhoh-a9821fdaecb685f0e4cf32cfe456a89a img.avia_image{\nbox-shadow:none;\n}\n.avia-image-container.av-kn93mhoh-a9821fdaecb685f0e4cf32cfe456a89a .av-image-caption-overlay-center{\ncolor:#ffffff;\n}\n<\/style>\n<div  class='avia-image-container av-kn93mhoh-a9821fdaecb685f0e4cf32cfe456a89a av-styling- avia-align-left  avia-builder-el-4  avia-builder-el-no-sibling '   itemprop=\"image\" itemscope=\"itemscope\" itemtype=\"https:\/\/schema.org\/ImageObject\" ><div class=\"avia-image-container-inner\"><div class=\"avia-image-overlay-wrap\"><a href=\"https:\/\/www.casangiorgio.com\/wp-content\/uploads\/2022\/11\/DOPPIA-SUPERIOR-1-1030x687.jpg\" data-srcset=\"https:\/\/www.casangiorgio.com\/wp-content\/uploads\/2022\/11\/DOPPIA-SUPERIOR-1-1030x687.jpg 1030w, https:\/\/www.casangiorgio.com\/wp-content\/uploads\/2022\/11\/DOPPIA-SUPERIOR-1-300x200.jpg 300w, https:\/\/www.casangiorgio.com\/wp-content\/uploads\/2022\/11\/DOPPIA-SUPERIOR-1-768x512.jpg 768w, https:\/\/www.casangiorgio.com\/wp-content\/uploads\/2022\/11\/DOPPIA-SUPERIOR-1-705x470.jpg 705w, https:\/\/www.casangiorgio.com\/wp-content\/uploads\/2022\/11\/DOPPIA-SUPERIOR-1.jpg 1200w\" data-sizes=\"(max-width: 1030px) 100vw, 1030px\" class='avia_image' ><img class='wp-image-2089 avia-img-lazy-loading-not-2089 avia_image ' src=\"https:\/\/www.casangiorgio.com\/wp-content\/uploads\/2022\/11\/DOPPIA-SUPERIOR-1-300x200.jpg\" alt='' title='DOPPIA-SUPERIOR-1'  height=\"200\" width=\"300\"  itemprop=\"thumbnailUrl\" srcset=\"https:\/\/www.casangiorgio.com\/wp-content\/uploads\/2022\/11\/DOPPIA-SUPERIOR-1-300x200.jpg 300w, https:\/\/www.casangiorgio.com\/wp-content\/uploads\/2022\/11\/DOPPIA-SUPERIOR-1-1030x687.jpg 1030w, https:\/\/www.casangiorgio.com\/wp-content\/uploads\/2022\/11\/DOPPIA-SUPERIOR-1-768x512.jpg 768w, https:\/\/www.casangiorgio.com\/wp-content\/uploads\/2022\/11\/DOPPIA-SUPERIOR-1-705x470.jpg 705w, https:\/\/www.casangiorgio.com\/wp-content\/uploads\/2022\/11\/DOPPIA-SUPERIOR-1.jpg 1200w\" sizes=\"(max-width: 300px) 100vw, 300px\" \/><\/a><\/div><\/div><\/div><\/div>\n<style type=\"text\/css\" data-created_by=\"avia_inline_auto\" id=\"style-css-av-2yjcv-7a178f8125b35e0d7ae0b99f83d7404c\">\n.flex_column.av-2yjcv-7a178f8125b35e0d7ae0b99f83d7404c{\n-webkit-border-radius:0px 0px 0px 0px;\n-moz-border-radius:0px 0px 0px 0px;\nborder-radius:0px 0px 0px 0px;\npadding:0px 0px 0px 0px;\n}\n<\/style>\n<div class='flex_column av-2yjcv-7a178f8125b35e0d7ae0b99f83d7404c av_one_half  avia-builder-el-5  el_after_av_one_half  el_before_av_one_full  flex_column_div av-zero-column-padding '     ><section  class='av_textblock_section av-1v907-5fc669b2d03d17d243cdfc577e7883f4'  itemscope=\"itemscope\" itemtype=\"https:\/\/schema.org\/CreativeWork\" ><div class='avia_textblock'  itemprop=\"text\" ><div data-canvas-width=\"477.7765831088711\">Une grande chambre dans un style v\u00e9nitien contemporain\u00a0avec poutres apparentes et dot\u00e9e\u00a0d&rsquo;un lit king size ou de lits jumeaux. La salle de bains avec douche\u00a0est d\u00e9cor\u00e9e avec des mosa\u00ef\u00a0ques de Bisazza. Elle est id\u00e9ale pour les voyages d&rsquo;affaires ou les s\u00e9jours d&rsquo;agr\u00e9ment.<\/div>\n<div data-canvas-width=\"115.0331256580645\">\u00c9quipements:\u00a0s\u00e8che-cheveux, s\u00e8che-serviettes, kit de courtoisie, TV LCD par\u00a0satellite, minibar,\u00a0coffre-fort, climatisation et chauffage \u00e0 r\u00e9glage individuel, Wi-Fi gratuit, bouilloire.<\/div>\n<div data-canvas-width=\"115.0331256580645\"><\/div>\n<div data-canvas-width=\"115.0331256580645\">20 m\u00b2.<\/div>\n<\/div><\/section><br \/>\n\n<style type=\"text\/css\" data-created_by=\"avia_inline_auto\" id=\"style-css-av-gumfz-50b663abc68ce9a583634fe6435eedf4\">\n#top .hr.hr-invisible.av-gumfz-50b663abc68ce9a583634fe6435eedf4{\nheight:50px;\n}\n<\/style>\n<div  class='hr av-gumfz-50b663abc68ce9a583634fe6435eedf4 hr-invisible  avia-builder-el-7  el_after_av_textblock  avia-builder-el-last '><span class='hr-inner '><span class=\"hr-inner-style\"><\/span><\/span><\/div><\/p><\/div><\/p>\n\n<style type=\"text\/css\" data-created_by=\"avia_inline_auto\" id=\"style-css-av-xbjz-b5986dbba2a9972f487006ca35a56ea3\">\n.flex_column.av-xbjz-b5986dbba2a9972f487006ca35a56ea3{\n-webkit-border-radius:0px 0px 0px 0px;\n-moz-border-radius:0px 0px 0px 0px;\nborder-radius:0px 0px 0px 0px;\npadding:0px 0px 0px 0px;\n}\n<\/style>\n<div class='flex_column av-xbjz-b5986dbba2a9972f487006ca35a56ea3 av_one_full  avia-builder-el-8  el_after_av_one_half  avia-builder-el-last  first flex_column_div av-zero-column-padding column-top-margin'     ><style type=\"text\/css\" data-created_by=\"avia_inline_auto\" id=\"style-css-av-8i3i0-eb9d26cf63f495ceb7c2bac21961b245\">\n#top .avia-gallery.av-8i3i0-eb9d26cf63f495ceb7c2bac21961b245 .avia-gallery-thumb a{\nwidth:16.6667%;\n}\n<\/style>\n<div  class='avia-gallery av-8i3i0-eb9d26cf63f495ceb7c2bac21961b245 avia_animate_when_visible  avia-builder-el-9  avia-builder-el-no-sibling  avia_lazyload avia-gallery-animate avia-gallery-1'  itemprop=\"image\" itemscope=\"itemscope\" itemtype=\"https:\/\/schema.org\/ImageObject\" ><meta itemprop=\"contentURL\" content=\"https:\/\/www.casangiorgio.com\/fr\/chambres\/double-superior\/\"><div class='avia-gallery-thumb'><a href=\"https:\/\/www.casangiorgio.com\/wp-content\/uploads\/2022\/11\/DOPPIA-SUPERIOR-1-1030x687.jpg\" data-srcset=\"https:\/\/www.casangiorgio.com\/wp-content\/uploads\/2022\/11\/DOPPIA-SUPERIOR-1-1030x687.jpg 1030w, https:\/\/www.casangiorgio.com\/wp-content\/uploads\/2022\/11\/DOPPIA-SUPERIOR-1-300x200.jpg 300w, https:\/\/www.casangiorgio.com\/wp-content\/uploads\/2022\/11\/DOPPIA-SUPERIOR-1-768x512.jpg 768w, https:\/\/www.casangiorgio.com\/wp-content\/uploads\/2022\/11\/DOPPIA-SUPERIOR-1-705x470.jpg 705w, https:\/\/www.casangiorgio.com\/wp-content\/uploads\/2022\/11\/DOPPIA-SUPERIOR-1.jpg 1200w\" data-sizes=\"(max-width: 1030px) 100vw, 1030px\" data-rel='gallery-1' data-prev-img='https:\/\/www.casangiorgio.com\/wp-content\/uploads\/2022\/11\/DOPPIA-SUPERIOR-1-845x684.jpg' class='first_thumb lightbox ' data-onclick='1' title='DOPPIA-SUPERIOR-1'  itemprop=\"thumbnailUrl\"  ><img class=\"wp-image-2089 avia-img-lazy-loading-not-2089\"   src=\"https:\/\/www.casangiorgio.com\/wp-content\/uploads\/2022\/11\/DOPPIA-SUPERIOR-1-180x180.jpg\" width=\"180\" height=\"180\"  title='DOPPIA-SUPERIOR-1' alt='' srcset=\"https:\/\/www.casangiorgio.com\/wp-content\/uploads\/2022\/11\/DOPPIA-SUPERIOR-1-180x180.jpg 180w, https:\/\/www.casangiorgio.com\/wp-content\/uploads\/2022\/11\/DOPPIA-SUPERIOR-1-80x80.jpg 80w, https:\/\/www.casangiorgio.com\/wp-content\/uploads\/2022\/11\/DOPPIA-SUPERIOR-1-36x36.jpg 36w\" sizes=\"(max-width: 180px) 100vw, 180px\" \/><div class='big-prev-fake'><img loading=\"lazy\" class=\"wp-image-2089 avia-img-lazy-loading-2089\"  width=\"845\" height=\"684\" src=\"https:\/\/www.casangiorgio.com\/wp-content\/uploads\/2022\/11\/DOPPIA-SUPERIOR-1-845x684.jpg\" title='DOPPIA-SUPERIOR-1' alt='' srcset=\"https:\/\/www.casangiorgio.com\/wp-content\/uploads\/2022\/11\/DOPPIA-SUPERIOR-1-845x684.jpg 845w, https:\/\/www.casangiorgio.com\/wp-content\/uploads\/2022\/11\/DOPPIA-SUPERIOR-1-495x400.jpg 495w\" sizes=\"(max-width: 845px) 100vw, 845px\" \/><\/div><\/a><a href=\"https:\/\/www.casangiorgio.com\/wp-content\/uploads\/2022\/11\/DOPPIA-SUPERIOR-2-1030x687.jpg\" data-srcset=\"https:\/\/www.casangiorgio.com\/wp-content\/uploads\/2022\/11\/DOPPIA-SUPERIOR-2-1030x687.jpg 1030w, https:\/\/www.casangiorgio.com\/wp-content\/uploads\/2022\/11\/DOPPIA-SUPERIOR-2-300x200.jpg 300w, https:\/\/www.casangiorgio.com\/wp-content\/uploads\/2022\/11\/DOPPIA-SUPERIOR-2-768x512.jpg 768w, https:\/\/www.casangiorgio.com\/wp-content\/uploads\/2022\/11\/DOPPIA-SUPERIOR-2-705x470.jpg 705w, https:\/\/www.casangiorgio.com\/wp-content\/uploads\/2022\/11\/DOPPIA-SUPERIOR-2.jpg 1200w\" data-sizes=\"(max-width: 1030px) 100vw, 1030px\" data-rel='gallery-1' data-prev-img='https:\/\/www.casangiorgio.com\/wp-content\/uploads\/2022\/11\/DOPPIA-SUPERIOR-2-845x684.jpg' class='lightbox ' data-onclick='2' title='DOPPIA-SUPERIOR-2'  itemprop=\"thumbnailUrl\"  ><img class=\"wp-image-2093 avia-img-lazy-loading-not-2093\"   src=\"https:\/\/www.casangiorgio.com\/wp-content\/uploads\/2022\/11\/DOPPIA-SUPERIOR-2-180x180.jpg\" width=\"180\" height=\"180\"  title='DOPPIA-SUPERIOR-2' alt='' srcset=\"https:\/\/www.casangiorgio.com\/wp-content\/uploads\/2022\/11\/DOPPIA-SUPERIOR-2-180x180.jpg 180w, https:\/\/www.casangiorgio.com\/wp-content\/uploads\/2022\/11\/DOPPIA-SUPERIOR-2-80x80.jpg 80w, https:\/\/www.casangiorgio.com\/wp-content\/uploads\/2022\/11\/DOPPIA-SUPERIOR-2-36x36.jpg 36w\" sizes=\"(max-width: 180px) 100vw, 180px\" \/><div class='big-prev-fake'><img loading=\"lazy\" class=\"wp-image-2093 avia-img-lazy-loading-2093\"  width=\"845\" height=\"684\" src=\"https:\/\/www.casangiorgio.com\/wp-content\/uploads\/2022\/11\/DOPPIA-SUPERIOR-2-845x684.jpg\" title='DOPPIA-SUPERIOR-2' alt='' srcset=\"https:\/\/www.casangiorgio.com\/wp-content\/uploads\/2022\/11\/DOPPIA-SUPERIOR-2-845x684.jpg 845w, https:\/\/www.casangiorgio.com\/wp-content\/uploads\/2022\/11\/DOPPIA-SUPERIOR-2-495x400.jpg 495w\" sizes=\"(max-width: 845px) 100vw, 845px\" \/><\/div><\/a><a href=\"https:\/\/www.casangiorgio.com\/wp-content\/uploads\/2022\/11\/DOPPIA-SUPERIOR-3-1030x687.jpg\" data-srcset=\"https:\/\/www.casangiorgio.com\/wp-content\/uploads\/2022\/11\/DOPPIA-SUPERIOR-3-1030x687.jpg 1030w, https:\/\/www.casangiorgio.com\/wp-content\/uploads\/2022\/11\/DOPPIA-SUPERIOR-3-300x200.jpg 300w, https:\/\/www.casangiorgio.com\/wp-content\/uploads\/2022\/11\/DOPPIA-SUPERIOR-3-768x512.jpg 768w, https:\/\/www.casangiorgio.com\/wp-content\/uploads\/2022\/11\/DOPPIA-SUPERIOR-3-705x470.jpg 705w, https:\/\/www.casangiorgio.com\/wp-content\/uploads\/2022\/11\/DOPPIA-SUPERIOR-3.jpg 1200w\" data-sizes=\"(max-width: 1030px) 100vw, 1030px\" data-rel='gallery-1' data-prev-img='https:\/\/www.casangiorgio.com\/wp-content\/uploads\/2022\/11\/DOPPIA-SUPERIOR-3-845x684.jpg' class='lightbox ' data-onclick='3' title='DOPPIA-SUPERIOR-3'  itemprop=\"thumbnailUrl\"  ><img class=\"wp-image-2097 avia-img-lazy-loading-not-2097\"   src=\"https:\/\/www.casangiorgio.com\/wp-content\/uploads\/2022\/11\/DOPPIA-SUPERIOR-3-180x180.jpg\" width=\"180\" height=\"180\"  title='DOPPIA-SUPERIOR-3' alt='' srcset=\"https:\/\/www.casangiorgio.com\/wp-content\/uploads\/2022\/11\/DOPPIA-SUPERIOR-3-180x180.jpg 180w, https:\/\/www.casangiorgio.com\/wp-content\/uploads\/2022\/11\/DOPPIA-SUPERIOR-3-80x80.jpg 80w, https:\/\/www.casangiorgio.com\/wp-content\/uploads\/2022\/11\/DOPPIA-SUPERIOR-3-36x36.jpg 36w\" sizes=\"(max-width: 180px) 100vw, 180px\" \/><div class='big-prev-fake'><img loading=\"lazy\" class=\"wp-image-2097 avia-img-lazy-loading-2097\"  width=\"845\" height=\"684\" src=\"https:\/\/www.casangiorgio.com\/wp-content\/uploads\/2022\/11\/DOPPIA-SUPERIOR-3-845x684.jpg\" title='DOPPIA-SUPERIOR-3' alt='' srcset=\"https:\/\/www.casangiorgio.com\/wp-content\/uploads\/2022\/11\/DOPPIA-SUPERIOR-3-845x684.jpg 845w, https:\/\/www.casangiorgio.com\/wp-content\/uploads\/2022\/11\/DOPPIA-SUPERIOR-3-495x400.jpg 495w\" sizes=\"(max-width: 845px) 100vw, 845px\" \/><\/div><\/a><a href=\"https:\/\/www.casangiorgio.com\/wp-content\/uploads\/2021\/04\/FOTO-4-3-1030x687.jpg\" data-srcset=\"https:\/\/www.casangiorgio.com\/wp-content\/uploads\/2021\/04\/FOTO-4-3-1030x687.jpg 1030w, https:\/\/www.casangiorgio.com\/wp-content\/uploads\/2021\/04\/FOTO-4-3-300x200.jpg 300w, https:\/\/www.casangiorgio.com\/wp-content\/uploads\/2021\/04\/FOTO-4-3-768x512.jpg 768w, https:\/\/www.casangiorgio.com\/wp-content\/uploads\/2021\/04\/FOTO-4-3-705x470.jpg 705w, https:\/\/www.casangiorgio.com\/wp-content\/uploads\/2021\/04\/FOTO-4-3.jpg 1200w\" data-sizes=\"(max-width: 1030px) 100vw, 1030px\" data-rel='gallery-1' data-prev-img='https:\/\/www.casangiorgio.com\/wp-content\/uploads\/2021\/04\/FOTO-4-3-845x684.jpg' class='lightbox ' data-onclick='4' title='FOTO-4'  itemprop=\"thumbnailUrl\"  ><img class=\"wp-image-1477 avia-img-lazy-loading-not-1477\"   src=\"https:\/\/www.casangiorgio.com\/wp-content\/uploads\/2021\/04\/FOTO-4-3-180x180.jpg\" width=\"180\" height=\"180\"  title='FOTO-4' alt='' srcset=\"https:\/\/www.casangiorgio.com\/wp-content\/uploads\/2021\/04\/FOTO-4-3-180x180.jpg 180w, https:\/\/www.casangiorgio.com\/wp-content\/uploads\/2021\/04\/FOTO-4-3-80x80.jpg 80w, https:\/\/www.casangiorgio.com\/wp-content\/uploads\/2021\/04\/FOTO-4-3-36x36.jpg 36w\" sizes=\"(max-width: 180px) 100vw, 180px\" \/><div class='big-prev-fake'><img loading=\"lazy\" class=\"wp-image-1477 avia-img-lazy-loading-1477\"  width=\"845\" height=\"684\" src=\"https:\/\/www.casangiorgio.com\/wp-content\/uploads\/2021\/04\/FOTO-4-3-845x684.jpg\" title='FOTO-4' alt='' srcset=\"https:\/\/www.casangiorgio.com\/wp-content\/uploads\/2021\/04\/FOTO-4-3-845x684.jpg 845w, https:\/\/www.casangiorgio.com\/wp-content\/uploads\/2021\/04\/FOTO-4-3-495x400.jpg 495w\" sizes=\"(max-width: 845px) 100vw, 845px\" \/><\/div><\/a><a href=\"https:\/\/www.casangiorgio.com\/wp-content\/uploads\/2021\/04\/FOTO-5-3-1030x687.jpg\" data-srcset=\"https:\/\/www.casangiorgio.com\/wp-content\/uploads\/2021\/04\/FOTO-5-3-1030x687.jpg 1030w, https:\/\/www.casangiorgio.com\/wp-content\/uploads\/2021\/04\/FOTO-5-3-300x200.jpg 300w, https:\/\/www.casangiorgio.com\/wp-content\/uploads\/2021\/04\/FOTO-5-3-768x512.jpg 768w, https:\/\/www.casangiorgio.com\/wp-content\/uploads\/2021\/04\/FOTO-5-3-705x470.jpg 705w, https:\/\/www.casangiorgio.com\/wp-content\/uploads\/2021\/04\/FOTO-5-3.jpg 1200w\" data-sizes=\"(max-width: 1030px) 100vw, 1030px\" data-rel='gallery-1' data-prev-img='https:\/\/www.casangiorgio.com\/wp-content\/uploads\/2021\/04\/FOTO-5-3-845x684.jpg' class='lightbox ' data-onclick='5' title='FOTO-5'  itemprop=\"thumbnailUrl\"  ><img class=\"wp-image-1480 avia-img-lazy-loading-not-1480\"   src=\"https:\/\/www.casangiorgio.com\/wp-content\/uploads\/2021\/04\/FOTO-5-3-180x180.jpg\" width=\"180\" height=\"180\"  title='FOTO-5' alt='' srcset=\"https:\/\/www.casangiorgio.com\/wp-content\/uploads\/2021\/04\/FOTO-5-3-180x180.jpg 180w, https:\/\/www.casangiorgio.com\/wp-content\/uploads\/2021\/04\/FOTO-5-3-80x80.jpg 80w, https:\/\/www.casangiorgio.com\/wp-content\/uploads\/2021\/04\/FOTO-5-3-36x36.jpg 36w\" sizes=\"(max-width: 180px) 100vw, 180px\" \/><div class='big-prev-fake'><img loading=\"lazy\" class=\"wp-image-1480 avia-img-lazy-loading-1480\"  width=\"845\" height=\"684\" src=\"https:\/\/www.casangiorgio.com\/wp-content\/uploads\/2021\/04\/FOTO-5-3-845x684.jpg\" title='FOTO-5' alt='' srcset=\"https:\/\/www.casangiorgio.com\/wp-content\/uploads\/2021\/04\/FOTO-5-3-845x684.jpg 845w, https:\/\/www.casangiorgio.com\/wp-content\/uploads\/2021\/04\/FOTO-5-3-495x400.jpg 495w\" sizes=\"(max-width: 845px) 100vw, 845px\" \/><\/div><\/a><a href=\"https:\/\/www.casangiorgio.com\/wp-content\/uploads\/2022\/11\/DOPPIA-SUPERIOR-6-1030x687.jpg\" data-srcset=\"https:\/\/www.casangiorgio.com\/wp-content\/uploads\/2022\/11\/DOPPIA-SUPERIOR-6-1030x687.jpg 1030w, https:\/\/www.casangiorgio.com\/wp-content\/uploads\/2022\/11\/DOPPIA-SUPERIOR-6-300x200.jpg 300w, https:\/\/www.casangiorgio.com\/wp-content\/uploads\/2022\/11\/DOPPIA-SUPERIOR-6-768x512.jpg 768w, https:\/\/www.casangiorgio.com\/wp-content\/uploads\/2022\/11\/DOPPIA-SUPERIOR-6-705x470.jpg 705w, https:\/\/www.casangiorgio.com\/wp-content\/uploads\/2022\/11\/DOPPIA-SUPERIOR-6.jpg 1200w\" data-sizes=\"(max-width: 1030px) 100vw, 1030px\" data-rel='gallery-1' data-prev-img='https:\/\/www.casangiorgio.com\/wp-content\/uploads\/2022\/11\/DOPPIA-SUPERIOR-6-845x684.jpg' class='lightbox ' data-onclick='6' title='DOPPIA-SUPERIOR-6'  itemprop=\"thumbnailUrl\"  ><img class=\"wp-image-2101 avia-img-lazy-loading-not-2101\"   src=\"https:\/\/www.casangiorgio.com\/wp-content\/uploads\/2022\/11\/DOPPIA-SUPERIOR-6-180x180.jpg\" width=\"180\" height=\"180\"  title='DOPPIA-SUPERIOR-6' alt='' srcset=\"https:\/\/www.casangiorgio.com\/wp-content\/uploads\/2022\/11\/DOPPIA-SUPERIOR-6-180x180.jpg 180w, https:\/\/www.casangiorgio.com\/wp-content\/uploads\/2022\/11\/DOPPIA-SUPERIOR-6-80x80.jpg 80w, https:\/\/www.casangiorgio.com\/wp-content\/uploads\/2022\/11\/DOPPIA-SUPERIOR-6-36x36.jpg 36w\" sizes=\"(max-width: 180px) 100vw, 180px\" \/><div class='big-prev-fake'><img loading=\"lazy\" class=\"wp-image-2101 avia-img-lazy-loading-2101\"  width=\"845\" height=\"684\" src=\"https:\/\/www.casangiorgio.com\/wp-content\/uploads\/2022\/11\/DOPPIA-SUPERIOR-6-845x684.jpg\" title='DOPPIA-SUPERIOR-6' alt='' srcset=\"https:\/\/www.casangiorgio.com\/wp-content\/uploads\/2022\/11\/DOPPIA-SUPERIOR-6-845x684.jpg 845w, https:\/\/www.casangiorgio.com\/wp-content\/uploads\/2022\/11\/DOPPIA-SUPERIOR-6-495x400.jpg 495w\" sizes=\"(max-width: 845px) 100vw, 845px\" \/><\/div><\/a><\/div><\/div><\/div>\n","protected":false},"excerpt":{"rendered":"","protected":false},"author":1,"featured_media":0,"parent":587,"menu_order":0,"comment_status":"closed","ping_status":"closed","template":"","meta":[],"yoast_head":"<!-- This site is optimized with the Yoast SEO plugin v17.7.1 - https:\/\/yoast.com\/wordpress\/plugins\/seo\/ -->\n<title>Double Superior - Ca&#039; San Giorgio<\/title>\n<meta name=\"robots\" content=\"index, follow, max-snippet:-1, max-image-preview:large, max-video-preview:-1\" \/>\n<link rel=\"canonical\" href=\"https:\/\/www.casangiorgio.com\/fr\/chambres\/double-superior\/\" \/>\n<meta property=\"og:locale\" content=\"fr_FR\" \/>\n<meta property=\"og:type\" content=\"article\" \/>\n<meta property=\"og:title\" content=\"Double Superior - Ca&#039; San Giorgio\" \/>\n<meta property=\"og:url\" content=\"https:\/\/www.casangiorgio.com\/fr\/chambres\/double-superior\/\" \/>\n<meta property=\"og:site_name\" content=\"Ca&#039; San Giorgio\" \/>\n<meta property=\"article:modified_time\" content=\"2022-11-30T15:22:35+00:00\" \/>\n<meta name=\"twitter:card\" content=\"summary\" \/>\n<meta name=\"twitter:label1\" content=\"Dur\u00e9e de lecture estim\u00e9e\" \/>\n\t<meta name=\"twitter:data1\" content=\"5 minutes\" \/>\n<script type=\"application\/ld+json\" class=\"yoast-schema-graph\">{\"@context\":\"https:\/\/schema.org\",\"@graph\":[{\"@type\":\"WebSite\",\"@id\":\"https:\/\/www.casangiorgio.com\/fr\/#website\",\"url\":\"https:\/\/www.casangiorgio.com\/fr\/\",\"name\":\"Ca&#039; San Giorgio\",\"description\":\"\",\"potentialAction\":[{\"@type\":\"SearchAction\",\"target\":{\"@type\":\"EntryPoint\",\"urlTemplate\":\"https:\/\/www.casangiorgio.com\/fr\/?s={search_term_string}\"},\"query-input\":\"required name=search_term_string\"}],\"inLanguage\":\"fr-FR\"},{\"@type\":\"WebPage\",\"@id\":\"https:\/\/www.casangiorgio.com\/fr\/chambres\/double-superior\/#webpage\",\"url\":\"https:\/\/www.casangiorgio.com\/fr\/chambres\/double-superior\/\",\"name\":\"Double Superior - Ca&#039; San Giorgio\",\"isPartOf\":{\"@id\":\"https:\/\/www.casangiorgio.com\/fr\/#website\"},\"datePublished\":\"2016-09-23T08:12:17+00:00\",\"dateModified\":\"2022-11-30T15:22:35+00:00\",\"breadcrumb\":{\"@id\":\"https:\/\/www.casangiorgio.com\/fr\/chambres\/double-superior\/#breadcrumb\"},\"inLanguage\":\"fr-FR\",\"potentialAction\":[{\"@type\":\"ReadAction\",\"target\":[\"https:\/\/www.casangiorgio.com\/fr\/chambres\/double-superior\/\"]}]},{\"@type\":\"BreadcrumbList\",\"@id\":\"https:\/\/www.casangiorgio.com\/fr\/chambres\/double-superior\/#breadcrumb\",\"itemListElement\":[{\"@type\":\"ListItem\",\"position\":1,\"name\":\"Home\",\"item\":\"https:\/\/www.casangiorgio.com\/fr\/\"},{\"@type\":\"ListItem\",\"position\":2,\"name\":\"Chambres\",\"item\":\"https:\/\/www.casangiorgio.com\/fr\/chambres\/\"},{\"@type\":\"ListItem\",\"position\":3,\"name\":\"Double Superior\"}]}]}<\/script>\n<!-- \/ Yoast SEO plugin. -->","yoast_head_json":{"title":"Double Superior - Ca&#039; San Giorgio","robots":{"index":"index","follow":"follow","max-snippet":"max-snippet:-1","max-image-preview":"max-image-preview:large","max-video-preview":"max-video-preview:-1"},"canonical":"https:\/\/www.casangiorgio.com\/fr\/chambres\/double-superior\/","og_locale":"fr_FR","og_type":"article","og_title":"Double Superior - Ca&#039; San Giorgio","og_url":"https:\/\/www.casangiorgio.com\/fr\/chambres\/double-superior\/","og_site_name":"Ca&#039; San Giorgio","article_modified_time":"2022-11-30T15:22:35+00:00","twitter_card":"summary","twitter_misc":{"Dur\u00e9e de lecture estim\u00e9e":"5 minutes"},"schema":{"@context":"https:\/\/schema.org","@graph":[{"@type":"WebSite","@id":"https:\/\/www.casangiorgio.com\/fr\/#website","url":"https:\/\/www.casangiorgio.com\/fr\/","name":"Ca&#039; San Giorgio","description":"","potentialAction":[{"@type":"SearchAction","target":{"@type":"EntryPoint","urlTemplate":"https:\/\/www.casangiorgio.com\/fr\/?s={search_term_string}"},"query-input":"required name=search_term_string"}],"inLanguage":"fr-FR"},{"@type":"WebPage","@id":"https:\/\/www.casangiorgio.com\/fr\/chambres\/double-superior\/#webpage","url":"https:\/\/www.casangiorgio.com\/fr\/chambres\/double-superior\/","name":"Double Superior - Ca&#039; San Giorgio","isPartOf":{"@id":"https:\/\/www.casangiorgio.com\/fr\/#website"},"datePublished":"2016-09-23T08:12:17+00:00","dateModified":"2022-11-30T15:22:35+00:00","breadcrumb":{"@id":"https:\/\/www.casangiorgio.com\/fr\/chambres\/double-superior\/#breadcrumb"},"inLanguage":"fr-FR","potentialAction":[{"@type":"ReadAction","target":["https:\/\/www.casangiorgio.com\/fr\/chambres\/double-superior\/"]}]},{"@type":"BreadcrumbList","@id":"https:\/\/www.casangiorgio.com\/fr\/chambres\/double-superior\/#breadcrumb","itemListElement":[{"@type":"ListItem","position":1,"name":"Home","item":"https:\/\/www.casangiorgio.com\/fr\/"},{"@type":"ListItem","position":2,"name":"Chambres","item":"https:\/\/www.casangiorgio.com\/fr\/chambres\/"},{"@type":"ListItem","position":3,"name":"Double Superior"}]}]}},"_links":{"self":[{"href":"https:\/\/www.casangiorgio.com\/fr\/wp-json\/wp\/v2\/pages\/623"}],"collection":[{"href":"https:\/\/www.casangiorgio.com\/fr\/wp-json\/wp\/v2\/pages"}],"about":[{"href":"https:\/\/www.casangiorgio.com\/fr\/wp-json\/wp\/v2\/types\/page"}],"author":[{"embeddable":true,"href":"https:\/\/www.casangiorgio.com\/fr\/wp-json\/wp\/v2\/users\/1"}],"replies":[{"embeddable":true,"href":"https:\/\/www.casangiorgio.com\/fr\/wp-json\/wp\/v2\/comments?post=623"}],"version-history":[{"count":10,"href":"https:\/\/www.casangiorgio.com\/fr\/wp-json\/wp\/v2\/pages\/623\/revisions"}],"predecessor-version":[{"id":2107,"href":"https:\/\/www.casangiorgio.com\/fr\/wp-json\/wp\/v2\/pages\/623\/revisions\/2107"}],"up":[{"embeddable":true,"href":"https:\/\/www.casangiorgio.com\/fr\/wp-json\/wp\/v2\/pages\/587"}],"wp:attachment":[{"href":"https:\/\/www.casangiorgio.com\/fr\/wp-json\/wp\/v2\/media?parent=623"}],"curies":[{"name":"wp","href":"https:\/\/api.w.org\/{rel}","templated":true}]}}